{"id":14,"date":"2024-09-02T17:07:13","date_gmt":"2024-09-02T15:07:13","guid":{"rendered":"https:\/\/wpd.ugr.es\/~rocio\/wordpress\/?page_id=14"},"modified":"2024-11-01T15:16:31","modified_gmt":"2024-11-01T14:16:31","slug":"docencia","status":"publish","type":"page","link":"https:\/\/wpd.ugr.es\/~rocio\/wordpress\/docencia\/","title":{"rendered":"Docencia"},"content":{"rendered":"\n<div class=\"wp-block-group is-vertical is-layout-flex wp-container-1\">\n<h2 class=\"wp-block-heading\">Grado<\/h2>\n\n\n\n<ul>\n<li><a href=\"https:\/\/www.ugr.es\/estudiantes\/grados\/grado-informacion-documentacion\/aplicac-sistemas-documentacpara-empresas\" target=\"_blank\" rel=\"noreferrer noopener\">Aplicaciones para Sistemas de Documentaci\u00f3n para las Empresas<\/a> &#8211; Grado en Informaci\u00f3n y Documentaci\u00f3n<\/li>\n\n\n\n<li><a href=\"https:\/\/www.ugr.es\/estudiantes\/grados\/grado-comunicacion-audiovisual\/bases-tecnicas-medios-audiovisuales\" target=\"_blank\" rel=\"noreferrer noopener\">Bases T\u00e9cnicas de los Medios Audiovisuales<\/a> &#8211; Grado en Comunicaci\u00f3n Audiovisual<\/li>\n<\/ul>\n<\/div>\n\n\n\n<h2 class=\"wp-block-heading\">Posgrado<\/h2>\n\n\n\n<ul>\n<li><a href=\"https:\/\/masteres.ugr.es\/datcom\/docencia\/plan-estudios\/guia-docente\/M51\/56\/3\/31\" target=\"_blank\" rel=\"noreferrer noopener\">Introducci\u00f3n a la Programaci\u00f3n para Ciencia de Datos<\/a> &#8211; M\u00e1ster Universitario en Ciencia de Datos e Ingenier\u00eda de Computadores<\/li>\n\n\n\n<li><a href=\"https:\/\/masteres.ugr.es\/estructuras\/docencia\/plan-estudios\/guia-docente\/M63\/56\/1\/9\" target=\"_blank\" rel=\"noreferrer noopener\">Optimizaci\u00f3n y Computaci\u00f3n Inteligente<\/a> &#8211; M\u00e1ster Universitario en Estructuras<\/li>\n\n\n\n<li><a href=\"https:\/\/masteres.ugr.es\/informacion\/titulaciones\/master-universitario-profesorado-ensenanza-secundaria-obligatoria-bachillerato-formacion-profesional-ensenanzas-idiomas\/granada-15\/guia-docente\/SG1\/56\/1\/41\" target=\"_blank\" rel=\"noreferrer noopener\">Complementos de Formaci\u00f3n de la Tecnolog\u00eda y Procesos Industriales e Inform\u00e1tica (Tecnolog\u00eda)<\/a> &#8211; M\u00e1ster Universitario en Profesorado de Ense\u00f1anza Secundaria Obligatoria y Bachillerato, Formaci\u00f3n Profesional y Ense\u00f1anzas de Idiomas<\/li>\n\n\n\n<li><a href=\"https:\/\/masteres.ugr.es\/informacion\/titulaciones\/master-universitario-profesorado-ensenanza-secundaria-obligatoria-bachillerato-formacion-profesional-ensenanzas-idiomas\/granada-54\/guia-docente\/SG1\/56\/1\/42\" target=\"_blank\" rel=\"noreferrer noopener\">Complementos de Formaci\u00f3n de la Tecnolog\u00eda y Procesos Industriales e Inform\u00e1tica (Inform\u00e1tica)<\/a> &#8211; M\u00e1ster Universitario en Profesorado de Ense\u00f1anza Secundaria Obligatoria y Bachillerato, Formaci\u00f3n Profesional y Ense\u00f1anzas de Idiomas<\/li>\n<\/ul>\n","protected":false},"excerpt":{"rendered":"<p>Grado Posgrado<\/p>\n","protected":false},"author":1,"featured_media":0,"parent":0,"menu_order":0,"comment_status":"closed","ping_status":"closed","template":"","meta":[],"_links":{"self":[{"href":"https:\/\/wpd.ugr.es\/~rocio\/wordpress\/wp-json\/wp\/v2\/pages\/14"}],"collection":[{"href":"https:\/\/wpd.ugr.es\/~rocio\/wordpress\/wp-json\/wp\/v2\/pages"}],"about":[{"href":"https:\/\/wpd.ugr.es\/~rocio\/wordpress\/wp-json\/wp\/v2\/types\/page"}],"author":[{"embeddable":true,"href":"https:\/\/wpd.ugr.es\/~rocio\/wordpress\/wp-json\/wp\/v2\/users\/1"}],"replies":[{"embeddable":true,"href":"https:\/\/wpd.ugr.es\/~rocio\/wordpress\/wp-json\/wp\/v2\/comments?post=14"}],"version-history":[{"count":2,"href":"https:\/\/wpd.ugr.es\/~rocio\/wordpress\/wp-json\/wp\/v2\/pages\/14\/revisions"}],"predecessor-version":[{"id":16,"href":"https:\/\/wpd.ugr.es\/~rocio\/wordpress\/wp-json\/wp\/v2\/pages\/14\/revisions\/16"}],"wp:attachment":[{"href":"https:\/\/wpd.ugr.es\/~rocio\/wordpress\/wp-json\/wp\/v2\/media?parent=14"}],"curies":[{"name":"wp","href":"https:\/\/api.w.org\/{rel}","templated":true}]}}