{"id":27,"date":"2024-09-02T17:29:31","date_gmt":"2024-09-02T15:29:31","guid":{"rendered":"https:\/\/wpd.ugr.es\/~rocio\/wordpress\/?page_id=27"},"modified":"2024-09-02T17:41:33","modified_gmt":"2024-09-02T15:41:33","slug":"sobre-mi","status":"publish","type":"page","link":"https:\/\/wpd.ugr.es\/~rocio\/wordpress\/sobre-mi\/","title":{"rendered":"Sobre M\u00ed"},"content":{"rendered":"\n<figure class=\"wp-block-image aligncenter size-large\"><img decoding=\"async\" src=\"https:\/\/wpd.ugr.es\/~rocio\/wordpress\/wp-content\/uploads\/2024\/09\/rocio_rosa_circulo-1024x1010.png\" alt=\"Roc\u00edo Romero Zaliz\" width=\"200\" class=\"wp-image-29\" srcset=\"https:\/\/wpd.ugr.es\/~rocio\/wordpress\/wp-content\/uploads\/2024\/09\/rocio_rosa_circulo-1024x1010.png 1024w, https:\/\/wpd.ugr.es\/~rocio\/wordpress\/wp-content\/uploads\/2024\/09\/rocio_rosa_circulo-300x296.png 300w, https:\/\/wpd.ugr.es\/~rocio\/wordpress\/wp-content\/uploads\/2024\/09\/rocio_rosa_circulo-768x757.png 768w, https:\/\/wpd.ugr.es\/~rocio\/wordpress\/wp-content\/uploads\/2024\/09\/rocio_rosa_circulo-1536x1514.png 1536w, https:\/\/wpd.ugr.es\/~rocio\/wordpress\/wp-content\/uploads\/2024\/09\/rocio_rosa_circulo-2048x2019.png 2048w\" sizes=\"(max-width: 1024px) 100vw, 1024px\" \/><\/figure>\n\n\n\n<blockquote class=\"wp-block-quote\">\n<p>Biograf\u00eda<\/p>\n<cite>Nac\u00ed en la Ciudad Aut\u00f3noma de Buenos Aires donde estudi\u00e9 la Licenciatura en Ciencias de la Computaci\u00f3n y ejerc\u00ed como docente hasta el a\u00f1o 2005. En ese mismo a\u00f1o me doctor\u00e9 por la Universidad de Granada y desde el 2006 soy profesora en esta universidad. Actualmente soy Profesora Titular de Universidad.<\/cite><\/blockquote>\n\n\n\n<blockquote class=\"wp-block-quote\">\n<p>Gesti\u00f3n<\/p>\n<cite>Desde hace unos pocos a\u00f1os son Subdirectora de Investigaci\u00f3n, Transferencia y Docencia del <a href=\"https:\/\/citic.ugr.es\/\" target=\"_blank\" rel=\"noreferrer noopener\">Centro de Investigaci\u00f3n Tecnolog\u00edas de Infor. y Comunicaciones (CITIC-UGR)<\/a>.<\/cite><\/blockquote>\n\n\n\n<blockquote class=\"wp-block-quote\">\n<p>Investigaci\u00f3n<\/p>\n<cite>Tambi\u00e9n soy miembro del <a href=\"https:\/\/dasci.es\/es\/\" target=\"_blank\" rel=\"noreferrer noopener\">Instituto Andaluz Interuniversitario en Data Science and Computational Intelligence (DaSCI)<\/a>.<\/cite><\/blockquote>\n","protected":false},"excerpt":{"rendered":"<p>Biograf\u00eda Nac\u00ed en la Ciudad Aut\u00f3noma de Buenos Aires donde estudi\u00e9 la Licenciatura en Ciencias de la Computaci\u00f3n y ejerc\u00ed como docente hasta el a\u00f1o 2005. En ese mismo a\u00f1o me doctor\u00e9 por la Universidad de Granada y desde el 2006 soy profesora en esta universidad. Actualmente soy Profesora Titular de Universidad. Gesti\u00f3n Desde hace&#8230;<\/p>\n","protected":false},"author":1,"featured_media":0,"parent":0,"menu_order":0,"comment_status":"closed","ping_status":"closed","template":"","meta":[],"_links":{"self":[{"href":"https:\/\/wpd.ugr.es\/~rocio\/wordpress\/wp-json\/wp\/v2\/pages\/27"}],"collection":[{"href":"https:\/\/wpd.ugr.es\/~rocio\/wordpress\/wp-json\/wp\/v2\/pages"}],"about":[{"href":"https:\/\/wpd.ugr.es\/~rocio\/wordpress\/wp-json\/wp\/v2\/types\/page"}],"author":[{"embeddable":true,"href":"https:\/\/wpd.ugr.es\/~rocio\/wordpress\/wp-json\/wp\/v2\/users\/1"}],"replies":[{"embeddable":true,"href":"https:\/\/wpd.ugr.es\/~rocio\/wordpress\/wp-json\/wp\/v2\/comments?post=27"}],"version-history":[{"count":2,"href":"https:\/\/wpd.ugr.es\/~rocio\/wordpress\/wp-json\/wp\/v2\/pages\/27\/revisions"}],"predecessor-version":[{"id":30,"href":"https:\/\/wpd.ugr.es\/~rocio\/wordpress\/wp-json\/wp\/v2\/pages\/27\/revisions\/30"}],"wp:attachment":[{"href":"https:\/\/wpd.ugr.es\/~rocio\/wordpress\/wp-json\/wp\/v2\/media?parent=27"}],"curies":[{"name":"wp","href":"https:\/\/api.w.org\/{rel}","templated":true}]}}