{"id":117,"date":"2018-01-23T21:23:52","date_gmt":"2018-01-23T19:23:52","guid":{"rendered":"http:\/\/wpd.ugr.es\/~secyta2018\/?page_id=117"},"modified":"2018-09-03T19:58:36","modified_gmt":"2018-09-03T17:58:36","slug":"committees","status":"publish","type":"page","link":"https:\/\/wpd.ugr.es\/~secyta2018\/committees\/","title":{"rendered":"Committees"},"content":{"rendered":"<p><strong>Conference Chair:<\/strong> Ana M. Garc\u00eda Campa\u00f1a<\/p>\n<p><strong>Secretary:<\/strong> Laura G\u00e1miz Gracia, Francisco J. Lara Vargas, Monsalud del Olmo Iruela<\/p>\n<hr \/>\n<p><strong>Organizing Committee<\/strong><\/p>\n<p>Francisco J. Santos Vicente (President of SECyTA)<\/p>\n<p>Juan Vicente Sancho Llopis (Secretary of SECyTA)<\/p>\n<p>Jordi D\u00edaz Ferrero (Treasurer of SECyTA)<\/p>\n<p>Encarnaci\u00f3n Moyano Morcillo (President of SEEM)<\/p>\n<p>Luis Ferm\u00edn Capit\u00e1n Vallvey (Conference chair of GRASEQA 2018 )<\/p>\n<p>David Arr\u00e1ez Rom\u00e1n<\/p>\n<p>Alberto Zafra G\u00f3mez<\/p>\n<p>Natalia Arroyo Manzanares<\/p>\n<p>Maykel Hern\u00e1ndez Mesa<\/p>\n<p>David Moreno Gonz\u00e1lez<\/p>\n<p>Carmen Tejada Casado<\/p>\n<p>Laura Carbonell Rozas<\/p>\n<hr \/>\n<p><strong>Scientific Committee<\/strong><\/p>\n<p>Esteban Abad Holgado, IDAEA\u2013CSIC, Barcelona<\/p>\n<p>Alegr\u00eda Carrasco Pancorbo, Universidad de Granada<\/p>\n<p>Jordi D\u00edaz Ferrero, IQS\u2013Universidad Ram\u00f3n LLull, Barcelona<\/p>\n<p>N\u00faria Fontanals Torroja, Universidad Rovira i Virgili, Tarragona<\/p>\n<p>M\u00aa Teresa Galceran Huguet,  Universidad de Barcelona<\/p>\n<p>Laura G\u00e1miz Gracia, Universidad de Granada<\/p>\n<p>Ana M. Garc\u00eda Campa\u00f1a, Universidad de Granada<\/p>\n<p>Bel\u00e9n G\u00f3mara Moreno, IQOG\u2013CSIC, Madrid<\/p>\n<p>Joan Grimalt Obrador, IDAEA\u2013CSIC, Barcelona<\/p>\n<p>M\u00aa Jos\u00e9 Gonz\u00e1lez Carlos, IQOG\u2013CSIC, Madrid<\/p>\n<p>Jos\u00e9 A. Gonz\u00e1lez P\u00e9rez, IRNAS-CSIC, Sevilla<\/p>\n<p>Elena Ib\u00e1\u00f1ez Ezequiel, CIAL\u2013CSIC, Madrid<\/p>\n<p>Bego\u00f1a Jim\u00e9nez Luque, IQOG\u2013CSIC, Madrid<\/p>\n<p>Francisco J. Lara Vargas, Universidad de Granada<\/p>\n<p>Marta Lores Agu\u00edn, Universidad de Santiago de Compostela<\/p>\n<p>Francisco Javier Moreno And\u00fajar, CIAL\u2013CSIC, Madrid<\/p>\n<p>Encarnaci\u00f3n Moyano Morcillo, Universidad de Barcelona<\/p>\n<p>Monsalud del Olmo Iruela, Universidad de Granada<\/p>\n<p>Francisco Javier Santos Vicente, Universidad de Barcelona<\/p>\n<p>Juan Vicente Sancho Llopis, Universidad Jaume I, Castell\u00f3n<\/p>\n<hr \/>\n<p><strong>Conference Secretary Office<\/strong><\/p>\n<p>Fernando Tapia &#8211; Viajes Genil<\/p>\n","protected":false},"excerpt":{"rendered":"<p>Conference Chair: Ana M. Garc\u00eda Campa\u00f1a Secretary: Laura G\u00e1miz Gracia, Francisco J. Lara Vargas, Monsalud del Olmo Iruela Organizing Committee Francisco J. Santos Vicente (President of SECyTA) Juan Vicente Sancho Llopis (Secretary of SECyTA) Jordi D\u00edaz Ferrero (Treasurer of SECyTA) Encarnaci\u00f3n Moyano Morcillo (President of SEEM) Luis Ferm\u00edn Capit\u00e1n Vallvey (Conference chair of GRASEQA 2018 &hellip; <a href=\"https:\/\/wpd.ugr.es\/~secyta2018\/committees\/\" class=\"more-link\">Seguir leyendo <span class=\"screen-reader-text\">Committees<\/span> <span class=\"meta-nav\">&rarr;<\/span><\/a><\/p>\n","protected":false},"author":1,"featured_media":0,"parent":0,"menu_order":0,"comment_status":"closed","ping_status":"closed","template":"","meta":[],"_links":{"self":[{"href":"https:\/\/wpd.ugr.es\/~secyta2018\/wp-json\/wp\/v2\/pages\/117"}],"collection":[{"href":"https:\/\/wpd.ugr.es\/~secyta2018\/wp-json\/wp\/v2\/pages"}],"about":[{"href":"https:\/\/wpd.ugr.es\/~secyta2018\/wp-json\/wp\/v2\/types\/page"}],"author":[{"embeddable":true,"href":"https:\/\/wpd.ugr.es\/~secyta2018\/wp-json\/wp\/v2\/users\/1"}],"replies":[{"embeddable":true,"href":"https:\/\/wpd.ugr.es\/~secyta2018\/wp-json\/wp\/v2\/comments?post=117"}],"version-history":[{"count":6,"href":"https:\/\/wpd.ugr.es\/~secyta2018\/wp-json\/wp\/v2\/pages\/117\/revisions"}],"predecessor-version":[{"id":1769,"href":"https:\/\/wpd.ugr.es\/~secyta2018\/wp-json\/wp\/v2\/pages\/117\/revisions\/1769"}],"wp:attachment":[{"href":"https:\/\/wpd.ugr.es\/~secyta2018\/wp-json\/wp\/v2\/media?parent=117"}],"curies":[{"name":"wp","href":"https:\/\/api.w.org\/{rel}","templated":true}]}}