{"id":137,"date":"2018-01-24T20:48:51","date_gmt":"2018-01-24T18:48:51","guid":{"rendered":"http:\/\/wpd.ugr.es\/~secyta2018\/?page_id=137"},"modified":"2018-08-15T19:44:32","modified_gmt":"2018-08-15T17:44:32","slug":"inicio","status":"publish","type":"page","link":"https:\/\/wpd.ugr.es\/~secyta2018\/inicio\/","title":{"rendered":"Inicio"},"content":{"rendered":"<p>En nombre del Comit\u00e9 Organizador y de la Universidad de Granada nos gustar\u00eda invitar a la comunidad cient\u00edfica a asistir a la XVIII Reuni\u00f3n de la Sociedad Espa\u00f1ola de Cromatograf\u00eda y T\u00e9cnicas Afines (SECyTA 2018) que tendr\u00e1 lugar en el <a href=\"https:\/\/www.pcgr.org\/\" target=\"_blank\" rel=\"noopener\">Palacio de Congresos de Granada<\/a>, del 2 al 4 de Octubre de 2018.<\/p>\n<p>La reuni\u00f3n proporcionar\u00e1 un foro para el intercambio de conocimientos cient\u00edficos y tecnol\u00f3gicos en el \u00e1mbito de las t\u00e9cnicas anal\u00edticas separativas. Se cubrir\u00e1n aspectos fundamentales de la cromatograf\u00eda de gases, de l\u00edquidos, electroforesis capilar y otras t\u00e9cnicas afines como por ejemplo nuevas tendencias, desarrollos y aplicaciones. Igualmente tendr\u00e1n acogida los avances en la preparaci\u00f3n de muestra, los diferentes sistemas de detecci\u00f3n, especialmente la espectrometr\u00eda de masas, y los acoplamientos instrumentales. Tambi\u00e9n se tratar\u00e1n diversas aplicaciones en an\u00e1lisis cl\u00ednico, farmac\u00e9utico, medioambiental y de alimentos, entre otras.<\/p>\n<p>El programa cient\u00edfico incluir\u00e1 conferencias plenarias, invitadas y comunicaciones orales (incluyendo una sesi\u00f3n para j\u00f3venes investigadores), as\u00ed como sesiones de p\u00f3steres, discusi\u00f3n flash de p\u00f3steres seleccionados y exposici\u00f3n comercial.<br \/>\nEn colaboraci\u00f3n con la Sociedad Espa\u00f1ola de Espectrometr\u00eda de Masas (<a href=\"http:\/\/www.e-seem.org\/\" target=\"_blank\" rel=\"noopener\">SEEM<\/a>) se organiza el d\u00eda 1 de Octubre un <a href=\"..\/curso\/\">curso de espectrometr\u00eda de masas<\/a>, teniendo en este caso como sede la <a href=\"https:\/\/fciencias.ugr.es\/\" target=\"_blank\" rel=\"noopener\">Facultad de Ciencias<\/a>.<\/p>\n<p>Dado que en esta ocasi\u00f3n la decimosexta reuni\u00f3n del <a href=\"http:\/\/wpd.ugr.es\/local\/graseqa2018\/\" target=\"_blank\" rel=\"noopener\">Grupo Andaluz de la Sociedad Espa\u00f1ola de Qu\u00edmica Anal\u00edtica (GRASEQA 2018)<\/a> tambi\u00e9n se celebra en Granada,\u00a0presidida por el Prof. Luis Ferm\u00edn Capit\u00e1n, durante los d\u00edas 4-5 de Octubre, hemos organizado coordinadamente ambos eventos, en el Palacio de Congresos, estableciendo una relaci\u00f3n sin\u00e9rgica que esperamos sea provechosa para los asistentes a ambas reuniones.<\/p>\n<p><a href=\"http:\/\/www.turgranada.es\/\" target=\"_blank\" rel=\"noopener\">Granada<\/a> es una ciudad emblem\u00e1tica, cruce de civilizaciones que han dejado huella de su paso por la ciudad. Situada en una localizaci\u00f3n inmejorable, a s\u00f3lo 35 km del Mulhac\u00e9n, la monta\u00f1a m\u00e1s alta de la Pen\u00ednsula Ib\u00e9rica y a 55 km de la costa subtropical, Granada se configura como una metr\u00f3polis vibrante, multicultural y por excelencia universitaria, constituyendo un destino acogedor con la Alhambra que domina desde su emplazamiento privilegiado. El programa social incluir\u00e1 algunos eventos que nos permitan disfrutar juntos de la ciudad, la tradici\u00f3n y la gastronom\u00eda.<\/p>\n<p>\u00a1Os esperamos en Granada!<\/p>\n<p><strong><em>Ana M. Garc\u00eda-Campa\u00f1a<\/em><\/strong> (Conference Chair)<br \/>\n<iframe loading=\"lazy\" src=\"https:\/\/player.vimeo.com\/video\/254810875\" width=\"960\" height=\"540\" frameborder=\"0\" allowfullscreen=\"allowfullscreen\"><\/iframe><\/p>\n<p>&nbsp;<\/p>\n","protected":false},"excerpt":{"rendered":"<p>En nombre del Comit\u00e9 Organizador y de la Universidad de Granada nos gustar\u00eda invitar a la comunidad cient\u00edfica a asistir a la XVIII Reuni\u00f3n de la Sociedad Espa\u00f1ola de Cromatograf\u00eda y T\u00e9cnicas Afines (SECyTA 2018) que tendr\u00e1 lugar en el Palacio de Congresos de Granada, del 2 al 4 de Octubre de 2018. La reuni\u00f3n &hellip; <a href=\"https:\/\/wpd.ugr.es\/~secyta2018\/inicio\/\" class=\"more-link\">Seguir leyendo <span class=\"screen-reader-text\">Inicio<\/span> <span class=\"meta-nav\">&rarr;<\/span><\/a><\/p>\n","protected":false},"author":1,"featured_media":0,"parent":0,"menu_order":0,"comment_status":"closed","ping_status":"closed","template":"","meta":[],"_links":{"self":[{"href":"https:\/\/wpd.ugr.es\/~secyta2018\/wp-json\/wp\/v2\/pages\/137"}],"collection":[{"href":"https:\/\/wpd.ugr.es\/~secyta2018\/wp-json\/wp\/v2\/pages"}],"about":[{"href":"https:\/\/wpd.ugr.es\/~secyta2018\/wp-json\/wp\/v2\/types\/page"}],"author":[{"embeddable":true,"href":"https:\/\/wpd.ugr.es\/~secyta2018\/wp-json\/wp\/v2\/users\/1"}],"replies":[{"embeddable":true,"href":"https:\/\/wpd.ugr.es\/~secyta2018\/wp-json\/wp\/v2\/comments?post=137"}],"version-history":[{"count":25,"href":"https:\/\/wpd.ugr.es\/~secyta2018\/wp-json\/wp\/v2\/pages\/137\/revisions"}],"predecessor-version":[{"id":1751,"href":"https:\/\/wpd.ugr.es\/~secyta2018\/wp-json\/wp\/v2\/pages\/137\/revisions\/1751"}],"wp:attachment":[{"href":"https:\/\/wpd.ugr.es\/~secyta2018\/wp-json\/wp\/v2\/media?parent=137"}],"curies":[{"name":"wp","href":"https:\/\/api.w.org\/{rel}","templated":true}]}}