{"id":141,"date":"2018-01-24T20:57:44","date_gmt":"2018-01-24T18:57:44","guid":{"rendered":"http:\/\/wpd.ugr.es\/~secyta2018\/?page_id=141"},"modified":"2019-01-28T23:07:17","modified_gmt":"2019-01-28T21:07:17","slug":"informacion","status":"publish","type":"page","link":"https:\/\/wpd.ugr.es\/~secyta2018\/","title":{"rendered":"Informaci\u00f3n"},"content":{"rendered":"<h4>Tabl\u00f3n de anuncios.<\/h4>\n<ul>\n<li><strong>28 de enero 2019.<\/strong> Ampliado el plazo hasta el <span style=\"color: #ff0000;\"><strong>31 de marzo de 2019<\/strong><\/span> para env\u00edo de art\u00edculos al <a href=\"special-issue\/\">n\u00famero virtual especial<\/a> de Journal of Chromatography A.<\/li>\n<li><a href=\"\"><strong>1 de octubre.<\/strong> <\/a><a href=\"wp-content\/uploads\/2018\/10\/Book-of-Abstracts-SECyTA2018.pdf\">Descarga el libro de res\u00famenes<\/a>.<\/li>\n<li><strong>20 de septiembre.<\/strong> <a href=\"wp-content\/uploads\/2018\/09\/Programa-final-SECyTA-2018.pdf\">Ya est\u00e1 disponible el programa final<\/a>.<\/li>\n<li><strong>14 de septiembre.<\/strong> <a href=\"https:\/\/es.leco-europe.com\/secyta-2018\/\" target=\"_blank\"> Reg\u00edstrese en el seminario con caf\u00e9 ofrecido por Leco<\/a>: \u00abAportaciones de GCxGC-TOFMS a la seguridad alimentaria. Determinaci\u00f3n de MOSH, MOAH Y POSH\u00bb.<\/li>\n<li><strong>10 de septiembre.<\/strong> <a href=\"https:\/\/www.agilent.com\/es-es\/promotions\/secyta?q=24324\" target=\"_blank\"> Reg\u00edstrese en el seminario con caf\u00e9 ofrecido por Agilent<\/a>: \u00abEstrategias innovadoras en separaci\u00f3n para la mejora de su an\u00e1lisis por MS\u00bb.<\/li>\n<li><strong>1 de agosto.<\/strong> <a href=\"wp-content\/uploads\/2018\/08\/SECYTA-2018-Tentative-Program.pdf\">Ya est\u00e1 disponible el programa preliminar<\/a>.<\/li>\n<li><strong>17 de julio<\/strong>: la comunicaci\u00f3n de aceptaci\u00f3n de res\u00famenes se pospone hasta el 18 de julio.<\/li>\n<li><strong>11 de julio<\/strong>: debido a la alta ocupaci\u00f3n hotelera de Granada para las fechas del congreso, desde la Secretar\u00eda T\u00e9cnica se recomienda a los participantes a la reuni\u00f3n que reserven su hotel cuanto antes. Si lo desean pueden utilizar el <a href=\"alojamiento\/\" target=\"_blank\" rel=\"noopener\">formulario disponible en la web<\/a>.<\/li>\n<li><strong>11 de julio<\/strong>: Premio <a href=\"premios\/#CIDAF\">CIDAF<\/a><\/li>\n<li><strong>14 de junio<\/strong>: se amplia el plazo de env\u00edo de comunicaciones hasta el<span style=\"color: #ff0000;\"><strong> 29 de junio<\/strong><\/span>.<\/li>\n<li><strong>4 de mayo<\/strong>: se abre el registro y env\u00edo de comunicaciones.<\/li>\n<\/ul>\n<p>&nbsp;<br \/>\n<iframe loading=\"lazy\" style=\"border-width: 0;\" src=\"\/\/www.aemet.es\/es\/eltiempo\/prediccion\/municipios\/mostrarwidget\/granada-id18087?w=g4p01110001ohmffffffw890z190x4f86d9t95b6e9r1s8n2\" scrolling=\"no\" width=\"890\" height=\"190\" frameborder=\"0\"><\/iframe><\/p>\n","protected":false},"excerpt":{"rendered":"<p>Tabl\u00f3n de anuncios. 28 de enero 2019. Ampliado el plazo hasta el 31 de marzo de 2019 para env\u00edo de art\u00edculos al n\u00famero virtual especial de Journal of Chromatography A. 1 de octubre. Descarga el libro de res\u00famenes. 20 de septiembre. Ya est\u00e1 disponible el programa final. 14 de septiembre. Reg\u00edstrese en el seminario con &hellip; <a href=\"https:\/\/wpd.ugr.es\/~secyta2018\/\" class=\"more-link\">Seguir leyendo <span class=\"screen-reader-text\">Informaci\u00f3n<\/span> <span class=\"meta-nav\">&rarr;<\/span><\/a><\/p>\n","protected":false},"author":1,"featured_media":0,"parent":0,"menu_order":0,"comment_status":"closed","ping_status":"closed","template":"","meta":[],"_links":{"self":[{"href":"https:\/\/wpd.ugr.es\/~secyta2018\/wp-json\/wp\/v2\/pages\/141"}],"collection":[{"href":"https:\/\/wpd.ugr.es\/~secyta2018\/wp-json\/wp\/v2\/pages"}],"about":[{"href":"https:\/\/wpd.ugr.es\/~secyta2018\/wp-json\/wp\/v2\/types\/page"}],"author":[{"embeddable":true,"href":"https:\/\/wpd.ugr.es\/~secyta2018\/wp-json\/wp\/v2\/users\/1"}],"replies":[{"embeddable":true,"href":"https:\/\/wpd.ugr.es\/~secyta2018\/wp-json\/wp\/v2\/comments?post=141"}],"version-history":[{"count":63,"href":"https:\/\/wpd.ugr.es\/~secyta2018\/wp-json\/wp\/v2\/pages\/141\/revisions"}],"predecessor-version":[{"id":2216,"href":"https:\/\/wpd.ugr.es\/~secyta2018\/wp-json\/wp\/v2\/pages\/141\/revisions\/2216"}],"wp:attachment":[{"href":"https:\/\/wpd.ugr.es\/~secyta2018\/wp-json\/wp\/v2\/media?parent=141"}],"curies":[{"name":"wp","href":"https:\/\/api.w.org\/{rel}","templated":true}]}}