{"id":155,"date":"2018-01-24T21:57:05","date_gmt":"2018-01-24T19:57:05","guid":{"rendered":"http:\/\/wpd.ugr.es\/~secyta2018\/?page_id=155"},"modified":"2018-08-14T21:05:24","modified_gmt":"2018-08-14T19:05:24","slug":"premios","status":"publish","type":"page","link":"https:\/\/wpd.ugr.es\/~secyta2018\/premios\/","title":{"rendered":"Premios"},"content":{"rendered":"<p>Los participantes de esta reuni\u00f3n de la SECyTA que cumplan los requisitos especificados podr\u00e1n optar a alguno de los siguientes premios:<\/p>\n<ul>\n<li><a href=\"#JAGD\">Premios Jos\u00e9 Antonio Garc\u00eda Dom\u00ednguez<\/a><\/li>\n<li><a href=\"#CIDAF\">Premio CIDAF<\/a><\/li>\n<\/ul>\n<hr>\n<h6 id=\"JAGD\">Edici\u00f3n XIV de los premios Jos\u00e9 Antonio Garc\u00eda Dom\u00ednguez<\/h6>\n<p style=\"text-align: right;\">Patrocinados por <a href=\"https:\/\/www.bruker.com\/\" target=\"_blank\" rel=\"noopener\"><img loading=\"lazy\" class=\"size-full wp-image-557 alignnone\" src=\"..\/wp-content\/uploads\/2018\/03\/bruker.png\" alt=\"\" width=\"125\" height=\"67\" \/><\/a><\/p>\n<p>La edici\u00f3n XIV de los premios Jos\u00e9 Antonio Garc\u00eda Dom\u00ednguez tiene por objeto reconocer el m\u00e9rito cient\u00edfico de las comunicaciones sobre Cromatograf\u00eda y sus T\u00e9cnicas Afines, tanto orales como p\u00f3ster, presentadas por j\u00f3venes investigadores en la XVIII Reuni\u00f3n de la Sociedad Espa\u00f1ola de Cromatograf\u00eda y T\u00e9cnicas Afines, que se celebrar\u00e1 en Granada del 2 al 4 de octubre de 2018.<\/p>\n<p style=\"padding-left: 60px;\"><img loading=\"lazy\" class=\"size-full wp-image-564 alignleft\" src=\"..\/wp-content\/uploads\/2018\/03\/JAGD.png\" alt=\"\" width=\"84\" height=\"100\" \/><\/p>\n<p>Estos Premios quieren honrar la memoria del Dr. Jos\u00e9 Antonio Garc\u00eda Dom\u00ednguez, investigador del Instituto de Qu\u00edmica &#8211; F\u00edsica Rocasolano (CSIC), pionero de la cromatograf\u00eda de gases en Espa\u00f1a y uno de los fundadores del Grupo de Cromatograf\u00eda y T\u00e9cnicas Afines (GCTA, actualmente SECyTA).<\/p>\n<p>El premio en esta edici\u00f3n estar\u00e1 compuesto por los siguientes galardones:<\/p>\n<ul>\n<li>Premio a la mejor comunicaci\u00f3n oral.<\/li>\n<li>Premio a la segunda mejor comunicaci\u00f3n oral.<\/li>\n<li>Premio al mejor cartel.<\/li>\n<li>Premio al segundo mejor cartel.<\/li>\n<\/ul>\n<p>El premio se regir\u00e1 por las siguientes bases:<\/p>\n<ol>\n<li>El Premio est\u00e1 dirigido a j\u00f3venes investigadores (graduados, licenciados y doctores) socios de la SECyTA. El Comit\u00e9 Organizador entiende por j\u00f3venes investigadores aquellos que est\u00e9n realizando la tesis doctoral o un trabajo de investigaci\u00f3n y que hayan obtenido su t\u00edtulo de grado o licenciatura hace menos de 6 a\u00f1os, o que hayan defendido la Tesis de Fin de M\u00e1ster o equivalente hace menos de 5 a\u00f1os. Por j\u00f3venes investigadores doctores, el Comit\u00e9 Organizador entiende aquellos que hayan obtenido su t\u00edtulo de doctor hace un m\u00e1ximo de 5 a\u00f1os.<\/li>\n<li>No podr\u00e1n optar a la XIV edici\u00f3n de los Premios aquellos j\u00f3venes investigadores que hayan recibido el premio Jos\u00e9 Antonio Garc\u00eda Dom\u00ednguez en la misma modalidad en alguna de las dos ediciones anteriores.<\/li>\n<li>El jurado estar\u00e1 formado por miembros del Comit\u00e9 Cient\u00edfico, pudiendo el Comit\u00e9 Organizador recurrir a otros expertos en los temas presentados al Premio.<\/li>\n<li>Todas las comunicaciones (tanto orales como carteles) que opten a los Premios deben ser presentadas en ingl\u00e9s.<\/li>\n<li>Las comunicaciones oral y tipo cartel premiadas ser\u00e1n seleccionadas entre las presentadas en la XVIII Reuni\u00f3n de la Sociedad Espa\u00f1ola de Cromatograf\u00eda y T\u00e9cnicas Afines.<\/li>\n<li>Los premiados se dar\u00e1n a conocer en la sesi\u00f3n de clausura, que se celebrar\u00e1 el 4 de octubre de 2018.<\/li>\n<\/ol>\n<hr \/>\n<h6 id=\"CIDAF\">Premio CIDAF<\/h6>\n<p style=\"text-align: right;\">Patrocinado por <a href=\"http:\/\/cidaf.es\/\" target=\"_blank\" rel=\"noopener\"><img loading=\"lazy\" class=\"size-full wp-image-557 alignnone\" src=\"..\/wp-content\/uploads\/2018\/07\/Cidaf.jpg\" alt=\"\" width=\"180\" height=\"67\" \/><\/a><\/p>\n<p>El Centro Tecnol\u00f3gico de Investigaci\u00f3n y Desarrollo del Alimento Funcional (CIDAF) premia con 200 euros al mejor p\u00f3ster en la tem\u00e1tica \u00abUso de t\u00e9cnicas separativas para el an\u00e1lisis de alimentos funcionales y\/o compuestos bioactivos\u00bb.<\/p>\n<p>Dicho premio tambi\u00e9n va acompa\u00f1ado de la posibilidad de colaboraci\u00f3n o realizaci\u00f3n de pr\u00e1cticas en el CIDAF.<\/p>\n","protected":false},"excerpt":{"rendered":"<p>Los participantes de esta reuni\u00f3n de la SECyTA que cumplan los requisitos especificados podr\u00e1n optar a alguno de los siguientes premios: Premios Jos\u00e9 Antonio Garc\u00eda Dom\u00ednguez Premio CIDAF Edici\u00f3n XIV de los premios Jos\u00e9 Antonio Garc\u00eda Dom\u00ednguez Patrocinados por La edici\u00f3n XIV de los premios Jos\u00e9 Antonio Garc\u00eda Dom\u00ednguez tiene por objeto reconocer el m\u00e9rito &hellip; <a href=\"https:\/\/wpd.ugr.es\/~secyta2018\/premios\/\" class=\"more-link\">Seguir leyendo <span class=\"screen-reader-text\">Premios<\/span> <span class=\"meta-nav\">&rarr;<\/span><\/a><\/p>\n","protected":false},"author":1,"featured_media":0,"parent":0,"menu_order":0,"comment_status":"closed","ping_status":"closed","template":"","meta":[],"_links":{"self":[{"href":"https:\/\/wpd.ugr.es\/~secyta2018\/wp-json\/wp\/v2\/pages\/155"}],"collection":[{"href":"https:\/\/wpd.ugr.es\/~secyta2018\/wp-json\/wp\/v2\/pages"}],"about":[{"href":"https:\/\/wpd.ugr.es\/~secyta2018\/wp-json\/wp\/v2\/types\/page"}],"author":[{"embeddable":true,"href":"https:\/\/wpd.ugr.es\/~secyta2018\/wp-json\/wp\/v2\/users\/1"}],"replies":[{"embeddable":true,"href":"https:\/\/wpd.ugr.es\/~secyta2018\/wp-json\/wp\/v2\/comments?post=155"}],"version-history":[{"count":34,"href":"https:\/\/wpd.ugr.es\/~secyta2018\/wp-json\/wp\/v2\/pages\/155\/revisions"}],"predecessor-version":[{"id":1745,"href":"https:\/\/wpd.ugr.es\/~secyta2018\/wp-json\/wp\/v2\/pages\/155\/revisions\/1745"}],"wp:attachment":[{"href":"https:\/\/wpd.ugr.es\/~secyta2018\/wp-json\/wp\/v2\/media?parent=155"}],"curies":[{"name":"wp","href":"https:\/\/api.w.org\/{rel}","templated":true}]}}