{"id":157,"date":"2018-01-24T22:00:54","date_gmt":"2018-01-24T20:00:54","guid":{"rendered":"http:\/\/wpd.ugr.es\/~secyta2018\/?page_id=157"},"modified":"2018-09-20T12:15:02","modified_gmt":"2018-09-20T10:15:02","slug":"patrocinadores","status":"publish","type":"page","link":"https:\/\/wpd.ugr.es\/~secyta2018\/patrocinadores\/","title":{"rendered":"Patrocinadores"},"content":{"rendered":"<p>En SECyTA 2018 se exhibir\u00e1n algunos de los \u00faltimos avances en instrumentaci\u00f3n, software, accesorios y consumibles relacionados con todas las aplicaciones de la cromatograf\u00eda y t\u00e9cnicas afines. Esta reuni\u00f3n ofrece una oportunidad ideal para lanzar nuevos productos, mostrar tecnolog\u00edas innovadoras y comentar los retos y posibles soluciones con los expertos en los estands.<\/p>\n<p>Pueden consultar en <a href=\"..\/wp-content\/uploads\/2018\/03\/TIPOS-DE-PATROCINIOS-SECYTA-2018-GRANADA.pdf\" target=\"_blank\" rel=\"noopener\">este documento<\/a> las diferentes modalidades de patrocinio de la reuni\u00f3n.<\/p>\n<h5>Empresas colaboradoras<\/h5>\n<table class=\"gold\">\n<tbody>\n<tr>\n<td class=\"nb2\"><a href=\"http:\/\/www.agilent.com\/\" target=\"_blank\" rel=\"noopener\"><img loading=\"lazy\" class=\"aligncenter\" src=\"..\/wp-content\/uploads\/2018\/03\/Agilent.png\" alt=\"\" width=\"300\" height=\"142\" \/><\/a><\/td>\n<td class=\"nb2\"><a href=\"http:\/\/www.waters.com\/\" target=\"_blank\" rel=\"noopener\"><img loading=\"lazy\" class=\"aligncenter\" src=\"..\/wp-content\/uploads\/2018\/03\/waters-logo.jpg\" alt=\"\" width=\"280\" height=\"142\" \/><\/a><\/td>\n<\/tr>\n<tr>\n<td class=\"nb3\" colspan=\"2\"><a href=\"http:\/\/www.leco-europe.com\/\" target=\"_blank\" rel=\"noopener\"><img loading=\"lazy\" class=\"aligncenter\" src=\"..\/wp-content\/uploads\/2018\/04\/Leco.jpg\" alt=\"\" width=\"300\" height=\"121\" \/><\/a><\/td>\n<\/tr>\n<\/tbody>\n<\/table>\n<hr \/>\n<h5>Empresas participantes<\/h5>\n<table class=\"gold\">\n<tbody>\n<tr>\n<td class=\"nb2\"><a href=\"http:\/\/www.krssltd.com\/\" target=\"_blank\" rel=\"noopener\"><img loading=\"lazy\" class=\"aligncenter\" src=\"..\/wp-content\/uploads\/2018\/03\/krss.png\" alt=\"\" width=\"241\" height=\"60\" \/><\/a><\/td>\n<td class=\"nb2\"><a href=\" http:\/\/www.thermofisher.com\/\" target=\"_blank\" rel=\"noopener\"><img loading=\"lazy\" class=\"aligncenter\" src=\"..\/wp-content\/uploads\/2018\/03\/thermo.png\" alt=\"\" width=\"279\" height=\"60\" \/><\/a><\/td>\n<\/tr>\n<tr>\n<td class=\"nb3\"><a href=\"https:\/\/sciex.com\/\" target=\"_blank\" rel=\"noopener\"><img loading=\"lazy\" class=\"aligncenter\" src=\"..\/wp-content\/uploads\/2018\/03\/sciex.jpg\" alt=\"\" width=\"209\" height=\"60\" \/><\/a><\/td>\n<td class=\"nb3\"><a href=\"http:\/\/www.jasco-spain.com\/\" target=\"_blank\" rel=\"noopener\"><img loading=\"lazy\" class=\"aligncenter\" src=\"..\/wp-content\/uploads\/2018\/04\/jasco.png\" alt=\"\" width=\"221\" height=\"70\" \/><\/a><\/td>\n<\/tr>\n<tr>\n<td class=\"nb3\"><a href=\"http:\/\/www.bruker.com\/\" target=\"_blank\" rel=\"noopener\"><img loading=\"lazy\" class=\"aligncenter\" src=\"..\/wp-content\/uploads\/2018\/03\/bruker.png\" alt=\"\" width=\"169\" height=\"90\" \/><\/a><\/td>\n<td class=\"nb3\"><a href=\"http:\/\/www.phenomenex.com\/\/\" target=\"_blank\" rel=\"noopener\"><img loading=\"lazy\" class=\"aligncenter\" src=\"..\/wp-content\/uploads\/2018\/04\/Phenomenex.jpg\" alt=\"\" width=\"215\" height=\"60\" \/><\/a><\/td>\n<\/tr>\n<tr>\n<td class=\"nb3\"><a href=\"http:\/\/www.vicidbs.com\/\" target=\"_blank\" rel=\"noopener\"><img loading=\"lazy\" class=\"aligncenter\" src=\"..\/wp-content\/uploads\/2018\/09\/Vici.jpg\" alt=\"\" width=\"215\" height=\"60\" \/><\/a><\/td>\n<td class=\"nb3\"><\/td>\n<\/tr>\n<\/tbody>\n<\/table>\n<hr \/>\n<h5>Otros patrocionadores<\/h5>\n<table class=\"gold\">\n<tbody>\n<tr>\n<td class=\"nb2\"><a href=\"http:\/\/www.dicsa.es\/\" target=\"_blank\" rel=\"noopener\"><img loading=\"lazy\" class=\"aligncenter\" src=\"..\/wp-content\/uploads\/2018\/03\/dicsa.jpg\" alt=\"\" width=\"146\" height=\"67\" \/><\/a><\/td>\n<td class=\"nb2\"><a href=\"http:\/\/www.perkinelmer.com\/\" target=\"_blank\" rel=\"noopener\"><img loading=\"lazy\" class=\"aligncenter\" src=\"..\/wp-content\/uploads\/2018\/05\/Perkin_Elmer.png\" alt=\"\" width=\"132\" height=\"67\" \/><\/a><\/td>\n<\/tr>\n<tr>\n<td class=\"nb3\"><a href=\"http:\/\/www.teknokroma.es\/\" target=\"_blank\" rel=\"noopener\"><img loading=\"lazy\" class=\"aligncenter\" src=\"..\/wp-content\/uploads\/2018\/04\/teknokroma.png\" alt=\"\" width=\"190\" height=\"55\" \/><\/a><\/td>\n<td class=\"nb3\"><a href=\"https:\/\/www.fishersci.es\/\" target=\"_blank\" rel=\"noopener\"><img loading=\"lazy\" class=\"aligncenter\" src=\"..\/wp-content\/uploads\/2018\/05\/Fisher-Scientific.png\" alt=\"\" width=\"267\" height=\"55\" \/><\/a><\/td>\n<\/tr>\n<tr>\n<td class=\"nb3\"><a href=\"https:\/\/www.lechepuleva.es\/\" target=\"_blank\" rel=\"noopener\"><img loading=\"lazy\" class=\"aligncenter\" src=\"..\/wp-content\/uploads\/2018\/07\/Puleva.jpg\" alt=\"\" width=\"120\" height=\"100\" \/><\/a><\/td>\n<td class=\"nb3\"><a href=\"http:\/\/cidaf.es\/\" target=\"_blank\" rel=\"noopener\"><img loading=\"lazy\" class=\"aligncenter\" src=\"..\/wp-content\/uploads\/2018\/07\/Cidaf.jpg\" alt=\"\" width=\"228\" height=\"85\" \/><\/a><\/td>\n<\/tr>\n<tr>\n<td class=\"nb3\"><a href=\"http:\/\/www.soldealba.com\/\" target=\"_blank\" rel=\"noopener\"><img loading=\"lazy\" class=\"aligncenter\" src=\"..\/wp-content\/uploads\/2018\/07\/Sol-de-alba.jpg\" alt=\"\" width=\"120\" height=\"84\" \/><\/a><\/td>\n<td class=\"nb3\"><a href=\"https:\/\/scioninstruments.com\/es\/\" target=\"_blank\" rel=\"noopener\"><img loading=\"lazy\" class=\"aligncenter\" src=\"..\/wp-content\/uploads\/2018\/09\/SCION.jpg\" alt=\"\" width=\"233\" height=\"85\" \/><\/a><\/td>\n<\/tr>\n<\/tbody>\n<\/table>\n","protected":false},"excerpt":{"rendered":"<p>En SECyTA 2018 se exhibir\u00e1n algunos de los \u00faltimos avances en instrumentaci\u00f3n, software, accesorios y consumibles relacionados con todas las aplicaciones de la cromatograf\u00eda y t\u00e9cnicas afines. Esta reuni\u00f3n ofrece una oportunidad ideal para lanzar nuevos productos, mostrar tecnolog\u00edas innovadoras y comentar los retos y posibles soluciones con los expertos en los estands. Pueden consultar &hellip; <a href=\"https:\/\/wpd.ugr.es\/~secyta2018\/patrocinadores\/\" class=\"more-link\">Seguir leyendo <span class=\"screen-reader-text\">Patrocinadores<\/span> <span class=\"meta-nav\">&rarr;<\/span><\/a><\/p>\n","protected":false},"author":1,"featured_media":0,"parent":0,"menu_order":0,"comment_status":"closed","ping_status":"closed","template":"","meta":[],"_links":{"self":[{"href":"https:\/\/wpd.ugr.es\/~secyta2018\/wp-json\/wp\/v2\/pages\/157"}],"collection":[{"href":"https:\/\/wpd.ugr.es\/~secyta2018\/wp-json\/wp\/v2\/pages"}],"about":[{"href":"https:\/\/wpd.ugr.es\/~secyta2018\/wp-json\/wp\/v2\/types\/page"}],"author":[{"embeddable":true,"href":"https:\/\/wpd.ugr.es\/~secyta2018\/wp-json\/wp\/v2\/users\/1"}],"replies":[{"embeddable":true,"href":"https:\/\/wpd.ugr.es\/~secyta2018\/wp-json\/wp\/v2\/comments?post=157"}],"version-history":[{"count":73,"href":"https:\/\/wpd.ugr.es\/~secyta2018\/wp-json\/wp\/v2\/pages\/157\/revisions"}],"predecessor-version":[{"id":1810,"href":"https:\/\/wpd.ugr.es\/~secyta2018\/wp-json\/wp\/v2\/pages\/157\/revisions\/1810"}],"wp:attachment":[{"href":"https:\/\/wpd.ugr.es\/~secyta2018\/wp-json\/wp\/v2\/media?parent=157"}],"curies":[{"name":"wp","href":"https:\/\/api.w.org\/{rel}","templated":true}]}}