{"id":368,"date":"2018-02-26T21:23:06","date_gmt":"2018-02-26T19:23:06","guid":{"rendered":"http:\/\/wpd.ugr.es\/~secyta2018\/?page_id=368"},"modified":"2018-08-13T20:47:38","modified_gmt":"2018-08-13T18:47:38","slug":"fechas","status":"publish","type":"page","link":"https:\/\/wpd.ugr.es\/~secyta2018\/fechas\/","title":{"rendered":"Fechas clave"},"content":{"rendered":"<h6>Fechas clave<\/h6>\n<ul>\n<li>Inicio del env\u00edo de comunicaciones e inscripci\u00f3n on-line: <strong>4 de mayo<\/strong><\/li>\n<li>Fecha l\u00edmite para env\u00edo de comunicaciones: <del><strong>15 de junio<\/strong><\/del> <strong><span style=\"color: #ff0000;\">29 de junio<\/span><\/strong><\/li>\n<li>Comunicaci\u00f3n de la aceptaci\u00f3n de res\u00famenes (presentaci\u00f3n oral\/comunicaci\u00f3n flash\/p\u00f3ster): <del><strong>15 de julio<\/strong><\/del> <strong><span style=\"color: #ff0000;\">18 de julio<\/span><\/strong><\/li>\n<li>Fin del plazo para la admisi\u00f3n de res\u00famenes de \u00faltima hora (s\u00f3lo p\u00f3ster): <strong>7 de septiembre<\/strong><\/li>\n<li>Fin del plazo de inscripci\u00f3n reducida (SECyTA y curso SEEM): <strong>31 de julio<\/strong><\/li>\n<li>Fin del plazo para la solicitud de becas: <strong>31 de julio<\/strong><\/li>\n<li>Curso de espectrometr\u00eda de masas (SEEM): <strong>1 de octubre<\/strong><\/li>\n<li>Reuni\u00f3n SECYTA: <strong>2-4 de octubre<\/strong><\/li>\n<\/ul>\n<p><iframe loading=\"lazy\" style=\"border-width: 0;\" src=\"https:\/\/www.google.com\/calendar\/embed?showTitle=0&amp;height=600&amp;wkst=2&amp;bgcolor=%23FFFFFF&amp;src=secyta2018%40go.ugr.es&amp;color=%232952A3&amp;ctz=Europe%2FMadrid\" width=\"500\" height=\"300\" frameborder=\"0\" scrolling=\"no\"><\/iframe><\/p>\n","protected":false},"excerpt":{"rendered":"<p>Fechas clave Inicio del env\u00edo de comunicaciones e inscripci\u00f3n on-line: 4 de mayo Fecha l\u00edmite para env\u00edo de comunicaciones: 15 de junio 29 de junio Comunicaci\u00f3n de la aceptaci\u00f3n de res\u00famenes (presentaci\u00f3n oral\/comunicaci\u00f3n flash\/p\u00f3ster): 15 de julio 18 de julio Fin del plazo para la admisi\u00f3n de res\u00famenes de \u00faltima hora (s\u00f3lo p\u00f3ster): 7 de &hellip; <a href=\"https:\/\/wpd.ugr.es\/~secyta2018\/fechas\/\" class=\"more-link\">Seguir leyendo <span class=\"screen-reader-text\">Fechas clave<\/span> <span class=\"meta-nav\">&rarr;<\/span><\/a><\/p>\n","protected":false},"author":1,"featured_media":0,"parent":0,"menu_order":0,"comment_status":"closed","ping_status":"closed","template":"","meta":[],"_links":{"self":[{"href":"https:\/\/wpd.ugr.es\/~secyta2018\/wp-json\/wp\/v2\/pages\/368"}],"collection":[{"href":"https:\/\/wpd.ugr.es\/~secyta2018\/wp-json\/wp\/v2\/pages"}],"about":[{"href":"https:\/\/wpd.ugr.es\/~secyta2018\/wp-json\/wp\/v2\/types\/page"}],"author":[{"embeddable":true,"href":"https:\/\/wpd.ugr.es\/~secyta2018\/wp-json\/wp\/v2\/users\/1"}],"replies":[{"embeddable":true,"href":"https:\/\/wpd.ugr.es\/~secyta2018\/wp-json\/wp\/v2\/comments?post=368"}],"version-history":[{"count":12,"href":"https:\/\/wpd.ugr.es\/~secyta2018\/wp-json\/wp\/v2\/pages\/368\/revisions"}],"predecessor-version":[{"id":1719,"href":"https:\/\/wpd.ugr.es\/~secyta2018\/wp-json\/wp\/v2\/pages\/368\/revisions\/1719"}],"wp:attachment":[{"href":"https:\/\/wpd.ugr.es\/~secyta2018\/wp-json\/wp\/v2\/media?parent=368"}],"curies":[{"name":"wp","href":"https:\/\/api.w.org\/{rel}","templated":true}]}}