{"id":379,"date":"2018-02-26T21:35:22","date_gmt":"2018-02-26T19:35:22","guid":{"rendered":"http:\/\/wpd.ugr.es\/~secyta2018\/?page_id=379"},"modified":"2018-08-13T21:47:57","modified_gmt":"2018-08-13T19:47:57","slug":"alojamiento","status":"publish","type":"page","link":"https:\/\/wpd.ugr.es\/~secyta2018\/alojamiento\/","title":{"rendered":"Alojamiento"},"content":{"rendered":"<p>Si lo desea, puede reservar su hotel a trav\u00e9s de la Secretar\u00eda T\u00e9cnica del Congreso cumplimentando el siguiente formulario y envi\u00e1ndolo por correo electr\u00f3nico a <a href=\"mailto:ftapia@viajesgenil.es\">ftapia@viajesgenil.es<\/a>.<\/p>\n<ul>\n<li><a href=\"..\/wp-content\/uploads\/2018\/05\/Formulario-alojamiento-SECyTA.pdf\" target=\"_blank\" rel=\"noopener\">Descargar formulario de alojamiento<\/a><\/li>\n<\/ul>\n<table>\n<tbody>\n<tr>\n<td class=\"hotel\">\u00a0<strong>HOTEL<\/strong><\/td>\n<td class=\"hotel\">\u00a0<strong>Precio por Hab. DUI\/Noche<\/strong><\/td>\n<td class=\"hotel\">\u00a0<strong>Precio por Hab. Doble\/Noche<\/strong><\/td>\n<td class=\"hotel\"> <strong>Comentarios <\/strong><\/td>\n<\/tr>\n<tr>\n<td>\u00a0Hotel Granada Center<\/td>\n<td>\u00a080,00 \u20ac<\/td>\n<td>\u00a090,00 \u20ac<\/td>\n<td><\/td>\n<\/tr>\n<tr>\n<td>\u00a0Hotel Leonardo Granada<\/td>\n<td>\u00a083,00 \u20ac<\/td>\n<td>\u00a094,00 \u20ac<\/td>\n<td><\/td>\n<\/tr>\n<tr>\n<td>\u00a0Hotel Abba Granada<\/td>\n<td>\u00a076,00 \u20ac<\/td>\n<td>\u00a0100,00 \u20ac<\/td>\n<td><\/td>\n<\/tr>\n<tr>\n<td>Hotel Catalonia Granada<\/td>\n<td>72,00 \u20ac<\/td>\n<td>90,00 \u20ac<\/td>\n<td><\/td>\n<\/tr>\n<tr>\n<td><del>Hotel Occidental Granada<\/del><\/td>\n<td><del>82,00 \u20ac<\/del><\/td>\n<td><del>90,00 \u20ac<\/del><\/td>\n<td>Completo<\/td>\n<\/tr>\n<\/tbody>\n<\/table>\n<p>El precio incluye IVA y desayuno.\n<\/p><\/div>\n<div id=\"mapa\"><\/div>\n","protected":false},"excerpt":{"rendered":"<p>Si lo desea, puede reservar su hotel a trav\u00e9s de la Secretar\u00eda T\u00e9cnica del Congreso cumplimentando el siguiente formulario y envi\u00e1ndolo por correo electr\u00f3nico a ftapia@viajesgenil.es. Descargar formulario de alojamiento \u00a0HOTEL \u00a0Precio por Hab. DUI\/Noche \u00a0Precio por Hab. Doble\/Noche Comentarios \u00a0Hotel Granada Center \u00a080,00 \u20ac \u00a090,00 \u20ac \u00a0Hotel Leonardo Granada \u00a083,00 \u20ac \u00a094,00 \u20ac \u00a0Hotel &hellip; <a href=\"https:\/\/wpd.ugr.es\/~secyta2018\/alojamiento\/\" class=\"more-link\">Seguir leyendo <span class=\"screen-reader-text\">Alojamiento<\/span> <span class=\"meta-nav\">&rarr;<\/span><\/a><\/p>\n","protected":false},"author":1,"featured_media":0,"parent":0,"menu_order":0,"comment_status":"closed","ping_status":"closed","template":"","meta":[],"_links":{"self":[{"href":"https:\/\/wpd.ugr.es\/~secyta2018\/wp-json\/wp\/v2\/pages\/379"}],"collection":[{"href":"https:\/\/wpd.ugr.es\/~secyta2018\/wp-json\/wp\/v2\/pages"}],"about":[{"href":"https:\/\/wpd.ugr.es\/~secyta2018\/wp-json\/wp\/v2\/types\/page"}],"author":[{"embeddable":true,"href":"https:\/\/wpd.ugr.es\/~secyta2018\/wp-json\/wp\/v2\/users\/1"}],"replies":[{"embeddable":true,"href":"https:\/\/wpd.ugr.es\/~secyta2018\/wp-json\/wp\/v2\/comments?post=379"}],"version-history":[{"count":20,"href":"https:\/\/wpd.ugr.es\/~secyta2018\/wp-json\/wp\/v2\/pages\/379\/revisions"}],"predecessor-version":[{"id":1739,"href":"https:\/\/wpd.ugr.es\/~secyta2018\/wp-json\/wp\/v2\/pages\/379\/revisions\/1739"}],"wp:attachment":[{"href":"https:\/\/wpd.ugr.es\/~secyta2018\/wp-json\/wp\/v2\/media?parent=379"}],"curies":[{"name":"wp","href":"https:\/\/api.w.org\/{rel}","templated":true}]}}