{"id":412,"date":"2018-04-12T12:55:10","date_gmt":"2018-04-12T10:55:10","guid":{"rendered":"http:\/\/wpd.ugr.es\/~secyta2018\/?page_id=412"},"modified":"2018-08-14T21:08:29","modified_gmt":"2018-08-14T19:08:29","slug":"conferenciantes-invitados","status":"publish","type":"page","link":"https:\/\/wpd.ugr.es\/~secyta2018\/conferenciantes-invitados\/","title":{"rendered":"Conferenciantes invitados"},"content":{"rendered":"<h3>Conferenciantes invitados<\/h3>\n<hr \/>\n<h5><img loading=\"lazy\" class=\"size-full wp-image-403 alignleft\" src=\"..\/wp-content\/uploads\/2018\/03\/kennedy.png\" alt=\"\" width=\"110\" height=\"110\" \/><\/h5>\n<p><span class=\"speakers\">Prof. Dr. Robert Kennedy<\/span><br \/>\nUniversity of Michigan (USA)<br \/>\n<a href=\"http:\/\/kennedygroup.lsa.umich.edu\" target=\"_blank\" rel=\"noopener\">http:\/\/kennedygroup.lsa.umich.edu<\/a><br \/>\n<strong>Pushing the limits of separations: high speed and high pressure<\/strong><\/p>\n<p>Robert Kennedy is the Willard Professor of Chemistry and Professor of Pharmacology at the University of Michigan. He became professor of chemistry at the University of Florida in 1991 and served there for 11 years before moving to Michigan. His research interests are analytical chemistry and its application to neuroscience, endocrinology, and biotechnology.<\/p>\n<p>His work has been recognized by several awards including two MERIT awards from the NIH, a Presidential Faculty Fellowship, a Sloan Foundation Fellowship, Beckman Young Investigator Award, ACS Findeis Award, McKnight Award for Technical Innovations in Neuroscience, and Golay Award for Achievements in Chromatography. He has held several service posts and is presently Associate Editor of Analytical Chemistry and Director of the Microfluidics in Biomedical Sciences Training Program at Michigan.<\/p>\n<p>His group has developed instrumentation that couples sampling probes to capillary electrophoresis, capillary chromatography, mass spectrometry, and microfluidic assays for monitoring neurotransmitters in vivo. These methods have been used for studying changes in neurotransmitter concentrations associated with behavior and diseases. His group has also developed sensors and microfluidic devices for monitoring insulin secretion from pancreatic b-cells. These methods are coupled with metabolomics to understand the biochemical mechanism of insulin secretion and perturbations associated with diabetes. His group is also researching use of rapid electrophoretic and mass spectrometric assays as novel approaches to high-throughput screening.<\/p>\n<hr \/>\n<h5><img loading=\"lazy\" class=\"size-full wp-image-403 alignleft\" src=\"..\/wp-content\/uploads\/2018\/05\/Muniategui.jpg\" alt=\"\" width=\"110\" height=\"110\" \/><\/h5>\n<p><span class=\"speakers\">Prof. Dr. Soledad Muniategui Lorenzo <\/span><br \/>\nUniversidad de A Coru\u00f1a (UDC) &#8211; Instituto Universitario de Medio Ambiente (Spain)<br \/>\n<a href=\"http:\/\/investigacion.udc.es\/es\/Research\/Details\/G000343\" target=\"_blank\" rel=\"noopener\">http:\/\/investigacion.udc.es\/es\/Research\/Details\/G000343<\/a><br \/>\n<strong>Current Trends in Sample Treatment for Environmental Analysis.<\/strong><\/p>\n<p>Soledad Muniategui Lorenzo es catedr\u00e1tica de Qu\u00edmica Anal\u00edtica en la Universidad de A Coru\u00f1a (UDC) desde 2003. Actualmente dirige el Instituto Universitario de Medio Ambiente de la UDC y coordina el grupo de Qu\u00edmica Anal\u00edtica Aplicada (QANAP). Tiene una amplia experiencia en el desarrollo de metodolog\u00edas anal\u00edticas para la determinaci\u00f3n de contaminantes prioritarios y emergentes y productos de degradaci\u00f3n en muestras ambientales, agroalimentarias e industriales. Su investigaci\u00f3n en el campo del medio ambiente se centra en la evaluaci\u00f3n de la calidad del aire, calidad del agua y el medio marino, aplicando nuevas estrategias de tratamiento de muestras y determinaci\u00f3n por espectrometr\u00eda de masas acoplada a cromatograf\u00eda de gases y l\u00edquidos y con plasma de acoplamiento inductivo. Ha participado en m\u00e1s de 35 proyectos de I+D financiados en convocatorias competitivas de \u00e1mbito auton\u00f3mico, nacional y europeo y en m\u00e1s de 40 contratos\/convenios con empresas, instituciones p\u00fablicas y centros tecnol\u00f3gicos, en la mayor\u00eda como investigadora responsable. Es autora de 230 trabajos publicados en revistas SCI, 300 comunicaciones en congresos y conferencias, 19 libros \/ cap\u00edtulos y supervisado 19 tesis de doctorado. Ha desempe\u00f1ado diversos cargos acad\u00e9micos y de gesti\u00f3n como Directora del Departamento de Qu\u00edmica Anal\u00edtica de la Universidad de A Coru\u00f1a (1997-2013), Coordinadora del Programa de Doctorado interdepartamental \u201cQu\u00edmica Ambiental y Fundamental\u201d (1997-2011) y Coordinadora del M\u00e1ster en Ciencias, Tecnolog\u00edas y Gesti\u00f3n Ambiental de la Universidad de A Coru\u00f1a desde 2012.<\/p>\n<hr \/>\n<h5><img loading=\"lazy\" class=\"size-full wp-image-403 alignleft\" src=\"..\/wp-content\/uploads\/2018\/04\/Ramos.jpg\" alt=\"\" width=\"110\" height=\"110\" \/><\/h5>\n<p><span class=\"speakers\">Prof. Dr. Lourdes Ramos <\/span><br \/>\nInstituto de Qu\u00edmica Org\u00e1nica General &#8211; CSIC (Spain)<br \/>\n<a href=\"http:\/\/www.iqog.csic.es\/personal-www\/lourdesramos\" target=\"_blank\" rel=\"noopener\">http:\/\/www.iqog.csic.es\/personal-www\/lourdesramos<\/a><br \/>\n<strong>An\u00e1lisis de mezclas complejas mediante cromatograf\u00eda de gas completa en dos dimensiones &#8211; espectrometr\u00eda de masas: estudios no orientados.<\/strong><\/p>\n<p>Lourdes Ramos es actualmente Investigadora Cient\u00edfica de OP en el Consejo Superior de Investigaciones Cient\u00edficas (CSIC, Madrid), en el Departamento de An\u00e1lisis Instrumental y Qu\u00edmica Ambiental del Instituto de Qu\u00edmica Org\u00e1nica. Sus actividades en investigaci\u00f3n se centran, en especial, en el desarrollo de nuevos m\u00e9todos miniaturizados de preparaci\u00f3n de muestras para la determinaci\u00f3n r\u00e1pida y respetuosa con el medio ambiente de trazas de contaminantes org\u00e1nicos en muestras ambientales y de alimentos, y en la evaluaci\u00f3n de nuevas t\u00e9cnicas cromatogr\u00e1ficas, en particular las basadas en cromatograf\u00eda de gases (GC), para el estudio y caracterizaci\u00f3n de mezclas complejas de microcontaminantes org\u00e1nicos. Miembro del equipo editorial de varias revistas, incluida Journal of Chromatography A, editora invitada de varios vol\u00famenes especiales, es coautora de m\u00e1s de 80 art\u00edculos cient\u00edficos en revistas indexadas, 12 cap\u00edtulos de libros y editora de un libro multi-autor sobre cromatograf\u00eda de gases completa en dos dimensiones publicado por Elsevier.<\/p>\n<hr \/>\n<h5><img loading=\"lazy\" class=\"size-full wp-image-403 alignleft\" src=\"..\/wp-content\/uploads\/2018\/04\/Rudaz.jpg\" alt=\"\" width=\"110\" height=\"110\" \/><\/h5>\n<p><span class=\"speakers\">Prof. Dr. Serge Rudaz <\/span><br \/>\nSchool of pharmaceutical sciences University of Geneva (Switzerland)<br \/>\n<a href=\"https:\/\/epgl.unige.ch\/labs\/fanal\/analyses-biomedicales\" target=\"_blank\" rel=\"noopener\">https:\/\/epgl.unige.ch\/labs\/fanal\/analyses-biomedicales<\/a><br \/>\n<strong>New insights into separation techniques for endogenous metabolomic profiling<\/strong><\/p>\n<p>Serge Rudaz studied pharmacy in Switzerland, where he obtained his PhD in 1997. Later, he joined the National Research Center in Roma (Italy) for a post-doctoral position concerning the application of capillary electrophoresis (CE) hyphenated to mass spectrometry (MS) for chiral separation in biological fluids. From 1998 to 2011, he was a master-assistant in Phytochemistry at the University of Lausanne and then Ma\u00eetre d\u2019Enseignement et de Recherche (MER), where he started to promote new strategies for untargeted MS analyses. He was promoted to Associate Professor in 2012 at the School of Pharmaceutical Sciences, University of Geneva, where he leads the biomedical and metabolomics analysis (BMA) group.<\/p>\n<p>Serge Rudaz contributed to the field of analytical sciences with diverse activities, including invited lectures and invited professorships at various Universities. He is a member of several scientific societies and scientific boards. In addition to acting as a research group leader and member of the management board of the Swiss Centre for Applied Human Toxicology (SCAHT) Foundation, he is also President of the Competence Center in Chemical and Toxicological Analysis (ccCTA) and president of the Swiss Metabolomics Society (SMS). Currently, he is interested in metabolomics, (UHP)LC and CE coupled to MS, advances in sample preparation, analysis of pharmaceuticals and counterfeit medicine, biological matrices, and clinical and preclinical studies, which include metabolism and toxicological analysis. Serge Rudaz is an expert in a variety of chemometric approaches, including experimental design (DOE) validation and regulation (ISO17025), as well as multivariate data analysis (MVA) for metabolomics. He is a (co)author of over 10 book chapters (&gt;10) and 260 peer-reviewed papers, with an H-index (Scopus) of 48. He was chair of the Chimiom\u00e9trie 2015 and SEP 2017.<\/p>\n<p>The group of Serge Rudaz is developing new strategies for untargeted metabolomics analyses and specializes in the analysis of low molecular weight compounds in biological matrices. Since 2010, the group has also focused on developing chemometric approaches dedicated to the analysis of data produced by MS couplings, including capillary electrophoresis. Aspects of dimensionality reduction and multi-table analysis are addressed through collaborative projects in the fields of toxicology, biology, biochemistry, and pharmacology.<\/p>\n<hr \/>\n<h5><img loading=\"lazy\" class=\"size-full wp-image-403 alignleft\" src=\"..\/wp-content\/uploads\/2018\/02\/Schmitz.jpg\" alt=\"\" width=\"110\" height=\"110\" \/><\/h5>\n<p><span class=\"speakers\">Prof. Dr. Oliver J. Schmitz<\/span><br \/>\nUniversity of Duisburg-Essen (Germany)<br \/>\n<a href=\"https:\/\/www.uni-due.de\/aac\" target=\"_blank\" rel=\"noopener\">https:\/\/www.uni-due.de\/aac<\/a><br \/>\n<strong>Thousands of separated signals in a four-dimensional separation approach: How can we manage the data?<\/strong><\/p>\n<p>In 2009 Oliver J. Schmitz got a full professor in Analytical Chemistry at the University of Wuppertal (BUW). Between 2010 and 2012 he was the chair of the Analytical Chemistry department at BUW. Since 2013 Schmitz has been a full professor at the University of Duisburg-Essen and is the chair of the Institute of Applied Analytical Chemistry.<\/p>\n<p>2009 he cofounded the company iGenTraX UG which develops new ion sources and units to couple separation techniques with mass spectrometers. In 2011 he was one of the founding directors of the Interdisciplinary Centre for Pure and Applied Mass Spectrometry, University of Wuppertal.<\/p>\n<p>The research field of Prof. Schmitz are the development of ion sources, use and optimization of comprehensive LC and GC, ion mobility-mass spectrometry and coupling analytical techniques with mass spectrometers. He was awarded the scholar-in-training award of the American Association for Cancer Research in 2003, the Cancer Council South Australia &#8216;Distinguished Visitor&#8217; travel award in 2008, the Gerhard-Hesse Prize for chromatography in 2013 and in the same year the Fresenius Lecturer.<\/p>\n<hr \/>\n<h5><img loading=\"lazy\" class=\"size-full wp-image-403 alignleft\" src=\"..\/wp-content\/uploads\/2018\/04\/Segura.png\" alt=\"\" width=\"110\" height=\"110\" \/><\/h5>\n<p><span class=\"speakers\">Prof. Dr. Antonio Segura Carretero<\/span><br \/>\nUniversidad de Granada (Spain)<br \/>\n<a href=\"http:\/\/www.ugr.es\/~agr274\/\" target=\"_blank\" rel=\"noopener\">http:\/\/www.ugr.es\/~agr274\/<\/a><br \/>\n<strong>Advanced analytical strategies in the field of bioactive ingredients<\/strong><\/p>\n<p>Dr. D. Antonio Segura Carretero es Catedr\u00e1tico de la Universidad de Granada y Director de Investigaci\u00f3n del CIDAF (Centro de Investigaci\u00f3n y Desarrollo del Alimento Funcional) y Responsable del Grupo AGR274 \u201cBioactive Ingredients\u201d. Premio Extraordinario de Doctorado y Premio Joven Investigador en Qu\u00edmica de la GRASEQA. Ha participado 45 proyectos de investigaci\u00f3n de convocatorias regionales, nacionales e internacionales y 35 contratos de investigaci\u00f3n con empresas. Autor de 380 art\u00edculos cient\u00edficos publicados en revistas internacionales indexadas como m\u00e1s de 12.000 citas y un \u00edndice H de 57; ha sido reconocido con el premio UGR-Caja Rural a investigadores con trayectorias cient\u00edficas de alta calidad en 2018. Autor de 400 comunicaciones en congresos nacionales e internacionales. Ha dirigido 29 Tesis doctorales y 40 Tesis de M\u00e1ster. Editor de dos libros y coautor de 27 cap\u00edtulos en diversas monograf\u00edas tanto en castellano como en ingl\u00e9s. Ha impartido cursos interuniversitarios e internacionales y organizado cursos de extensi\u00f3n universitaria homologables entre ellos tres ediciones del Curso de Experto de Alimentos Funcionales y Nutrac\u00e9uticos.<\/p>\n<hr \/>\n","protected":false},"excerpt":{"rendered":"<p>Conferenciantes invitados Prof. Dr. Robert Kennedy University of Michigan (USA) http:\/\/kennedygroup.lsa.umich.edu Pushing the limits of separations: high speed and high pressure Robert Kennedy is the Willard Professor of Chemistry and Professor of Pharmacology at the University of Michigan. He became professor of chemistry at the University of Florida in 1991 and served there for 11 &hellip; <a href=\"https:\/\/wpd.ugr.es\/~secyta2018\/conferenciantes-invitados\/\" class=\"more-link\">Seguir leyendo <span class=\"screen-reader-text\">Conferenciantes invitados<\/span> <span class=\"meta-nav\">&rarr;<\/span><\/a><\/p>\n","protected":false},"author":1,"featured_media":0,"parent":0,"menu_order":0,"comment_status":"closed","ping_status":"closed","template":"","meta":[],"_links":{"self":[{"href":"https:\/\/wpd.ugr.es\/~secyta2018\/wp-json\/wp\/v2\/pages\/412"}],"collection":[{"href":"https:\/\/wpd.ugr.es\/~secyta2018\/wp-json\/wp\/v2\/pages"}],"about":[{"href":"https:\/\/wpd.ugr.es\/~secyta2018\/wp-json\/wp\/v2\/types\/page"}],"author":[{"embeddable":true,"href":"https:\/\/wpd.ugr.es\/~secyta2018\/wp-json\/wp\/v2\/users\/1"}],"replies":[{"embeddable":true,"href":"https:\/\/wpd.ugr.es\/~secyta2018\/wp-json\/wp\/v2\/comments?post=412"}],"version-history":[{"count":24,"href":"https:\/\/wpd.ugr.es\/~secyta2018\/wp-json\/wp\/v2\/pages\/412\/revisions"}],"predecessor-version":[{"id":1746,"href":"https:\/\/wpd.ugr.es\/~secyta2018\/wp-json\/wp\/v2\/pages\/412\/revisions\/1746"}],"wp:attachment":[{"href":"https:\/\/wpd.ugr.es\/~secyta2018\/wp-json\/wp\/v2\/media?parent=412"}],"curies":[{"name":"wp","href":"https:\/\/api.w.org\/{rel}","templated":true}]}}