{"id":452,"date":"2018-03-08T20:17:23","date_gmt":"2018-03-08T18:17:23","guid":{"rendered":"http:\/\/wpd.ugr.es\/~secyta2018\/?page_id=452"},"modified":"2018-03-08T20:17:23","modified_gmt":"2018-03-08T18:17:23","slug":"previous-meetings","status":"publish","type":"page","link":"https:\/\/wpd.ugr.es\/~secyta2018\/previous-meetings\/","title":{"rendered":"Previous meetings"},"content":{"rendered":"<h6>Previous meetings<\/h6>\n<table>\n<tbody>\n<tr>\n<td><strong>President\/s<\/strong><\/td>\n<td><strong>Location<\/strong><\/td>\n<td><strong>Year<\/strong><\/td>\n<\/tr>\n<tr>\n<td>Jordi Ma\u00f1es<\/td>\n<td>Valencia<\/td>\n<td>2001<\/td>\n<\/tr>\n<tr>\n<td>Manuel V. Dabrio<\/td>\n<td>Barcelona*<\/td>\n<td>2002<\/td>\n<\/tr>\n<tr>\n<td>Amadeo R. Fern\u00e1ndez-Alba<\/td>\n<td>Aguadulce (Almer\u00eda)<\/td>\n<td>2003<\/td>\n<\/tr>\n<tr>\n<td>Coral Barbas<\/td>\n<td>Boadilla del Monte (Madrid)<\/td>\n<td>2004<\/td>\n<\/tr>\n<tr>\n<td>Juan Cacho<\/td>\n<td>Barcelona*<\/td>\n<td>2005<\/td>\n<\/tr>\n<tr>\n<td>Ana Gago<\/td>\n<td>Vigo (Pontevedra)<\/td>\n<td>2006<\/td>\n<\/tr>\n<tr>\n<td>Ana Mar\u00eda Garc\u00eda Campa\u00f1a<\/td>\n<td>Granada<\/td>\n<td>2007<\/td>\n<\/tr>\n<tr>\n<td>Joan O. Grimalt<\/td>\n<td>Barcelona*<\/td>\n<td>2008<\/td>\n<\/tr>\n<tr>\n<td>Carmen Dorronsoro<\/td>\n<td>San Sebasti\u00e1n<\/td>\n<td>2009<\/td>\n<\/tr>\n<tr>\n<td>Yolanda Pic\u00f3<\/td>\n<td>Valencia<\/td>\n<td>2010<\/td>\n<\/tr>\n<tr>\n<td>Elena Dom\u00ednguez<\/td>\n<td>Barcelona*<\/td>\n<td>2011<\/td>\n<\/tr>\n<tr>\n<td>Rosa Mar\u00eda Marc\u00e9<\/td>\n<td>Tarragona<\/td>\n<td>2012<\/td>\n<\/tr>\n<tr>\n<td>Miguel \u00c1ngel Rodr\u00edguez y Alejandro Cifuentes<\/td>\n<td>Puerto de la Cruz (Santa Cruz de Tenerife)<\/td>\n<td>2013<\/td>\n<\/tr>\n<tr>\n<td>Maria Jos\u00e9 Gonz\u00e1lez<\/td>\n<td>Barcelona*<\/td>\n<td>2014<\/td>\n<\/tr>\n<tr>\n<td>Juan V. Sancho y Joaquin Beltran<\/td>\n<td>Castell\u00f3n de la Plana<\/td>\n<td>2015<\/td>\n<\/tr>\n<tr>\n<td>Jos\u00e9 A. Gonz\u00e1lez P\u00e9rez<\/td>\n<td>Sevilla<\/td>\n<td>2016<\/td>\n<\/tr>\n<tr>\n<td>Francisco Javier Santos Vicente<\/td>\n<td>Barcelona*<\/td>\n<td>2017<\/td>\n<\/tr>\n<\/tbody>\n<\/table>\n<p>*Held within the corresponding \u201cInstrumental Analysis Conferences (JAIs)\u201d<\/p>\n","protected":false},"excerpt":{"rendered":"<p>Previous meetings President\/s Location Year Jordi Ma\u00f1es Valencia 2001 Manuel V. Dabrio Barcelona* 2002 Amadeo R. Fern\u00e1ndez-Alba Aguadulce (Almer\u00eda) 2003 Coral Barbas Boadilla del Monte (Madrid) 2004 Juan Cacho Barcelona* 2005 Ana Gago Vigo (Pontevedra) 2006 Ana Mar\u00eda Garc\u00eda Campa\u00f1a Granada 2007 Joan O. Grimalt Barcelona* 2008 Carmen Dorronsoro San Sebasti\u00e1n 2009 Yolanda Pic\u00f3 Valencia &hellip; <a href=\"https:\/\/wpd.ugr.es\/~secyta2018\/previous-meetings\/\" class=\"more-link\">Seguir leyendo <span class=\"screen-reader-text\">Previous meetings<\/span> <span class=\"meta-nav\">&rarr;<\/span><\/a><\/p>\n","protected":false},"author":1,"featured_media":0,"parent":0,"menu_order":0,"comment_status":"closed","ping_status":"closed","template":"","meta":[],"_links":{"self":[{"href":"https:\/\/wpd.ugr.es\/~secyta2018\/wp-json\/wp\/v2\/pages\/452"}],"collection":[{"href":"https:\/\/wpd.ugr.es\/~secyta2018\/wp-json\/wp\/v2\/pages"}],"about":[{"href":"https:\/\/wpd.ugr.es\/~secyta2018\/wp-json\/wp\/v2\/types\/page"}],"author":[{"embeddable":true,"href":"https:\/\/wpd.ugr.es\/~secyta2018\/wp-json\/wp\/v2\/users\/1"}],"replies":[{"embeddable":true,"href":"https:\/\/wpd.ugr.es\/~secyta2018\/wp-json\/wp\/v2\/comments?post=452"}],"version-history":[{"count":1,"href":"https:\/\/wpd.ugr.es\/~secyta2018\/wp-json\/wp\/v2\/pages\/452\/revisions"}],"predecessor-version":[{"id":453,"href":"https:\/\/wpd.ugr.es\/~secyta2018\/wp-json\/wp\/v2\/pages\/452\/revisions\/453"}],"wp:attachment":[{"href":"https:\/\/wpd.ugr.es\/~secyta2018\/wp-json\/wp\/v2\/media?parent=452"}],"curies":[{"name":"wp","href":"https:\/\/api.w.org\/{rel}","templated":true}]}}