{"id":498,"date":"2018-03-11T14:29:02","date_gmt":"2018-03-11T12:29:02","guid":{"rendered":"http:\/\/wpd.ugr.es\/~secyta2018\/?page_id=498"},"modified":"2018-06-03T19:57:48","modified_gmt":"2018-06-03T17:57:48","slug":"contacto","status":"publish","type":"page","link":"https:\/\/wpd.ugr.es\/~secyta2018\/contacto\/","title":{"rendered":"Contacto"},"content":{"rendered":"<p>Secretar\u00eda t\u00e9cnica:<\/p>\n<ul>\n<li>Fernando Tapia (Viajes Genil S.A.)<\/li>\n<li><a href=\"mailto:ftapia@viajesgenil.es\">ftapia@viajesgenil.es<\/a><\/li>\n<li>Tel. 958 27 52 00<\/li>\n<li>Avenida de la Constituci\u00f3n, 19 &#8211; Granada.<\/li>\n<\/ul>\n<p>Si desea ponerse en contacto con la secretar\u00eda cient\u00edfica, complete el siguiente formulario.<\/p>\n<form action=\"..\/contacto-form.php\" enctype=\"multipart\/form-data\" method=\"POST\" name=\"email_form_with_php\">\n<div id=\"formulario\">\n<table class=\"formulario\">\n<tbody>\n<tr>\n<td class=\"left\">Nombre (Requerido)<\/td>\n<\/tr>\n<tr>\n<td class=\"left\"><input maxlength=\"60\" name=\"your-name\" size=\"40\" type=\"text\" \/><\/td>\n<\/tr>\n<tr>\n<td class=\"left\">Email (Requerido)<\/td>\n<\/tr>\n<tr>\n<td class=\"left\"><input maxlength=\"60\" name=\"your-email\" size=\"40\" type=\"text\" \/><\/td>\n<\/tr>\n<tr>\n<td class=\"left\">Asunto<\/td>\n<\/tr>\n<tr>\n<td class=\"left\"><input name=\"your-subject\" size=\"40\" type=\"text\" \/><\/td>\n<\/tr>\n<tr>\n<td class=\"left\">Mensaje (Requerido)<\/td>\n<\/tr>\n<tr>\n<td class=\"left\"><textarea cols=\"40\" name=\"your-message\" rows=\"10\"><\/textarea><\/td>\n<\/tr>\n<\/tbody>\n<\/table>\n<div class=\"g-recaptcha\" data-sitekey=\"6Lee_VwUAAAAAAVzCl9C4vNDTWgrqwrBHBLlPWEA\" padding-bottom=\"25px\"><\/div>\n<p><input name=\"submit\" type=\"submit\" value=\"Enviar\" \/><\/p>\n<\/div>\n<\/form>\n","protected":false},"excerpt":{"rendered":"<p>Secretar\u00eda t\u00e9cnica: Fernando Tapia (Viajes Genil S.A.) ftapia@viajesgenil.es Tel. 958 27 52 00 Avenida de la Constituci\u00f3n, 19 &#8211; Granada. Si desea ponerse en contacto con la secretar\u00eda cient\u00edfica, complete el siguiente formulario. Nombre (Requerido) Email (Requerido) Asunto Mensaje (Requerido)<\/p>\n","protected":false},"author":1,"featured_media":0,"parent":0,"menu_order":0,"comment_status":"closed","ping_status":"closed","template":"","meta":[],"_links":{"self":[{"href":"https:\/\/wpd.ugr.es\/~secyta2018\/wp-json\/wp\/v2\/pages\/498"}],"collection":[{"href":"https:\/\/wpd.ugr.es\/~secyta2018\/wp-json\/wp\/v2\/pages"}],"about":[{"href":"https:\/\/wpd.ugr.es\/~secyta2018\/wp-json\/wp\/v2\/types\/page"}],"author":[{"embeddable":true,"href":"https:\/\/wpd.ugr.es\/~secyta2018\/wp-json\/wp\/v2\/users\/1"}],"replies":[{"embeddable":true,"href":"https:\/\/wpd.ugr.es\/~secyta2018\/wp-json\/wp\/v2\/comments?post=498"}],"version-history":[{"count":14,"href":"https:\/\/wpd.ugr.es\/~secyta2018\/wp-json\/wp\/v2\/pages\/498\/revisions"}],"predecessor-version":[{"id":1299,"href":"https:\/\/wpd.ugr.es\/~secyta2018\/wp-json\/wp\/v2\/pages\/498\/revisions\/1299"}],"wp:attachment":[{"href":"https:\/\/wpd.ugr.es\/~secyta2018\/wp-json\/wp\/v2\/media?parent=498"}],"curies":[{"name":"wp","href":"https:\/\/api.w.org\/{rel}","templated":true}]}}