{"id":251,"date":"2017-07-10T08:55:17","date_gmt":"2017-07-10T07:55:17","guid":{"rendered":"http:\/\/wpd.ugr.es\/~sejyd\/?page_id=251"},"modified":"2023-09-05T06:41:36","modified_gmt":"2023-09-05T05:41:36","slug":"board-members","status":"publish","type":"page","link":"https:\/\/wpd.ugr.es\/~sejyd\/board-members\/","title":{"rendered":"Board Members"},"content":{"rendered":"\t\t<div data-elementor-type=\"wp-page\" data-elementor-id=\"251\" class=\"elementor elementor-251\">\n\t\t\t\t\t\t\t\t\t<section class=\"elementor-section elementor-top-section elementor-element elementor-element-2b5b114 elementor-section-boxed elementor-section-height-default elementor-section-height-default wpr-particle-no wpr-jarallax-no wpr-parallax-no wpr-sticky-section-no\" data-id=\"2b5b114\" data-element_type=\"section\">\n\t\t\t\t\t\t<div class=\"elementor-container elementor-column-gap-default\">\n\t\t\t\t\t<div class=\"elementor-column elementor-col-100 elementor-top-column elementor-element elementor-element-3ffc31b\" data-id=\"3ffc31b\" data-element_type=\"column\">\n\t\t\t<div class=\"elementor-widget-wrap elementor-element-populated\">\n\t\t\t\t\t\t\t\t<div class=\"elementor-element elementor-element-4b1698b elementor-widget elementor-widget-heading\" data-id=\"4b1698b\" data-element_type=\"widget\" data-widget_type=\"heading.default\">\n\t\t\t\t<div class=\"elementor-widget-container\">\n\t\t\t<style>\/*! elementor - v3.15.0 - 09-08-2023 *\/\n.elementor-heading-title{padding:0;margin:0;line-height:1}.elementor-widget-heading .elementor-heading-title[class*=elementor-size-]>a{color:inherit;font-size:inherit;line-height:inherit}.elementor-widget-heading .elementor-heading-title.elementor-size-small{font-size:15px}.elementor-widget-heading .elementor-heading-title.elementor-size-medium{font-size:19px}.elementor-widget-heading .elementor-heading-title.elementor-size-large{font-size:29px}.elementor-widget-heading .elementor-heading-title.elementor-size-xl{font-size:39px}.elementor-widget-heading .elementor-heading-title.elementor-size-xxl{font-size:59px}<\/style><h2 class=\"elementor-heading-title elementor-size-default\">Board Members<\/h2>\t\t<\/div>\n\t\t\t\t<\/div>\n\t\t\t\t\t<\/div>\n\t\t<\/div>\n\t\t\t\t\t\t\t<\/div>\n\t\t<\/section>\n\t\t\t\t<section class=\"elementor-section elementor-top-section elementor-element elementor-element-bd7f71c elementor-section-boxed elementor-section-height-default elementor-section-height-default wpr-particle-no wpr-jarallax-no wpr-parallax-no wpr-sticky-section-no\" data-id=\"bd7f71c\" data-element_type=\"section\">\n\t\t\t\t\t\t<div class=\"elementor-container elementor-column-gap-default\">\n\t\t\t\t\t<div class=\"elementor-column elementor-col-33 elementor-top-column elementor-element elementor-element-eb62c7a\" data-id=\"eb62c7a\" data-element_type=\"column\">\n\t\t\t<div class=\"elementor-widget-wrap elementor-element-populated\">\n\t\t\t\t\t\t\t\t<div class=\"elementor-element elementor-element-d87606c eael-team-align-eael-team-align-default elementor-widget elementor-widget-eael-team-member\" data-id=\"d87606c\" data-element_type=\"widget\" data-widget_type=\"eael-team-member.default\">\n\t\t\t\t<div class=\"elementor-widget-container\">\n\t\t\t\n\n\t<div id=\"eael-team-member-d87606c\" class=\"eael-team-item eael-team-members-simple \">\n\t\t<div class=\"eael-team-item-inner\">\n\t\t\t<div class=\"eael-team-image\">\n\t\t\t\t<figure>\n\t\t\t\t\t<img decoding=\"async\" src=\"https:\/\/wpd.ugr.es\/~sejyd\/wp-content\/plugins\/elementor\/assets\/images\/placeholder.png\" alt=\"\">\n\t\t\t\t<\/figure>\n\t\t\t\t\n\t\t\t\t\n\t\t\t<\/div>\n\n\t\t\t<div class=\"eael-team-content\">\n\t\t\t\t<h3 class=\"eael-team-member-name\">Mar\u00eda Manuela Moreno <\/h3>\n\t\t\t\t<h4 class=\"eael-team-member-position\">President<\/h4>\n\n\t\t\t\t\t\t\t\t\t\t\t\t\t\t<p class=\"eael-team-text\">Mar\u00eda Manuela Moreno-Fern\u00e1ndez is Lecturer at the Department of Developmental Psychology (University of Granada). Her main research focuses on the cognitive biases that affect decision making, with a special emphasis on the individual differences approach. She is author of many journal articles in outlets such as Scientific Reports or Judgment and Decision Making. ORCID: https:\/\/orcid.org\/0000-0002-1747-4128<\/p>\n\t\t\t\t\t\t\t<\/div>\n\t\t<\/div>\n\t<\/div>\n\t\t\t<\/div>\n\t\t\t\t<\/div>\n\t\t\t\t\t<\/div>\n\t\t<\/div>\n\t\t\t\t<div class=\"elementor-column elementor-col-33 elementor-top-column elementor-element elementor-element-c5662d4\" data-id=\"c5662d4\" data-element_type=\"column\">\n\t\t\t<div class=\"elementor-widget-wrap elementor-element-populated\">\n\t\t\t\t\t\t\t\t<div class=\"elementor-element elementor-element-19067da eael-team-align-eael-team-align-default elementor-widget elementor-widget-eael-team-member\" data-id=\"19067da\" data-element_type=\"widget\" data-widget_type=\"eael-team-member.default\">\n\t\t\t\t<div class=\"elementor-widget-container\">\n\t\t\t\n\n\t<div id=\"eael-team-member-19067da\" class=\"eael-team-item eael-team-members-simple \">\n\t\t<div class=\"eael-team-item-inner\">\n\t\t\t<div class=\"eael-team-image\">\n\t\t\t\t<figure>\n\t\t\t\t\t<img decoding=\"async\" src=\"https:\/\/wpd.ugr.es\/~sejyd\/wp-content\/uploads\/2018\/12\/Fran.png\" alt=\"\">\n\t\t\t\t<\/figure>\n\t\t\t\t\n\t\t\t\t\n\t\t\t<\/div>\n\n\t\t\t<div class=\"eael-team-content\">\n\t\t\t\t<h3 class=\"eael-team-member-name\">Juan F. Navas<\/h3>\n\t\t\t\t<h4 class=\"eael-team-member-position\">Vice president<\/h4>\n\n\t\t\t\t\t\t\t\t\t\t\t\t\t\t<p class=\"eael-team-text\">Juan F. Navas is a postdoctoral researcher at the Department of Basic Psychology at Universidad Aut\u00f3noma de Madrid. He is member of the Responsible Gambling Advisory Council (Government of Spain). He holds a PhD in affective dysregulation in Gambling Disorder from the University of Granada. His main research interest focuses on emotion dysregulation, impulsivity and other affective disturbances in different risk behaviors from addiction to obesity. He has published in international scientific journals such as Addiction, International Journal of Obesity or Human Brain Mapping.<\/p>\n\t\t\t\t\t\t\t<\/div>\n\t\t<\/div>\n\t<\/div>\n\t\t\t<\/div>\n\t\t\t\t<\/div>\n\t\t\t\t\t<\/div>\n\t\t<\/div>\n\t\t\t\t<div class=\"elementor-column elementor-col-33 elementor-top-column elementor-element elementor-element-87696ab\" data-id=\"87696ab\" data-element_type=\"column\">\n\t\t\t<div class=\"elementor-widget-wrap elementor-element-populated\">\n\t\t\t\t\t\t\t\t<div class=\"elementor-element elementor-element-bf8c77b eael-team-align-eael-team-align-default elementor-widget elementor-widget-eael-team-member\" data-id=\"bf8c77b\" data-element_type=\"widget\" data-widget_type=\"eael-team-member.default\">\n\t\t\t\t<div class=\"elementor-widget-container\">\n\t\t\t\n\n\t<div id=\"eael-team-member-bf8c77b\" class=\"eael-team-item eael-team-members-simple \">\n\t\t<div class=\"eael-team-item-inner\">\n\t\t\t<div class=\"eael-team-image\">\n\t\t\t\t<figure>\n\t\t\t\t\t<img decoding=\"async\" src=\"https:\/\/wpd.ugr.es\/~sejyd\/wp-content\/uploads\/2023\/09\/Untitled-design.png\" alt=\"\">\n\t\t\t\t<\/figure>\n\t\t\t\t\n\t\t\t\t\n\t\t\t<\/div>\n\n\t\t\t<div class=\"eael-team-content\">\n\t\t\t\t<h3 class=\"eael-team-member-name\">Fernando Blanco<\/h3>\n\t\t\t\t<h4 class=\"eael-team-member-position\">Secretary<\/h4>\n\n\t\t\t\t\t\t\t\t\t\t\t\t\t\t<p class=\"eael-team-text\">Fernando Blanco is an Associate Professor at the Department of Social Psychology, University of Granada (Spain). His research interests focus on the experimental study of human cognitive biases, by using the theoretical background of associative\/contingency learning. He is author of scientific papers in journals like Judgment and Decision Making, Quarterly Journal of Experimental Psychology, etc. He is also interested in improving research methods and transparency in science, and loves good science popularization. ORCID: https:\/\/orcid.org\/0000-0003-1283-8313<\/p>\n\t\t\t\t\t\t\t<\/div>\n\t\t<\/div>\n\t<\/div>\n\t\t\t<\/div>\n\t\t\t\t<\/div>\n\t\t\t\t\t<\/div>\n\t\t<\/div>\n\t\t\t\t\t\t\t<\/div>\n\t\t<\/section>\n\t\t\t\t<section class=\"elementor-section elementor-top-section elementor-element elementor-element-0b33280 elementor-section-boxed elementor-section-height-default elementor-section-height-default wpr-particle-no wpr-jarallax-no wpr-parallax-no wpr-sticky-section-no\" data-id=\"0b33280\" data-element_type=\"section\">\n\t\t\t\t\t\t<div class=\"elementor-container elementor-column-gap-default\">\n\t\t\t\t\t<div class=\"elementor-column elementor-col-33 elementor-top-column elementor-element elementor-element-40e24bb\" data-id=\"40e24bb\" data-element_type=\"column\">\n\t\t\t<div class=\"elementor-widget-wrap elementor-element-populated\">\n\t\t\t\t\t\t\t\t<div class=\"elementor-element elementor-element-f4e6637 eael-team-align-eael-team-align-default elementor-widget elementor-widget-eael-team-member\" data-id=\"f4e6637\" data-element_type=\"widget\" data-widget_type=\"eael-team-member.default\">\n\t\t\t\t<div class=\"elementor-widget-container\">\n\t\t\t\n\n\t<div id=\"eael-team-member-f4e6637\" class=\"eael-team-item eael-team-members-simple \">\n\t\t<div class=\"eael-team-item-inner\">\n\t\t\t<div class=\"eael-team-image\">\n\t\t\t\t<figure>\n\t\t\t\t\t<img decoding=\"async\" src=\"https:\/\/wpd.ugr.es\/~sejyd\/wp-content\/plugins\/elementor\/assets\/images\/placeholder.png\" alt=\"\">\n\t\t\t\t<\/figure>\n\t\t\t\t\n\t\t\t\t\n\t\t\t<\/div>\n\n\t\t\t<div class=\"eael-team-content\">\n\t\t\t\t<h3 class=\"eael-team-member-name\">Itxaso Barberia<\/h3>\n\t\t\t\t<h4 class=\"eael-team-member-position\"><\/h4>\n\n\t\t\t\t\t\t\t\t\t\t\t\t\t\t<p class=\"eael-team-text\">Itxaso Barberia is Lecturer at the Department of Cognition, Development, and Educational Psychology of the Universitat de Barcelona. Her main research focuses on human causal learning and reasoning. She has published in international journals such as PLoS ONE or Journal of Experimental Psychology: Learning, Memory and Cognition<\/p>\n\t\t\t\t\t\t\t<\/div>\n\t\t<\/div>\n\t<\/div>\n\t\t\t<\/div>\n\t\t\t\t<\/div>\n\t\t\t\t\t<\/div>\n\t\t<\/div>\n\t\t\t\t<div class=\"elementor-column elementor-col-33 elementor-top-column elementor-element elementor-element-c1cc6ce\" data-id=\"c1cc6ce\" data-element_type=\"column\">\n\t\t\t<div class=\"elementor-widget-wrap elementor-element-populated\">\n\t\t\t\t\t\t\t\t<div class=\"elementor-element elementor-element-e6a62fa eael-team-align-eael-team-align-default elementor-widget elementor-widget-eael-team-member\" data-id=\"e6a62fa\" data-element_type=\"widget\" data-widget_type=\"eael-team-member.default\">\n\t\t\t\t<div class=\"elementor-widget-container\">\n\t\t\t\n\n\t<div id=\"eael-team-member-e6a62fa\" class=\"eael-team-item eael-team-members-simple \">\n\t\t<div class=\"eael-team-item-inner\">\n\t\t\t<div class=\"eael-team-image\">\n\t\t\t\t<figure>\n\t\t\t\t\t<img decoding=\"async\" src=\"https:\/\/wpd.ugr.es\/~sejyd\/wp-content\/uploads\/2018\/12\/AM_Espin.jpg\" alt=\"\">\n\t\t\t\t<\/figure>\n\t\t\t\t\n\t\t\t\t\n\t\t\t<\/div>\n\n\t\t\t<div class=\"eael-team-content\">\n\t\t\t\t<h3 class=\"eael-team-member-name\">Antonio M. Esp\u00edn <\/h3>\n\t\t\t\t<h4 class=\"eael-team-member-position\">Treasurer<\/h4>\n\n\t\t\t\t\t\t\t\t\t\t\t\t\t\t<p class=\"eael-team-text\">Antonio M. Esp\u00edn is an Athenea3i research fellow at the Social Anthropology Department of the University of Granada, Spain. He holds a PhD in Economics from the University of Granada. His main research interests are focused on the psychological and biological underpinnings of human social behavior. Dr. Esp\u00edn has published in outstanding academic journals such as Journal of Behavioral and Experimental Economics, Proceedings of the Royal Society B, Journal of Happiness Studies, Scientific Reports, Economics Letters, Psychoneuroendocrinology and Cognitive, Affective, &amp; Behavioral Neuroscience. Since 2016, he is also Associate Editor of the Journal of Behavioral Economics for Policy.<\/p>\n\t\t\t\t\t\t\t<\/div>\n\t\t<\/div>\n\t<\/div>\n\t\t\t<\/div>\n\t\t\t\t<\/div>\n\t\t\t\t\t<\/div>\n\t\t<\/div>\n\t\t\t\t<div class=\"elementor-column elementor-col-33 elementor-top-column elementor-element elementor-element-fb5341b\" data-id=\"fb5341b\" data-element_type=\"column\">\n\t\t\t<div class=\"elementor-widget-wrap elementor-element-populated\">\n\t\t\t\t\t\t\t\t<div class=\"elementor-element elementor-element-fdda55c eael-team-align-eael-team-align-default elementor-widget elementor-widget-eael-team-member\" data-id=\"fdda55c\" data-element_type=\"widget\" data-widget_type=\"eael-team-member.default\">\n\t\t\t\t<div class=\"elementor-widget-container\">\n\t\t\t\n\n\t<div id=\"eael-team-member-fdda55c\" class=\"eael-team-item eael-team-members-simple \">\n\t\t<div class=\"eael-team-item-inner\">\n\t\t\t<div class=\"eael-team-image\">\n\t\t\t\t<figure>\n\t\t\t\t\t<img decoding=\"async\" src=\"https:\/\/wpd.ugr.es\/~sejyd\/wp-content\/plugins\/elementor\/assets\/images\/placeholder.png\" alt=\"\">\n\t\t\t\t<\/figure>\n\t\t\t\t\n\t\t\t\t\n\t\t\t<\/div>\n\n\t\t\t<div class=\"eael-team-content\">\n\t\t\t\t<h3 class=\"eael-team-member-name\">Dafina Petrova<\/h3>\n\t\t\t\t<h4 class=\"eael-team-member-position\"><\/h4>\n\n\t\t\t\t\t\t\t\t\t\t\t\t\t\t<p class=\"eael-team-text\">Dafina Petrova is a senior postdoctoral researcher at the Biomedical Research Institute ibs.GRANADA, the Andalusian School of Public Health, and the CIBER of Epidemiology and Public Health (CIBERESP). She holds a PhD in Psychology from the University of Granada and does research on patient decision making and behavior in the areas of psycho-oncology and psycho-cardiology (https:\/\/orcid.org\/0000-0002-0346-6776). Dr. Petrova also collaborates in the European Prospective Investigation into Cancer and Nutrition (EPIC) study. Her research has been published in Psycho-oncology, Health Psychology Review, Cancers, British Journal of Cancer, and Medical Decision Making<\/p>\n\t\t\t\t\t\t\t<\/div>\n\t\t<\/div>\n\t<\/div>\n\t\t\t<\/div>\n\t\t\t\t<\/div>\n\t\t\t\t\t<\/div>\n\t\t<\/div>\n\t\t\t\t\t\t\t<\/div>\n\t\t<\/section>\n\t\t\t\t<section class=\"elementor-section elementor-top-section elementor-element elementor-element-d7afa4c elementor-section-boxed elementor-section-height-default elementor-section-height-default wpr-particle-no wpr-jarallax-no wpr-parallax-no wpr-sticky-section-no\" data-id=\"d7afa4c\" data-element_type=\"section\">\n\t\t\t\t\t\t<div class=\"elementor-container elementor-column-gap-default\">\n\t\t\t\t\t<div class=\"elementor-column elementor-col-33 elementor-top-column elementor-element elementor-element-58cfb35\" data-id=\"58cfb35\" data-element_type=\"column\">\n\t\t\t<div class=\"elementor-widget-wrap elementor-element-populated\">\n\t\t\t\t\t\t\t\t<div class=\"elementor-element elementor-element-b385a87 eael-team-align-eael-team-align-default elementor-widget elementor-widget-eael-team-member\" data-id=\"b385a87\" data-element_type=\"widget\" data-widget_type=\"eael-team-member.default\">\n\t\t\t\t<div class=\"elementor-widget-container\">\n\t\t\t\n\n\t<div id=\"eael-team-member-b385a87\" class=\"eael-team-item eael-team-members-simple \">\n\t\t<div class=\"eael-team-item-inner\">\n\t\t\t<div class=\"eael-team-image\">\n\t\t\t\t<figure>\n\t\t\t\t\t<img decoding=\"async\" src=\"https:\/\/wpd.ugr.es\/~sejyd\/wp-content\/plugins\/elementor\/assets\/images\/placeholder.png\" alt=\"\">\n\t\t\t\t<\/figure>\n\t\t\t\t\n\t\t\t\t\n\t\t\t<\/div>\n\n\t\t\t<div class=\"eael-team-content\">\n\t\t\t\t<h3 class=\"eael-team-member-name\">Miguel Vadillo<\/h3>\n\t\t\t\t<h4 class=\"eael-team-member-position\"><\/h4>\n\n\t\t\t\t\t\t\t\t\t\t\t\t\t\t<p class=\"eael-team-text\">Miguel Vadillo is a senior research fellow at Universidad Aut\u00f3noma de Madrid. Previously he has been a lecturer at King\u2019s College London and the University of Deusto and a postdoctoral researcher at University College London. His research interests include different aspects of learning, memory and cognition, with a particular focus on unconscious mental processes. His research has been published in leading academic journals, including Psychological Science, Journal of Experimental Psychology: General, and Psychological Bulletin.<\/p>\n\t\t\t\t\t\t\t<\/div>\n\t\t<\/div>\n\t<\/div>\n\t\t\t<\/div>\n\t\t\t\t<\/div>\n\t\t\t\t\t<\/div>\n\t\t<\/div>\n\t\t\t\t<div class=\"elementor-column elementor-col-33 elementor-top-column elementor-element elementor-element-4d4c9f4\" data-id=\"4d4c9f4\" data-element_type=\"column\">\n\t\t\t<div class=\"elementor-widget-wrap\">\n\t\t\t\t\t\t\t\t\t<\/div>\n\t\t<\/div>\n\t\t\t\t<div class=\"elementor-column elementor-col-33 elementor-top-column elementor-element elementor-element-ed21c03\" data-id=\"ed21c03\" data-element_type=\"column\">\n\t\t\t<div class=\"elementor-widget-wrap elementor-element-populated\">\n\t\t\t\t\t\t\t\t<div class=\"elementor-element elementor-element-54bdee0 eael-team-align-eael-team-align-default elementor-widget elementor-widget-eael-team-member\" data-id=\"54bdee0\" data-element_type=\"widget\" data-widget_type=\"eael-team-member.default\">\n\t\t\t\t<div class=\"elementor-widget-container\">\n\t\t\t\n\n\t<div id=\"eael-team-member-54bdee0\" class=\"eael-team-item eael-team-members-simple \">\n\t\t<div class=\"eael-team-item-inner\">\n\t\t\t<div class=\"eael-team-image\">\n\t\t\t\t<figure>\n\t\t\t\t\t<img decoding=\"async\" src=\"https:\/\/wpd.ugr.es\/~sejyd\/wp-content\/uploads\/2018\/12\/Yasmina-e1544545418654.png\" alt=\"\">\n\t\t\t\t<\/figure>\n\t\t\t\t\n\t\t\t\t\n\t\t\t<\/div>\n\n\t\t\t<div class=\"eael-team-content\">\n\t\t\t\t<h3 class=\"eael-team-member-name\">Yasmina Okan<\/h3>\n\t\t\t\t<h4 class=\"eael-team-member-position\"><\/h4>\n\n\t\t\t\t\t\t\t\t\t\t\t\t\t\t<p class=\"eael-team-text\">Yasmina Okan is an Associate Professor in Behavioral Decision Making at the Centre for Decision Research, Leeds University Business School (UK). She holds a PhD in Experimental Psychology from the University of Granada (Spain). Her research focuses on the psychology of judgment and decision making, with an emphasis on health risk perception and communication. Her work has been supported by grants from Cancer Research UK, the US Informed Medical Decisions Foundation, Worldwide Universities Network, and the Spanish Ministry of Education and Culture. Dr. Okan\u2019s research has been published in leading academic journals including Journal of Behavioral Decision Making, Journal of Experimental Psychology: Applied, Risk Analysis, Quarterly Journal of Experimental Psychology, and Medical Decision Making (https:\/\/orcid.org\/0000-0001-7963-1363).<\/p>\n\t\t\t\t\t\t\t<\/div>\n\t\t<\/div>\n\t<\/div>\n\t\t\t<\/div>\n\t\t\t\t<\/div>\n\t\t\t\t\t<\/div>\n\t\t<\/div>\n\t\t\t\t\t\t\t<\/div>\n\t\t<\/section>\n\t\t\t\t\t\t\t<\/div>\n\t\t","protected":false},"excerpt":{"rendered":"<p>Board Members Mar\u00eda Manuela Moreno President Mar\u00eda Manuela Moreno-Fern\u00e1ndez is Lecturer at the Department of Developmental Psychology (University of Granada). Her main research focuses on the cognitive biases that affect decision making, with a special emphasis on the individual differences approach. She is author of many journal articles in outlets such as Scientific Reports or &hellip; <\/p>\n<p class=\"link-more\"><a href=\"https:\/\/wpd.ugr.es\/~sejyd\/board-members\/\" class=\"more-link\">Continue reading<span class=\"screen-reader-text\"> &#8220;Board Members&#8221;<\/span><\/a><\/p>\n","protected":false},"author":1,"featured_media":0,"parent":0,"menu_order":0,"comment_status":"closed","ping_status":"closed","template":"elementor_header_footer","meta":{"inline_featured_image":false},"_links":{"self":[{"href":"https:\/\/wpd.ugr.es\/~sejyd\/wp-json\/wp\/v2\/pages\/251"}],"collection":[{"href":"https:\/\/wpd.ugr.es\/~sejyd\/wp-json\/wp\/v2\/pages"}],"about":[{"href":"https:\/\/wpd.ugr.es\/~sejyd\/wp-json\/wp\/v2\/types\/page"}],"author":[{"embeddable":true,"href":"https:\/\/wpd.ugr.es\/~sejyd\/wp-json\/wp\/v2\/users\/1"}],"replies":[{"embeddable":true,"href":"https:\/\/wpd.ugr.es\/~sejyd\/wp-json\/wp\/v2\/comments?post=251"}],"version-history":[{"count":65,"href":"https:\/\/wpd.ugr.es\/~sejyd\/wp-json\/wp\/v2\/pages\/251\/revisions"}],"predecessor-version":[{"id":870,"href":"https:\/\/wpd.ugr.es\/~sejyd\/wp-json\/wp\/v2\/pages\/251\/revisions\/870"}],"wp:attachment":[{"href":"https:\/\/wpd.ugr.es\/~sejyd\/wp-json\/wp\/v2\/media?parent=251"}],"curies":[{"name":"wp","href":"https:\/\/api.w.org\/{rel}","templated":true}]}}