{"id":215,"date":"2023-04-05T14:26:06","date_gmt":"2023-04-05T12:26:06","guid":{"rendered":"https:\/\/inspiringaudiologyugr.wordpress.com\/?page_id=215"},"modified":"2026-04-08T13:06:33","modified_gmt":"2026-04-08T13:06:33","slug":"projects","status":"publish","type":"page","link":"https:\/\/wpd.ugr.es\/~sig.proc.audiology\/projects\/","title":{"rendered":"Projects"},"content":{"rendered":"\n<h1 class=\"wp-block-heading has-huge-font-size\">Current<\/h1>\n\n\n\n<div class=\"wp-block-columns is-layout-flex wp-container-core-columns-is-layout-28f84493 wp-block-columns-is-layout-flex\">\n<div class=\"wp-block-column is-layout-flow wp-block-column-is-layout-flow\" style=\"flex-basis:33.33%\">\n<figure class=\"wp-block-image size-full is-resized\"><a href=\"https:\/\/wpd.ugr.es\/~sig.proc.audiology\/e-hhl-d\/\"><img loading=\"lazy\" decoding=\"async\" width=\"814\" height=\"394\" src=\"https:\/\/wpd.ugr.es\/~sig.proc.audiology\/wp-content\/uploads\/2026\/03\/Logo_Junta_EHHLD.png\" alt=\"\" class=\"wp-image-1928\" style=\"width:287px;height:auto\" srcset=\"https:\/\/wpd.ugr.es\/~sig.proc.audiology\/wp-content\/uploads\/2026\/03\/Logo_Junta_EHHLD.png 814w, https:\/\/wpd.ugr.es\/~sig.proc.audiology\/wp-content\/uploads\/2026\/03\/Logo_Junta_EHHLD-300x145.png 300w, https:\/\/wpd.ugr.es\/~sig.proc.audiology\/wp-content\/uploads\/2026\/03\/Logo_Junta_EHHLD-768x372.png 768w\" sizes=\"auto, (max-width: 814px) 100vw, 814px\" \/><\/a><\/figure>\n<\/div>\n\n\n\n<div class=\"wp-block-column is-layout-flow wp-block-column-is-layout-flow\" style=\"flex-basis:66.66%\">\n<ul class=\"wp-block-list\">\n<li><strong>Title<\/strong>: <a href=\"https:\/\/wpd.ugr.es\/~sig.proc.audiology\/e-hhl-d\/\" data-type=\"page\" data-id=\"502\">Early Hidden Hearing Loss Detection (E-HHL-D)<\/a><br><strong>Ref<\/strong>: P21_00152   (ProyExcel_00152) <br><strong>Objective<\/strong>: To develop a diagnostic toolkit based on neurophysiological and psychoacoustic tests sensitive to early signs of hearing loss<br><strong>Duration<\/strong>: Jan 2023 \u2013 Dec 2025<br><strong>PIs<\/strong>:<strong> <\/strong>\u00c1ngel de la Torre, Jos\u00e9 C. Segura<br><strong>Funding source<\/strong>: Proyectos de Excelencia en el \u00e1mbito del Plan Andaluz de Investigaci\u00f3n, Desarrollo e Innovaci\u00f3n, Convocatoria 2021. Consejer\u00eda de Universidad, Investigaci\u00f3n e Innovaci\u00f3n, Junta de Andaluc\u00eda<\/li>\n<\/ul>\n<\/div>\n<\/div>\n\n\n\n<div class=\"wp-block-columns is-layout-flex wp-container-core-columns-is-layout-28f84493 wp-block-columns-is-layout-flex\">\n<div class=\"wp-block-column is-layout-flow wp-block-column-is-layout-flow\" style=\"flex-basis:33.33%\">\n<figure class=\"wp-block-image size-full\"><a href=\"https:\/\/wpd.ugr.es\/~sig.proc.audiology\/speech-aeps\/\"><img loading=\"lazy\" decoding=\"async\" width=\"847\" height=\"371\" src=\"https:\/\/wpd.ugr.es\/~sig.proc.audiology\/wp-content\/uploads\/2025\/11\/Logo_SpeechAEPs.jpg\" alt=\"\" class=\"wp-image-1555\" srcset=\"https:\/\/wpd.ugr.es\/~sig.proc.audiology\/wp-content\/uploads\/2025\/11\/Logo_SpeechAEPs.jpg 847w, https:\/\/wpd.ugr.es\/~sig.proc.audiology\/wp-content\/uploads\/2025\/11\/Logo_SpeechAEPs-300x131.jpg 300w, https:\/\/wpd.ugr.es\/~sig.proc.audiology\/wp-content\/uploads\/2025\/11\/Logo_SpeechAEPs-768x336.jpg 768w\" sizes=\"auto, (max-width: 847px) 100vw, 847px\" \/><\/a><\/figure>\n<\/div>\n\n\n\n<div class=\"wp-block-column is-layout-flow wp-block-column-is-layout-flow\" style=\"flex-basis:66.66%\">\n<ul class=\"wp-block-list\">\n<li><strong>Title<\/strong>: <a href=\"https:\/\/wpd.ugr.es\/~sig.proc.audiology\/speech-aeps\/\" data-type=\"page\" data-id=\"525\">Towards auditory evoked potentials evoked by natural speech (Speech-AEPs)<\/a><br><strong>Ref:<\/strong>   PID2020-119073GB-I00 <br><strong>Objective<\/strong>: To develop a novel signal processing algorithm that estimates the neurophysiological response to natural unprocessed speech<br><strong>Duration<\/strong>: Sep 2021 \u2013 Aug 2025<br><strong>PIs<\/strong>:<strong> <\/strong>\u00c1ngel de la Torre, Jos\u00e9 C. Segura<br><strong>Funding source<\/strong>: Convocatoria 2020 Proyectos de I+D+i de los Programas Estatales de Generaci\u00f3n de Conocimiento y Fortalecimiento Cient\u00edfico y Tecnol\u00f3gico del Sistema de I+D+i y de I+D+i Orientada a los Retos de la Sociedad, en el marco del Plan Estatal de Investigaci\u00f3n Cient\u00edfica y T\u00e9cnica y de Innovaci\u00f3n 2017-2020. Ministerio de Ciencia e Innovaci\u00f3n, Gobierno de Espa\u00f1a<\/li>\n<\/ul>\n<\/div>\n<\/div>\n\n\n\n<div style=\"height:3px\" aria-hidden=\"true\" class=\"wp-block-spacer\"><\/div>\n\n\n\n<hr class=\"wp-block-separator has-alpha-channel-opacity\"\/>\n\n\n\n<div style=\"height:3px\" aria-hidden=\"true\" class=\"wp-block-spacer\"><\/div>\n\n\n\n<h1 class=\"wp-block-heading has-huge-font-size\">Completed<\/h1>\n\n\n\n<ul class=\"wp-block-list\">\n<li class=\"has-small-font-size\"><strong>Title<\/strong>: <a href=\"https:\/\/wpd.ugr.es\/~sig.proc.audiology\/binaural-eval\/\" data-type=\"page\" data-id=\"266\">Objective and subjective electrophysiological evaluation of the benefit of binaural perception in normal hearing individuals and cochlear implant users (BINAURAL-EVAL)<\/a><br><strong>Objective<\/strong>: To develop novel objective and subjective tests that characterise the acoustic benefit associated with binaural hearing in normal hearing individuals and cochlear implant users<br><strong>Duration<\/strong>: Sep 2021 \u2013 June 2023<br><strong>PI<\/strong>:<strong> <\/strong>\u00c1ngel de la Torre<br><strong>Funding source<\/strong>: Ayudas en concurrencia competitiva a proyectos de I+D+i en el marco del programa operativo FEDER Andaluc\u00eda 2014\u20132020. Consejer\u00eda de Econom\u00eda, Conocimiento, Empresas y Universidad, Junta de Andaluc\u00eda<\/li>\n\n\n\n<li class=\"has-small-font-size\"><strong>Title<\/strong>: <a href=\"https:\/\/wpd.ugr.es\/~sig.proc.audiology\/peat-rsa-system\/\" data-type=\"page\" data-id=\"555\">Design, implementation and evaluation of an advanced system for recording auditory brainstem responses (ABR) based on coded signalling<\/a><br><strong>Objective<\/strong>: To develop, implement and validate the hardware and software of a flexible system for recording auditory brainstem responses, along with a novel mathematical algorithm that enables deconvolution of overlapping responses<br><strong>Duration<\/strong>: Jan 2010 \u2013 Dec 2013<br><strong>PI<\/strong>:<strong> <\/strong>Jos\u00e9 C. Segura<br><strong>Funding source<\/strong>: Ministerio de Ciencia e Innovaci\u00f3n, Gobierno de Espa\u00f1a<\/li>\n<\/ul>\n\n\n\n\n\n\n\n\n\n\n","protected":false},"excerpt":{"rendered":"<p>Current Completed<\/p>\n","protected":false},"author":2,"featured_media":0,"parent":0,"menu_order":0,"comment_status":"closed","ping_status":"closed","template":"","meta":{"_acf_changed":false,"footnotes":""},"class_list":["post-215","page","type-page","status-publish","hentry","entry"],"acf":[],"_links":{"self":[{"href":"https:\/\/wpd.ugr.es\/~sig.proc.audiology\/wp-json\/wp\/v2\/pages\/215","targetHints":{"allow":["GET"]}}],"collection":[{"href":"https:\/\/wpd.ugr.es\/~sig.proc.audiology\/wp-json\/wp\/v2\/pages"}],"about":[{"href":"https:\/\/wpd.ugr.es\/~sig.proc.audiology\/wp-json\/wp\/v2\/types\/page"}],"author":[{"embeddable":true,"href":"https:\/\/wpd.ugr.es\/~sig.proc.audiology\/wp-json\/wp\/v2\/users\/2"}],"replies":[{"embeddable":true,"href":"https:\/\/wpd.ugr.es\/~sig.proc.audiology\/wp-json\/wp\/v2\/comments?post=215"}],"version-history":[{"count":15,"href":"https:\/\/wpd.ugr.es\/~sig.proc.audiology\/wp-json\/wp\/v2\/pages\/215\/revisions"}],"predecessor-version":[{"id":2053,"href":"https:\/\/wpd.ugr.es\/~sig.proc.audiology\/wp-json\/wp\/v2\/pages\/215\/revisions\/2053"}],"wp:attachment":[{"href":"https:\/\/wpd.ugr.es\/~sig.proc.audiology\/wp-json\/wp\/v2\/media?parent=215"}],"curies":[{"name":"wp","href":"https:\/\/api.w.org\/{rel}","templated":true}]}}