{"id":266,"date":"2023-04-06T12:25:00","date_gmt":"2023-04-06T10:25:00","guid":{"rendered":"https:\/\/inspiringaudiologyugr.wordpress.com\/?page_id=266"},"modified":"2023-11-02T12:59:18","modified_gmt":"2023-11-02T12:59:18","slug":"binaural-eval","status":"publish","type":"page","link":"https:\/\/wpd.ugr.es\/~sig.proc.audiology\/binaural-eval\/","title":{"rendered":"BINAURAL-EVAL"},"content":{"rendered":"\n<div class=\"wp-block-columns is-layout-flex wp-container-core-columns-is-layout-28f84493 wp-block-columns-is-layout-flex\">\n<div class=\"wp-block-column is-layout-flow wp-block-column-is-layout-flow\" style=\"flex-basis:33.33%\">\n<figure class=\"wp-block-image size-full\"><img loading=\"lazy\" decoding=\"async\" width=\"300\" height=\"226\" src=\"https:\/\/wpd.ugr.es\/~sig.proc.audiology\/wp-content\/uploads\/2023\/04\/consejeria-universidad.png\" alt=\"\" class=\"wp-image-511\"\/><\/figure>\n\n\n\n<figure class=\"wp-block-image size-large\"><img loading=\"lazy\" decoding=\"async\" width=\"2124\" height=\"988\" src=\"https:\/\/wpd.ugr.es\/~sig.proc.audiology\/wp-content\/uploads\/2023\/06\/feder_logo.jpg?w=750\" alt=\"\" class=\"wp-image-804\" srcset=\"https:\/\/wpd.ugr.es\/~sig.proc.audiology\/wp-content\/uploads\/2023\/06\/feder_logo.jpg 2124w, https:\/\/wpd.ugr.es\/~sig.proc.audiology\/wp-content\/uploads\/2023\/06\/feder_logo-300x140.jpg 300w, https:\/\/wpd.ugr.es\/~sig.proc.audiology\/wp-content\/uploads\/2023\/06\/feder_logo-1024x476.jpg 1024w, https:\/\/wpd.ugr.es\/~sig.proc.audiology\/wp-content\/uploads\/2023\/06\/feder_logo-768x357.jpg 768w, https:\/\/wpd.ugr.es\/~sig.proc.audiology\/wp-content\/uploads\/2023\/06\/feder_logo-1536x714.jpg 1536w, https:\/\/wpd.ugr.es\/~sig.proc.audiology\/wp-content\/uploads\/2023\/06\/feder_logo-2048x953.jpg 2048w\" sizes=\"auto, (max-width: 2124px) 100vw, 2124px\" \/><\/figure>\n\n\n\n<figure class=\"wp-block-image size-large\"><img decoding=\"async\" src=\"https:\/\/wpd.ugr.es\/~sig.proc.audiology\/wp-content\/uploads\/2023\/06\/andalucia-se-mueve-con-europa.jpg?w=750\" alt=\"\" class=\"wp-image-801\"\/><\/figure>\n<\/div>\n\n\n\n<div class=\"wp-block-column is-layout-flow wp-block-column-is-layout-flow\" style=\"flex-basis:66.66%\">\n<p class=\"has-small-font-size\"><strong>Title<\/strong>: <em>Objective and subjective electrophysiological evaluation of the benefit of binaural perception in normal hearing individuals and cochlear implant users <\/em>&lt;&lt;Evaluaci\u00f3n electrofisiol\u00f3gica objetiva y subjetiva del beneficio de la percepci\u00f3n binaural en normoyentes y portadores de implante coclear&gt;&gt;<br><strong>Acronym<\/strong>: BINAURAL-EVAL<br><strong>Reference<\/strong>: B.TIC.382.UGR20<br><strong>Funding source<\/strong>: Ayudas en concurrencia competitiva a proyectos de I+D+i en el marco del programa operativo FEDER Andaluc\u00eda 2014\u20132020. Fondo Europeo de Desarrollo Regional (FEDER); y Consejer\u00eda de Universidad, Investigaci\u00f3n e Innovaci\u00f3n, Junta de Andaluc\u00eda<br><strong>Duration<\/strong>: 01\/09\/2021 \u2013 30\/06\/2023<br><strong>Amount funded<\/strong>: 35.000,00 \u20ac<br><strong>Participants<\/strong>: University of Granada<br><strong>IP<\/strong>: \u00c1ngel de la Torre<br><strong>Investigators<\/strong>: \u00c1ngel de la Torre, Jos\u00e9 C. Segura, Isaac M. \u00c1lvarez, Mar\u00eda del Carmen Ben\u00edtez, Jos\u00e9 L. Vargas, Jos\u00e9 M. Ruiz<br><strong>Collaborators<\/strong>: Joaqu\u00edn T. Valderrama, Jessica Monaghan, Ronny Ibrahim, David McAlpine, Jaime Undurraga, Marta Mart\u00ednez Mart\u00ednez, Patricia P\u00e9rez, Juan Mart\u00edn-Lagos, Nicol\u00e1s M\u00fcller<\/p>\n<\/div>\n<\/div>\n\n\n\n<hr class=\"wp-block-separator has-alpha-channel-opacity\"\/>\n\n\n\n<p class=\"has-small-font-size\" style=\"padding-top:0;padding-right:0;padding-bottom:0;padding-left:0\">This project <strong>aims <\/strong>to study the benefits of binaural perception with respect to sound source localization and the intelligibility of perceived speech in noisy environments. The evaluation of binaural benefit will be carried out by combining objective electro-physiological tests (auditory evoked potentials) and subjective tests (using the subject&#8217;s response in auditory perception tests). The study will include normal hearing subjects and subjects with severe or profound hearing loss who have received cochlear implants. The analysis of these tests will contribute to understanding and modeling the mechanisms involved in binaural perception, evaluating the benefits it provides, and understanding the factors that condition or limit these benefits, with special interest in hearing-impaired patients who use cochlear implants. The <strong>specific objectives<\/strong> of the project include:<\/p>\n\n\n\n<p class=\"has-small-font-size\" style=\"padding-top:0;padding-right:0;padding-bottom:0;padding-left:var(--wp--preset--spacing--40)\">1. Development of advanced techniques for recording auditory evoked potentials (AEPs).<br>2. Development of specific protocols based on advanced AEP recording to analyze the electro-physiological responses associated with binaural benefit.<br>3. Development of computer applications that facilitate the use of AEP recording techniques and protocols by the scientific community and by professionals and users without specific technical training.<br>4. Development of subjective tests to evaluate binaural benefit.<br>5. Development of a binaural perception model based on objective and subjective measures.<br>6. Development of simulation tools for binaural perception with cochlear implants.<br>7. Evaluation of binaural perception benefit in normal hearing individuals using cochlear implant simulations, both in objective electro-physiological tests and in subjective tests.<br>8. Development of instruments to evaluate the benefit of binaural perception in both normal hearing individuals and cochlear implant users.<br>9. Evaluation of binaural perception benefit in individuals with bilateral cochlear implants.<br>10. Development of auditory training tools to improve binaural perception.<br>11. Development of computer applications that facilitate the use of binaural perception evaluation and auditory training tools by professionals and users without specific technical training.<\/p>\n\n\n\n<p class=\"has-background has-small-font-size\" style=\"background-color:#ffffff00;padding-top:0;padding-right:0;padding-bottom:0;padding-left:0\">The main <strong>expected results<\/strong> of the project are: (1) Advanced techniques for recording auditory evoked potentials, using complex stimuli (binaural, with multiple sources, with control of phase shifts and delays, including speech and noise), and appropriate procedures for estimating evoked activity of the auditory pathways for these stimuli. (2) Modeling of the physiological mechanisms and limiting factors in binaural perception, both in normal hearing individuals and cochlear implant users. (3) Clinical protocols for evaluating binaural perception ability. (4) Auditory training procedures to improve the benefits of binaural perception, primarily for cochlear implant users.<\/p>\n\n\n\n<hr class=\"wp-block-separator has-alpha-channel-opacity\"\/>\n\n\n\n<p><strong>Journal articles<\/strong><\/p>\n\n\n\n<ul class=\"wp-block-list\">\n<li class=\"has-small-font-size\">Valderrama JT, de la Torre A, McAlpine D. The hunt for hidden hearing loss in humans: From preclinical studies to effective interventions. <em>Frontiers in Neuroscience<\/em> (<strong>2022<\/strong>) 16, 1000304, 13p. doi: <a rel=\"noreferrer noopener\" href=\"https:\/\/doi.org\/10.3389\/fnins.2022.1000304\" target=\"_blank\">10.3389\/fnins.2022.1000304<\/a>. [<em><a rel=\"noreferrer noopener\" href=\"https:\/\/wpd.ugr.es\/~sig.proc.audiology\/wp-content\/uploads\/2023\/04\/valderrama2022_frneurosci.pdf\" target=\"_blank\">Download<\/a><\/em>]<\/li>\n\n\n\n<li class=\"has-small-font-size\">Martinez M, Valderrama JT, Alvarez IM, de la Torre A, Vargas JL. Auditory brainstem responses obtained with randomised stimulation level. <em>International Journal of Audiology<\/em> (<strong>2022<\/strong>), available online at <a rel=\"noreferrer noopener\" href=\"https:\/\/doi.org\/10.1080\/14992027.2022.2047233\" target=\"_blank\">10.1080\/14992027.2022.2047233<\/a>. [<em><a rel=\"noreferrer noopener\" href=\"https:\/\/wpd.ugr.es\/~sig.proc.audiology\/wp-content\/uploads\/2023\/04\/martinez2022_ija_manuscript-1.pdf\" target=\"_blank\">Download<\/a><\/em>]<\/li>\n\n\n\n<li class=\"has-small-font-size\">de la Torre A, Valderrama JT, Segura JC, Alvarez IM. Subspace-constrained deconvolution of auditory evoked potentials. <em>Journal of the Acoustical Society of America<\/em> (<strong>2022<\/strong>) 151, 3745-3757. doi: <a rel=\"noreferrer noopener\" href=\"https:\/\/asa.scitation.org\/doi\/10.1121\/10.0011423\" target=\"_blank\">10.1121\/10.0011423<\/a>. [<em><a rel=\"noreferrer noopener\" href=\"https:\/\/github.com\/SignalProcessingAudiology\/delaTorre_JASA2022\" target=\"_blank\">Download<\/a><\/em>]<\/li>\n<\/ul>\n\n\n\n<p><strong>Patents<\/strong><\/p>\n\n\n\n<ul class=\"wp-block-list\">\n<li class=\"has-small-font-size\"><strong>Title<\/strong>: Devices and methods for common mode noise reduction in biopotential acquisitions<br><strong>Inventors<\/strong>: de la Torre A, Alvarez IM, Segura JC, Valderrama JT, Palma AJ, Carvajal MA, Pousibet A<br><strong>Applicant<\/strong>: University of Granada (Spain)<br><strong>Application number<\/strong>: EP23382433.3 (European patent grant request)<br><strong>Priority date<\/strong>: 10\/05\/2023<br><strong>Status<\/strong>: Under review<br><strong>Contact<\/strong>: [<em>Principal Investigator<\/em>] Prof \u00c1ngel de la Torre Vega (<a href=\"mailto:atv@ugr.es\">atv@ugr.es<\/a>). [<em>University of Granada<\/em>] Knowledge Transfer Office (<a href=\"mailto:otri@ugr.es\">otri@ugr.es<\/a>).<\/li>\n<\/ul>\n\n\n\n<p><br><strong>Students supervision<\/strong><\/p>\n\n\n\n<ul class=\"wp-block-list\">\n<li class=\"has-small-font-size\"><strong>Phd candidate<\/strong>: Marta Mart\u00ednez Mart\u00ednez<br><strong>Title<\/strong>: <em>New strategies for recording auditory evoked potentials using randomized monaural intensity stimulation and binaural stimulation <\/em>&lt;&lt;Nuevas estrategias de registro de potenciales evocados auditivos utilizando estimulaci\u00f3n monoaural aleatorizada en intensidad y estimulaci\u00f3n binaural&gt;&gt;<br><strong>Supervisors<\/strong>: Isaac M. \u00c1lvarez, Joaqu\u00edn T. Valderrama<br><strong>Department<\/strong>: Programa de Doctorado en Medicina y Salud P\u00fablica, University of Granada<br><strong>Date of the Award<\/strong>: 12\/12\/2022<br><strong>Grade<\/strong>: Cum Laude<br><strong>Sponsorship<\/strong>: [<em>Sponsor 1<\/em>] B-TIC-382-UGR20, Andalusian Operative Program FEDER 2014-2020. [S<em>ponsor 2<\/em>] PID2020-119073GB-I00, Ministry of Science and Innovation, Government of Spain<br><strong>PhD thesis<\/strong>: <em><a rel=\"noreferrer noopener\" href=\"https:\/\/digibug.ugr.es\/handle\/10481\/79643\" target=\"_blank\">Download<\/a><\/em><\/li>\n<\/ul>\n\n\n\n<p><br><strong>Conference contributions<\/strong><\/p>\n\n\n\n<ul class=\"wp-block-list\">\n<li class=\"has-small-font-size\">de la Torre A, Valderrama JT, Alvarez IM, Segura, JC, Vargas JL, Palma AJ, Carvajal MA, Pousibet A. Live demonstration of a portable, affordable, and versatile auditory evoked potentials recording system mostly based on off-the-shelf electronics. Podium presentation and live demonstration at the <em>XXVIII International Evoked Response Audiometry Study Group<\/em> (IERASG) Biennial Symposium, Cologne, Germany (September 15-19, <strong>2023<\/strong>). [<em><a rel=\"noreferrer noopener\" href=\"https:\/\/wpd.ugr.es\/~sig.proc.audiology\/wp-content\/uploads\/2023\/11\/delaTorre_IERASG2023_Demo_Abstract.pdf\" target=\"_blank\">Abstract<\/a><\/em>, <em><a rel=\"noreferrer noopener\" href=\"https:\/\/wpd.ugr.es\/~sig.proc.audiology\/wp-content\/uploads\/2023\/11\/delaTorre_IERASG2023_Demo_Presentation.pdf\" target=\"_blank\">Presentation<\/a><\/em>, <em><a rel=\"noreferrer noopener\" href=\"https:\/\/wpd.ugr.es\/~sig.proc.audiology\/wp-content\/uploads\/2023\/11\/delaTorre_IERASG2023_Demo_Text.pdf\" target=\"_blank\">Slides description<\/a><\/em>, <em><a rel=\"noreferrer noopener\" href=\"https:\/\/consigna.ugr.es\/?s=download&amp;token=4146a9e7-5ffb-4f8f-a9e5-7bbc5bdfd6cd\" target=\"_blank\">Temporary Supplemental file<\/a> (583 MB, available until 02\/12\/2023)<\/em>, <em><a href=\"https:\/\/wpd.ugr.es\/~sig.proc.audiology\/wp-content\/uploads\/2023\/11\/Demo_Nov_2023_reduced.zip\">Permanent Supplemental file<\/a> (6 MB, Binary files and detailed figures excluded)<\/em>, <em><a href=\"https:\/\/wpd.ugr.es\/~sig.proc.audiology\/2023\/ierasg-2023\/\">Conference summary<\/a><\/em>]<\/li>\n\n\n\n<li class=\"has-small-font-size\">de la Torre A, Sanchez I, Valderrama JT, Alvarez IM, Segura JC, Muller N, Vargas JL. Simultaneous deconvolution of multiple auditory evoked potentials in a reduced representation space. Podium presentation at the <em>XXVIII International Evoked Response Audiometry Study Group<\/em> (IERASG) Biennial Symposium, Cologne, Germany (September 15-19, <strong>2023<\/strong>). [<em><a rel=\"noreferrer noopener\" href=\"https:\/\/wpd.ugr.es\/~sig.proc.audiology\/wp-content\/uploads\/2023\/07\/delaTorre_IERASG2023_Deconv_Abstract.pdf\" data-type=\"attachment\" data-id=\"940\" target=\"_blank\">Abstract<\/a><\/em>, <em><a href=\"https:\/\/wpd.ugr.es\/~sig.proc.audiology\/wp-content\/uploads\/2023\/10\/delaTorre_IERASG2023_MultiDeconv_Presentation.pdf\" data-type=\"attachment\" data-id=\"1161\" target=\"_blank\" rel=\"noreferrer noopener\">Presentation<\/a><\/em>, <em><a href=\"https:\/\/wpd.ugr.es\/~sig.proc.audiology\/wp-content\/uploads\/2023\/10\/delaTorre_IERASG2023_MultiDeconv_Text.pdf\" data-type=\"attachment\" data-id=\"1162\" target=\"_blank\" rel=\"noreferrer noopener\">Slides description<\/a><\/em>, <em><a href=\"https:\/\/wpd.ugr.es\/~sig.proc.audiology\/2023\/ierasg-2023\/\" data-type=\"post\" data-id=\"1131\">Conference summary<\/a><\/em>]<\/li>\n\n\n\n<li class=\"has-small-font-size\">Valderrama JT, de la Torre A, Alvarez IM, Segura JC, Vargas JL. Deconvolution for flexible recording of transient evoked potentials. Podium presentation at the <em>XXVIII International Evoked Response Audiometry Study Group<\/em> (IERASG) Biennial Symposium, Cologne, Germany (September 15-19, <strong>2023<\/strong>). [<em><a rel=\"noreferrer noopener\" href=\"https:\/\/wpd.ugr.es\/~sig.proc.audiology\/wp-content\/uploads\/2023\/07\/Valderrama_IERASG2023_Abstract.pdf\" data-type=\"attachment\" data-id=\"937\" target=\"_blank\">Abstract<\/a><\/em>, <em><a rel=\"noreferrer noopener\" href=\"https:\/\/wpd.ugr.es\/~sig.proc.audiology\/wp-content\/uploads\/2023\/10\/Valderrama_IERASG2023_Presentation.pdf\" data-type=\"attachment\" data-id=\"1178\" target=\"_blank\">Presentation<\/a><\/em>, <em><a rel=\"noreferrer noopener\" href=\"https:\/\/wpd.ugr.es\/~sig.proc.audiology\/wp-content\/uploads\/2023\/10\/Valderrama_IERASG2023_Text.pdf\" data-type=\"attachment\" data-id=\"1179\" target=\"_blank\">Slides description<\/a><\/em>, <em><a href=\"https:\/\/wpd.ugr.es\/~sig.proc.audiology\/2023\/ierasg-2023\/\" data-type=\"post\" data-id=\"1131\">Conference summary<\/a><\/em>]<\/li>\n\n\n\n<li class=\"has-small-font-size\">Valderrama JT, de la Torre A, Alvarez IM, Segura JC, Vargas JL. <em>En la b\u00fasqueda de nuevos biomarcadores de la p\u00e9rdida de audici\u00f3n oculta<\/em>. Podium presentation at the <em>XIX National Congress of Audiology<\/em> <em>of the Spanish Association of Audiology (AEDA)<\/em>, Madrid, Spain (June 15-17, <strong>2023<\/strong>). [<em><a rel=\"noreferrer noopener\" href=\"https:\/\/wpd.ugr.es\/~sig.proc.audiology\/wp-content\/uploads\/2023\/06\/valderrama_aeda2023_presentation.pdf\" target=\"_blank\">Presentation<\/a><\/em>]<\/li>\n\n\n\n<li class=\"has-small-font-size\">de la Torre A. <em>EEG Demonstration: Recording evoked potentials beyond the laboratory<\/em>. Podium presentation &amp; live demonstration at the <em>2023 International Workshop on Advances in Audiology<\/em>, Salamanca, Spain (May 25-27, <strong>2023<\/strong>). [<em><a rel=\"noreferrer noopener\" href=\"https:\/\/wpd.ugr.es\/~sig.proc.audiology\/wp-content\/uploads\/2023\/06\/delatorre_salamanca2023_abstract-1.pdf\" target=\"_blank\">Abstract<\/a><\/em>, <em><a rel=\"noreferrer noopener\" href=\"https:\/\/wpd.ugr.es\/~sig.proc.audiology\/wp-content\/uploads\/2023\/06\/delatorre_salamanca2023_presentation.pdf\" target=\"_blank\">Presentation<\/a><\/em>, <em><a href=\"https:\/\/wpd.ugr.es\/~sig.proc.audiology\/eeg-demonstration-recording-evoked-potentials-beyond-the-laboratory\/\" data-type=\"page\" data-id=\"649\" target=\"_blank\" rel=\"noreferrer noopener\">Demonstration<\/a><\/em>]<\/li>\n\n\n\n<li class=\"has-small-font-size\">Valderrama JT. <em>New avenues for recording auditory evoked potentials<\/em>. Podium presentation at the <em>2023 International Workshop on Advances in Audiology<\/em>, Salamanca, Spain (May 25-27, <strong>2023<\/strong>). [<em><a rel=\"noreferrer noopener\" href=\"https:\/\/wpd.ugr.es\/~sig.proc.audiology\/wp-content\/uploads\/2023\/06\/valderrama_salamanca2023_abstract-1.pdf\" target=\"_blank\">Abstract<\/a><\/em>, <em><a rel=\"noreferrer noopener\" href=\"https:\/\/wpd.ugr.es\/~sig.proc.audiology\/wp-content\/uploads\/2023\/06\/valderrama_salamanca2023_presentation.pdf\" target=\"_blank\">Presentation<\/a><\/em>]<\/li>\n\n\n\n<li class=\"has-small-font-size\">Martinez M, Valderrama JT, Alvarez IM, Vargas JL, de la Torre A. <em>The transient response to inter-aural time differences<\/em> &lt;&lt;Respuesta transitoria a las diferencias interaurales de tiempo&gt;&gt;. Podium presentation at the <em>73<sup>rd<\/sup> Congress of the Spanish Society of Otorhinolaryngology and Head and Neck Surgery<\/em> (SEORL-CCC), Las Palmas de Gran Canaria (Oct 13-15, <strong>2022<\/strong>). [<em><a rel=\"noreferrer noopener\" href=\"https:\/\/wpd.ugr.es\/~sig.proc.audiology\/wp-content\/uploads\/2023\/04\/martinez_seorl2022a_itd_abstract.pdf\" target=\"_blank\">Abstract<\/a><\/em>, <em><a rel=\"noreferrer noopener\" href=\"https:\/\/wpd.ugr.es\/~sig.proc.audiology\/wp-content\/uploads\/2023\/04\/martinez_seorl2022a_itd_presentation.pdf\" target=\"_blank\">Presentation<\/a><\/em>]<\/li>\n\n\n\n<li class=\"has-small-font-size\">Martinez M, Valderrama JT, Alvarez IM, Vargas JL, de la Torre A.<em> Clinical value of auditory evoked potentials obtained with randomised stimulation<\/em> &lt;&lt;Valor cl\u00ednico de potenciales evocados auditivos obtenidos con niveles de estimulaci\u00f3n aleatorizados&gt;&gt;. Podium presentation at the <em>73<sup>rd<\/sup> Congress of the Spanish Society of Otorhinolaryngology and Head and Neck Surgery<\/em> (SEORL-CCC), Las Palmas de Gran Canaria (Oct 13-15, <strong>2022<\/strong>). [<em><a rel=\"noreferrer noopener\" href=\"https:\/\/wpd.ugr.es\/~sig.proc.audiology\/wp-content\/uploads\/2023\/04\/martinez_seorl2022b_rsl_abstract.pdf\" target=\"_blank\">Abstract<\/a><\/em>, <em><a rel=\"noreferrer noopener\" href=\"https:\/\/wpd.ugr.es\/~sig.proc.audiology\/wp-content\/uploads\/2023\/04\/martinez_seorl2022b_rsl_presentation.pdf\" target=\"_blank\">Presentation<\/a><\/em>]<\/li>\n\n\n\n<li class=\"has-small-font-size\">Martinez M, Valderrama JT, Alvarez IM, Vargas JL, de la Torre A. The transient response to interaural time differences. Podium presentation at the <em>XXVII International Evoked Response Audiometry Study Group<\/em> (IERASG) Biennial Symposium, online Forum (June 14 &#8211; July 9, <strong>2021<\/strong>). [<em><a rel=\"noreferrer noopener\" href=\"https:\/\/wpd.ugr.es\/~sig.proc.audiology\/wp-content\/uploads\/2023\/04\/martinez_ierasg2021_itd_abstract.pdf\" target=\"_blank\">Abstract<\/a><\/em>, <em><a rel=\"noreferrer noopener\" href=\"https:\/\/wpd.ugr.es\/~sig.proc.audiology\/wp-content\/uploads\/2023\/04\/martinez_ierasg2021_itd_presentation.pdf\" target=\"_blank\">Presentation<\/a><\/em>]<\/li>\n\n\n\n<li class=\"has-small-font-size\">Martinez M, Alvarez IM, Valderrama JT, Vargas JL, de la Torre A. Recording auditory brainstem responses with randomized stimulation level. Podium presentation at the <em>XXVII International Evoked Response Audiometry Study Group<\/em> (IERASG) Biennial Symposium, online Forum (June 14 &#8211; July 9, <strong>2021<\/strong>). [<a rel=\"noreferrer noopener\" href=\"https:\/\/wpd.ugr.es\/~sig.proc.audiology\/wp-content\/uploads\/2023\/04\/martinez_ierasg2021_rsl_abstract.pdf\" target=\"_blank\">Abstract<\/a>, <a rel=\"noreferrer noopener\" href=\"https:\/\/wpd.ugr.es\/~sig.proc.audiology\/wp-content\/uploads\/2023\/04\/martinez_ierasg2021_rsl_presentation.pdf\" target=\"_blank\">Presentation<\/a>]<\/li>\n<\/ul>\n\n\n\n<p><br><strong>Science dissemination<\/strong><\/p>\n\n\n\n<ul class=\"wp-block-list\">\n<li class=\"has-small-font-size\"><strong>Type<\/strong>: Project oriented to educate high school students on research methods<br><strong>Program<\/strong>: <em>Project for initiating Andalusian secondary students on research methods and innovation <\/em>&lt;&lt;Proyecto de Iniciaci\u00f3n a la Investigaci\u00f3n e Innovaci\u00f3n en Secundaria en Andaluc\u00eda (PIIISA)&gt;&gt;<br><strong>Title<\/strong>: <em>31C &#8211; Investigating binaural hearing <\/em>&lt;&lt;31C &#8211; Investigando la percepci\u00f3n binaural&gt;&gt;<br><strong>Duration<\/strong>: 17\/01\/2023 &#8211; 17\/05\/2023<br><strong>Participants<\/strong>: \u00c1ngel de la Torre Vega, Isaac Manuel \u00c1lvarez Ruiz, Joaqu\u00edn Tom\u00e1s Valderrama Valenzuela, Jos\u00e9 Carlos Segura Luna + 37 students from 4 high schools + 1 teacher per school<br><strong>Associated publications<\/strong>: 1 p\u00f3ster [<em><a rel=\"noreferrer noopener\" href=\"https:\/\/wpd.ugr.es\/~sig.proc.audiology\/wp-content\/uploads\/2023\/05\/piiisa2023_poster.pdf\" target=\"_blank\">Download<\/a><\/em>] &amp; 1 oral presentation [<em><a rel=\"noreferrer noopener\" href=\"https:\/\/wpd.ugr.es\/~sig.proc.audiology\/wp-content\/uploads\/2023\/05\/piiisa2023_presentacionnotas.pdf\" target=\"_blank\">Download<\/a><\/em>]<\/li>\n<\/ul>\n","protected":false},"excerpt":{"rendered":"<p>Title: Objective and subjective electrophysiological evaluation of the benefit of binaural perception in normal hearing individuals and cochlear implant users &lt;&lt;Evaluaci\u00f3n electrofisiol\u00f3gica objetiva y subjetiva del beneficio de la percepci\u00f3n binaural en normoyentes y portadores de implante coclear&gt;&gt;Acronym: BINAURAL-EVALReference: B.TIC.382.UGR20Funding source: Ayudas en concurrencia competitiva a proyectos de I+D+i en el marco del programa operativo<a class=\"more-link\" href=\"https:\/\/wpd.ugr.es\/~sig.proc.audiology\/binaural-eval\/\">Continue reading <span class=\"screen-reader-text\">&#8220;BINAURAL-EVAL&#8221;<\/span><\/a><\/p>\n","protected":false},"author":2,"featured_media":0,"parent":0,"menu_order":0,"comment_status":"closed","ping_status":"closed","template":"","meta":{"_acf_changed":false,"footnotes":""},"class_list":["post-266","page","type-page","status-publish","hentry","entry"],"acf":[],"_links":{"self":[{"href":"https:\/\/wpd.ugr.es\/~sig.proc.audiology\/wp-json\/wp\/v2\/pages\/266","targetHints":{"allow":["GET"]}}],"collection":[{"href":"https:\/\/wpd.ugr.es\/~sig.proc.audiology\/wp-json\/wp\/v2\/pages"}],"about":[{"href":"https:\/\/wpd.ugr.es\/~sig.proc.audiology\/wp-json\/wp\/v2\/types\/page"}],"author":[{"embeddable":true,"href":"https:\/\/wpd.ugr.es\/~sig.proc.audiology\/wp-json\/wp\/v2\/users\/2"}],"replies":[{"embeddable":true,"href":"https:\/\/wpd.ugr.es\/~sig.proc.audiology\/wp-json\/wp\/v2\/comments?post=266"}],"version-history":[{"count":14,"href":"https:\/\/wpd.ugr.es\/~sig.proc.audiology\/wp-json\/wp\/v2\/pages\/266\/revisions"}],"predecessor-version":[{"id":1257,"href":"https:\/\/wpd.ugr.es\/~sig.proc.audiology\/wp-json\/wp\/v2\/pages\/266\/revisions\/1257"}],"wp:attachment":[{"href":"https:\/\/wpd.ugr.es\/~sig.proc.audiology\/wp-json\/wp\/v2\/media?parent=266"}],"curies":[{"name":"wp","href":"https:\/\/api.w.org\/{rel}","templated":true}]}}