{"id":555,"date":"2023-04-21T14:25:22","date_gmt":"2023-04-21T12:25:22","guid":{"rendered":"https:\/\/inspiringaudiologyugr.wordpress.com\/?page_id=555"},"modified":"2023-07-31T14:32:22","modified_gmt":"2023-07-31T14:32:22","slug":"peat-rsa-system","status":"publish","type":"page","link":"https:\/\/wpd.ugr.es\/~sig.proc.audiology\/peat-rsa-system\/","title":{"rendered":"PEAT-RSA-System"},"content":{"rendered":"\n<div class=\"wp-block-columns is-layout-flex wp-container-core-columns-is-layout-28f84493 wp-block-columns-is-layout-flex\">\n<div class=\"wp-block-column is-layout-flow wp-block-column-is-layout-flow\" style=\"flex-basis:33.33%\">\n<figure class=\"wp-block-image size-large\"><img loading=\"lazy\" decoding=\"async\" width=\"1280\" height=\"394\" src=\"https:\/\/wpd.ugr.es\/~sig.proc.audiology\/wp-content\/uploads\/2023\/04\/micin.png?w=750\" alt=\"\" class=\"wp-image-531\" srcset=\"https:\/\/wpd.ugr.es\/~sig.proc.audiology\/wp-content\/uploads\/2023\/04\/micin.png 1280w, https:\/\/wpd.ugr.es\/~sig.proc.audiology\/wp-content\/uploads\/2023\/04\/micin-300x92.png 300w, https:\/\/wpd.ugr.es\/~sig.proc.audiology\/wp-content\/uploads\/2023\/04\/micin-1024x315.png 1024w, https:\/\/wpd.ugr.es\/~sig.proc.audiology\/wp-content\/uploads\/2023\/04\/micin-768x236.png 768w\" sizes=\"auto, (max-width: 1280px) 100vw, 1280px\" \/><\/figure>\n\n\n\n<div style=\"height:0px\" aria-hidden=\"true\" class=\"wp-block-spacer\"><\/div>\n\n\n\n<figure class=\"wp-block-image size-large\"><img decoding=\"async\" src=\"https:\/\/wpd.ugr.es\/~sig.proc.audiology\/wp-content\/uploads\/2023\/04\/aep_system.jpg?w=750\" alt=\"\" class=\"wp-image-556\"\/><\/figure>\n<\/div>\n\n\n\n<div class=\"wp-block-column is-layout-flow wp-block-column-is-layout-flow\" style=\"flex-basis:66.66%\">\n<p class=\"has-small-font-size\"><strong>Title<\/strong>: <em>Design, implementation and evaluation of an advanced system for recording auditory brainstem responses (ABR) based on coded signalling <\/em>&lt;&lt;Dise\u00f1o, implementaci\u00f3n y evaluaci\u00f3n de un sistema avanzado de registro de potenciales evocados auditivos del tronco (PEAT) basado en se\u00f1alizaci\u00f3n codificada&gt;&gt;<br><strong>Acronym<\/strong>: PEAT-RSA-System<br><strong>Reference<\/strong>: TEC2009-14245<br><strong>Funding source<\/strong>: Ministry of Science and Innovation, Government of Spain<br><strong>Duration<\/strong>: 01\/01\/2010 &#8211; 31\/12\/2013<br><strong>Amount funded<\/strong>: 33.500,00 \u20ac<br><strong>Participants<\/strong>: University of Granada<br><strong>IP<\/strong>: Jos\u00e9 C. Segura<br><strong>Investigators<\/strong>: Jos\u00e9 C. Segura, \u00c1ngel de la Torre, Antonio Rubio, Manuel S\u00e1inz, Carmen Ben\u00edtez, Luz Garc\u00eda, Sonia Mota, Isaac M. \u00c1lvarez, Matilde S\u00e1nchez, Jos\u00e9 L. Vargas, Joaqu\u00edn T. Valderrama<br><strong>Collaborators<\/strong>: Prof. Roger A. Thornton (MRC Institute of Hearing Research, Southampton, United Kingdom)<\/p>\n<\/div>\n<\/div>\n\n\n\n<hr class=\"wp-block-separator has-alpha-channel-opacity\"\/>\n\n\n\n<p class=\"has-small-font-size\" style=\"padding-top:0;padding-right:0;padding-bottom:0;padding-left:0\">This project developed, implemented and validated the hardware and software of a flexible system for recording auditory brainstem responses, and formulated novel mathematical algorithms for deconvolution of overlapping auditory evoked potentials, noise reduction, and automatic quality assessment.<\/p>\n\n\n\n<hr class=\"wp-block-separator has-alpha-channel-opacity\"\/>\n\n\n\n<p><strong>Journal articles<\/strong><\/p>\n\n\n\n<ul class=\"wp-block-list\">\n<li class=\"has-small-font-size\">Valderrama J, de la Torre A, Medina C, Segura JC, Thornton ARD. Selective processing of auditory evoked responses with iterative-randomized stimulation and averaging: A strategy for evaluating the time-invariant assumption. <em>Hearing Research<\/em> (<strong>2016<\/strong>) 333, 66-76. doi: <a rel=\"noreferrer noopener\" href=\"https:\/\/www.sciencedirect.com\/science\/article\/pii\/S0378595515301829?via%3Dihub\" target=\"_blank\">10.1016\/j.heares.2015.12.009<\/a>. [<em><a rel=\"noreferrer noopener\" href=\"https:\/\/wpd.ugr.es\/~sig.proc.audiology\/wp-content\/uploads\/2023\/04\/valderrama2016_hearres.pdf\" target=\"_blank\">Download<\/a><\/em>]<\/li>\n\n\n\n<li class=\"has-small-font-size\">Valderrama J, de la Torre A, Alvarez IM, Segura JC, Thornton ARD, Sainz M, Vargas JL. Auditory brainstem and middle latency responses recorded at fast rates with randomized stimulation. <em>Journal of the Acoustical Society of America<\/em> (<strong>2014<\/strong>) 136, 3233-3248. doi: <a rel=\"noreferrer noopener\" href=\"https:\/\/asa.scitation.org\/doi\/10.1121\/1.4900832\" target=\"_blank\">10.1121\/1.4900832<\/a>. [<em><a href=\"https:\/\/wpd.ugr.es\/~sig.proc.audiology\/wp-content\/uploads\/2023\/04\/valderrama2014_jasa.pdf\" target=\"_blank\" rel=\"noreferrer noopener\">Download<\/a><\/em>]<\/li>\n\n\n\n<li class=\"has-small-font-size\">Valderrama J, de la Torre A, Alvarez IM, Segura JC, Sainz M, Vargas JL. A flexible and inexpensive high-performance auditory evoked response recording system appropriate for research purposes. <em>Biomedical Engineering\/Biomedizinische Technik<\/em> (<strong>2014<\/strong>) 59, 447-459. doi: <a href=\"https:\/\/www.degruyter.com\/document\/doi\/10.1515\/bmt-2014-0034\/html\" target=\"_blank\" rel=\"noreferrer noopener\">10.1515\/bmt-2014-0034<\/a>. [<em><a href=\"https:\/\/wpd.ugr.es\/~sig.proc.audiology\/wp-content\/uploads\/2023\/04\/valderrama2014_btbe.pdf\" target=\"_blank\" rel=\"noreferrer noopener\">Download<\/a><\/em>]<\/li>\n\n\n\n<li class=\"has-small-font-size\">Valderrama J, de la Torre A, Alvarez IM, Segura JC, Thornton ARD, Sainz M, Vargas JL. Automatic quality assessment and peak identification of auditory brainstem responses with fitted parametric peaks. <em>Computer Methods and Programs in Biomedicine<\/em> (<strong>2014<\/strong>) 114, 262-275. doi: <a href=\"https:\/\/www.sciencedirect.com\/science\/article\/pii\/S0169260714000820?via%3Dihub\" target=\"_blank\" rel=\"noreferrer noopener\">10.1016\/j.cmpb.2014.02.015<\/a>. [<em><a href=\"https:\/\/wpd.ugr.es\/~sig.proc.audiology\/wp-content\/uploads\/2023\/04\/valderrama2014_cmpb.pdf\" target=\"_blank\" rel=\"noreferrer noopener\">Download<\/a><\/em>]<\/li>\n\n\n\n<li class=\"has-small-font-size\">Valderrama J, de la Torre A, Alvarez IM, Segura JC, Thornton ARD, Sainz M, Vargas JL. A study of adaptation mechanisms based on ABR recorded at high stimulation rate. <em>Clinical Neurophysiology<\/em> (<strong>2014<\/strong>) 125, 805-813. doi: <a rel=\"noreferrer noopener\" href=\"https:\/\/www.sciencedirect.com\/science\/article\/pii\/S138824571301081X?via%3Dihub\" target=\"_blank\">10.1016\/j.clinph.2013.06.190<\/a>. [<em><a rel=\"noreferrer noopener\" href=\"https:\/\/wpd.ugr.es\/~sig.proc.audiology\/wp-content\/uploads\/2023\/04\/valderrama2014_clinneuro.pdf\" target=\"_blank\">Download<\/a><\/em>]<\/li>\n\n\n\n<li class=\"has-small-font-size\">Vargas JL, Sainz M, Roldan C, Alvarez IM, de la Torre A. Analysis of electrica thresholds and maximum comfortable levels in cochlear implant patients. Auris Nasus Larynx (<strong>2013<\/strong>) 40, 260-265. doi: <a rel=\"noreferrer noopener\" href=\"https:\/\/www.sciencedirect.com\/science\/article\/pii\/S0385814612002039?via%3Dihub\" target=\"_blank\">10.1016\/j.anl.2012.09.002<\/a>. [<em><a rel=\"noreferrer noopener\" href=\"https:\/\/wpd.ugr.es\/~sig.proc.audiology\/wp-content\/uploads\/2023\/04\/vargas2013_anl.pdf\" target=\"_blank\">Download<\/a><\/em>]<\/li>\n\n\n\n<li class=\"has-small-font-size\">Vargas JL, Sainz M ,Roldan C, Alvarez IM, de la Torre A. Long-term evolution of the electrical stimulation levels for cochlear implant patients. <em>Clinical and Experimental Otorhinolaryngology<\/em> (<strong>2012<\/strong>) 5, 194-200. doi: <a rel=\"noreferrer noopener\" href=\"https:\/\/www.e-ceo.org\/journal\/view.php?id=10.3342\/ceo.2012.5.4.194\" target=\"_blank\">10.3342\/ceo.2012.5.4.194<\/a>. [<em><a rel=\"noreferrer noopener\" href=\"https:\/\/wpd.ugr.es\/~sig.proc.audiology\/wp-content\/uploads\/2023\/04\/vargas2012_ceo.pdf\" target=\"_blank\">Download<\/a><\/em>]<\/li>\n\n\n\n<li class=\"has-small-font-size\">Valderrama J, de la Torre A, Alvarez IM, Segura JC, Sainz M, Vargas JL. Recording of auditory brainstem respones at high stimulation rates using randomized stimulation and averaging. <em>Journal of the Acoustical Society of America<\/em> (<strong>2012<\/strong>) 132, 3856-3865. doi: <a href=\"https:\/\/asa.scitation.org\/doi\/10.1121\/1.4764511\" target=\"_blank\" rel=\"noreferrer noopener\">10.1121\/1.4764511<\/a>. [<em><a href=\"https:\/\/wpd.ugr.es\/~sig.proc.audiology\/wp-content\/uploads\/2023\/04\/valderrama2012_jasa.pdf\" target=\"_blank\" rel=\"noreferrer noopener\">Download<\/a><\/em>]<\/li>\n\n\n\n<li class=\"has-small-font-size\">Valderrama J, Alvarez I, de la Torre A, Segura JC, Sainz M, Vargas JL. Educational approach of a BAER recording system based on experiential learning. <em>Technics Technologies Education Management<\/em> (<strong>2011<\/strong>) 6, 876-889. [<em><a href=\"https:\/\/ttem.ba\/2011\/12\/01\/volume-6-number-4\/\" target=\"_blank\" rel=\"noreferrer noopener\">URL<\/a><\/em>, <em><a rel=\"noreferrer noopener\" href=\"https:\/\/wpd.ugr.es\/~sig.proc.audiology\/wp-content\/uploads\/2023\/04\/valderrama2011_ttem.pdf\" target=\"_blank\">Download<\/a><\/em>]<\/li>\n\n\n\n<li class=\"has-small-font-size\">Alvarez IM, de la Torre A, Valderrama J, Roldan C, Sainz M, Segura JC, Vargas JL. Changes over time of the refractory properties measured from ECAP in Pulsa CI100 cochlear implant recipients. <em>The Journal of International Advanced Otology<\/em> (<strong>2011<\/strong>) 7, 398-407. [<em><a rel=\"noreferrer noopener\" href=\"https:\/\/www.advancedotology.org\/en\/changes-over-time-of-the-refractory-properties-measured-from-ecap-in-pulsar-ci100-cochlear-implant-recipients-13594\" target=\"_blank\">URL<\/a><\/em>, <em><a href=\"https:\/\/wpd.ugr.es\/~sig.proc.audiology\/wp-content\/uploads\/2023\/04\/alvarez2011_iao.pdf\" target=\"_blank\" rel=\"noreferrer noopener\">Download<\/a><\/em>]<\/li>\n<\/ul>\n\n\n\n<p><br><strong>Students supervision<\/strong><\/p>\n\n\n\n<ul class=\"wp-block-list\">\n<li class=\"has-small-font-size\"><strong>PhD candidate<\/strong>: Joaqu\u00edn Tom\u00e1s Valderrama Valenzuela<br><strong>Title<\/strong>: Development and implementation of an advanced auditory evoked response recording system. <em>New strategies for high-rate stimulation<\/em> &lt;&lt;Desarrollo e implementaci\u00f3n de un sistema avanzado de registro de potenciales evocados auditivos. Nuevas estrategias de registro a alta tasa&gt;&gt;<br><strong>Supervisors<\/strong>: \u00c1ngel de la Torre, Jos\u00e9 Carlos Segura<br><strong>Department<\/strong>: Signal Theory, Telematics and Communications, University of Granada<br><strong>Date of the Award<\/strong>: 31\/10\/2014<br><strong>Grade<\/strong>: Cum Laude<br><strong>Sponsorship<\/strong>: [<em>Sponsor 1<\/em>] TEC2009-14245, R&amp;D National Plan 2008-2011, Ministry of Economy and Competitivity, Government of Spain &amp; European Regional Development Fund Programme 2007-2013. [<em>Sponsor 2<\/em>] Programa de Formaci\u00f3n de Profesorado Universitario (FPU) AP2009-3150, Ministry of Education, Culture, and Sports, Government of Spain<br><strong>PhD thesis<\/strong>: <em><a rel=\"noreferrer noopener\" href=\"https:\/\/digibug.ugr.es\/handle\/10481\/50945\" target=\"_blank\">Download<\/a><\/em><\/li>\n<\/ul>\n\n\n\n<p><br><strong>Conference contributions<\/strong><\/p>\n\n\n\n<ul class=\"wp-block-list\">\n<li class=\"has-small-font-size\">de la Torre A, Valderrama J. La investigaci\u00f3n multidisciplinar en Audiolog\u00eda: Estudio de los mecanismos r\u00e1pidos y lentos de adaptaci\u00f3n de los potenciales evocados auditivos. Podium presentation at the <em>XIII Congreso Nacional de la Asociaci\u00f3n Espa\u00f1ola de Audiolog\u00eda<\/em>, Cartagena, Spain (May 20-21, <strong>2016<\/strong>). [<em><a rel=\"noreferrer noopener\" href=\"https:\/\/wpd.ugr.es\/~sig.proc.audiology\/wp-content\/uploads\/2023\/04\/delatorre_aeda2016_program.pdf\" target=\"_blank\">Program<\/a><\/em>, <em><a rel=\"noreferrer noopener\" href=\"https:\/\/wpd.ugr.es\/~sig.proc.audiology\/wp-content\/uploads\/2023\/04\/delatorre_aeda2016_presentation.pdf\" target=\"_blank\">Presentation<\/a><\/em>]<\/li>\n\n\n\n<li class=\"has-small-font-size\">Valderrama J, Franco M, Alvarez IM, de la Torre A, Segura JC, Sainz M, Vargas JL. Registro de potenciales evocados auditivos mediante una arquitectura modular apropiada para prop\u00f3sitos de investigaci\u00f3n. Podium presentation at the <em>6\u00ba Simposio CEA Bioingenier\u00eda &#8211; Interfaces Mente-Computador y Neurotecnolog\u00edas<\/em>, Granada, Spain (June 12-13, <strong>2014<\/strong>). <em>Cognitive Area Networks<\/em> ISSN: 2341-4243 1, 66-73. [<em><a rel=\"noreferrer noopener\" href=\"https:\/\/wpd.ugr.es\/~sig.proc.audiology\/wp-content\/uploads\/2023\/04\/valderrama_cea2014_paper.pdf\" target=\"_blank\">Conference paper<\/a><\/em>, <em><a rel=\"noreferrer noopener\" href=\"https:\/\/wpd.ugr.es\/~sig.proc.audiology\/wp-content\/uploads\/2023\/04\/valderrama_cea2014_presentation.pdf\" target=\"_blank\">Presentation<\/a><\/em>]<\/li>\n\n\n\n<li class=\"has-small-font-size\">Morales JM, Valderrama J, Alvarez IM, de la Torre A, Segura JC, Sainz M, Vargas JL. M\u00e9todo autom\u00e1tico de seguimiento de respuestas evocadas auditivas basado en la parametrizaci\u00f3n de series de registros. Podium presentation at the <em>6\u00ba Simposio CEA Bioingenier\u00eda &#8211; Interfaces Mente-Computador y Neurotecnolog\u00edas<\/em>, Granada, Spain (June 12-13, <strong>2014<\/strong>). <em>Cognitive Area Networks<\/em> ISSN: 2341-4243 1, 75-80. [<em><a href=\"https:\/\/wpd.ugr.es\/~sig.proc.audiology\/wp-content\/uploads\/2023\/04\/morales_cea2014_paper.pdf\" target=\"_blank\" rel=\"noreferrer noopener\">Conference paper<\/a><\/em>]<\/li>\n\n\n\n<li class=\"has-small-font-size\">Valderrama J, de la Torre A, Alvarez IM, Segura JC, Kaf W, Sainz M, Vargas JL. A more efficient use of the recording time with randomized stimulation and averaging (RSA) in hearing screening applications. Invited talk (expenses covered) at the <em>9<sup>th<\/sup> International Conference of the Saudi Society of Otorhinolaryngology &#8211; Head and Neck Surgery<\/em>, Riyad, Kingdom of Saudi Arabia (March 4-6, <strong>2014<\/strong>). [<em><a href=\"https:\/\/wpd.ugr.es\/~sig.proc.audiology\/wp-content\/uploads\/2023\/04\/valderrama_saudi2014_abstract.pdf\" target=\"_blank\" rel=\"noreferrer noopener\">Abstract<\/a><\/em>, <em><a href=\"https:\/\/wpd.ugr.es\/~sig.proc.audiology\/wp-content\/uploads\/2023\/04\/valderrama_saudi2014_presentation.pdf\" target=\"_blank\" rel=\"noreferrer noopener\">Presentation<\/a><\/em>]<\/li>\n\n\n\n<li class=\"has-small-font-size\">Valderrama J, Morales JM, Alvarez IM, de la Torre A, Segura JC, Sainz M, Vargas JL. Automatic quality assessment and response detection of auditory evoked potentials based on response tracking. Podium presentation at the <em>XXIII International Evoked Response Audiometry Study Group<\/em> (IERASG) Biennial Symposium, New Orleans, LA (June 9-13, <strong>2013<\/strong>). [<em><a rel=\"noreferrer noopener\" href=\"https:\/\/wpd.ugr.es\/~sig.proc.audiology\/wp-content\/uploads\/2023\/04\/valderrama_ierasg2013_quality_abstract.pdf\" target=\"_blank\">Abstract<\/a><\/em>, <em><a rel=\"noreferrer noopener\" href=\"https:\/\/wpd.ugr.es\/~sig.proc.audiology\/wp-content\/uploads\/2023\/04\/valderrama_ierasg2013_quality_presentation.pdf\" target=\"_blank\">Presentation<\/a><\/em>]<\/li>\n\n\n\n<li class=\"has-small-font-size\">Valderrama J, de la Torre A, Alvarez IM, Segura JC, Thornton ARD, Sainz M, Vargas JL. Auditory middle latency responses recorded at high stimulation rates using randomised stimulation and averaging. Podium presentation at the <em>XXIII International Evoked Response Audiometry Study Group<\/em> (IERASG) Biennial Symposium, New Orleans, LA (June 9-13, <strong>2013<\/strong>). [<em><a href=\"https:\/\/wpd.ugr.es\/~sig.proc.audiology\/wp-content\/uploads\/2023\/04\/valderrama_ierasg2013_mlr_abstract.pdf\" target=\"_blank\" rel=\"noreferrer noopener\">Abstract<\/a><\/em>, <em><a href=\"https:\/\/wpd.ugr.es\/~sig.proc.audiology\/wp-content\/uploads\/2023\/04\/valderrama_ierasg2013_mlr_presentation.pdf\" target=\"_blank\" rel=\"noreferrer noopener\">Presentation<\/a><\/em>]<\/li>\n\n\n\n<li class=\"has-small-font-size\">Valderrama J, de la Torre A, Alvarez IM, Segura JC, Sainz M, Vargas JL. Deconvolution of overlapping responses and frequency domain-based artifact rejection methods using randomized stimulation. Podium presentation at the <em>XXIII International Evoked Response Audiometry Study Group<\/em> (IERASG) Biennial Symposium, New Orleans, LA (June 9-13, <strong>2013<\/strong>). [<em><a href=\"https:\/\/wpd.ugr.es\/~sig.proc.audiology\/wp-content\/uploads\/2023\/04\/valderrama_ierasg2013_rsd_abstract.pdf\" target=\"_blank\" rel=\"noreferrer noopener\">Abstract<\/a><\/em>, <em><a rel=\"noreferrer noopener\" href=\"https:\/\/wpd.ugr.es\/~sig.proc.audiology\/wp-content\/uploads\/2023\/04\/valderrama_ierasg2013_rsd_presentation.pdf\" target=\"_blank\">Presentation<\/a><\/em>]<\/li>\n\n\n\n<li class=\"has-small-font-size\">Valderrama J, Alvarez IM, de la Torre A, Segura JC, Sainz M, Vargas JL. A portable, modular, and low cost auditory brainstem response recording system including an algorithm for automatic identification of responses suitable for hearing screening. Podium presentation at the <em>IEEE EMBS Point-of-Care Healthcare Technologies<\/em> (PHT) conference, Bangalore, India (Jan 16-18, <strong>2013<\/strong>), art. 6461314, 180-183. [<em><a href=\"https:\/\/wpd.ugr.es\/~sig.proc.audiology\/wp-content\/uploads\/2023\/04\/valderrama_ieee2013_paper.pdf\" target=\"_blank\" rel=\"noreferrer noopener\">Conference paper<\/a><\/em>, <em><a href=\"https:\/\/wpd.ugr.es\/~sig.proc.audiology\/wp-content\/uploads\/2023\/04\/valderrama_ieee2013_presentation.pdf\" target=\"_blank\" rel=\"noreferrer noopener\">Presentation<\/a><\/em>]<\/li>\n\n\n\n<li class=\"has-small-font-size\">Valderrama J, Alvarez IM, de la Torre A, Segura JC, Sainz M, Vargas JL. A preliminary study of the short-term and long-term neural adaptation of the auditory brainstem response by the use of randomized stimulation. Poster at the <em>Adult Hearing Screening<\/em> (AHS) congress, Cernobbio (Como Lake), Italy (June 7-9, <strong>2012<\/strong>). [<em><a href=\"https:\/\/wpd.ugr.es\/~sig.proc.audiology\/wp-content\/uploads\/2023\/04\/valderrama_ahs2012_abstract.pdf\" target=\"_blank\" rel=\"noreferrer noopener\">Abstract<\/a><\/em>, <em><a href=\"https:\/\/wpd.ugr.es\/~sig.proc.audiology\/wp-content\/uploads\/2023\/04\/valderrama_ahs2012_poster.pdf\" target=\"_blank\" rel=\"noreferrer noopener\">Poster<\/a><\/em>]<\/li>\n\n\n\n<li class=\"has-small-font-size\">Valderrama J, Alvarez IM, de la Torre A, Segura JC, Sainz M, Vargas JL. Reducing recording time of brainstem auditory evoked responses by the use of randomized stimulation. Poster at the <em>Newborn Hearing Screening<\/em> (NHS) congress, Cernobbio (Como Lake), Italy (June 5-7, <strong>2012<\/strong>). [<em><a href=\"https:\/\/wpd.ugr.es\/~sig.proc.audiology\/wp-content\/uploads\/2023\/04\/valderrama_nhs2012_abstract.pdf\" target=\"_blank\" rel=\"noreferrer noopener\">Abstract<\/a><\/em>, <em><a href=\"https:\/\/wpd.ugr.es\/~sig.proc.audiology\/wp-content\/uploads\/2023\/04\/valderrama_nhs2012_poster.pdf\" target=\"_blank\" rel=\"noreferrer noopener\">Poster<\/a><\/em>]<\/li>\n\n\n\n<li class=\"has-small-font-size\">Alvarez IM, Valderrama J, de la Torre A, Segura JC, Sainz M, Vargas JL. Reducci\u00f3n del tiempo de exploraci\u00f3n de potenciales evocados auditivos del tronco cerebral mediante estimulaci\u00f3n aleatorizada. Podium presentation at the <em>XXV Uni\u00f3n Cient\u00edfica Internacional de Radio<\/em> (URSI) National Symposium, Bilbao, Spain (Sep 15-17, <strong>2010<\/strong>). [<em><a rel=\"noreferrer noopener\" href=\"https:\/\/wpd.ugr.es\/~sig.proc.audiology\/wp-content\/uploads\/2023\/04\/alvarez_ursi2010_paper.pdf\" target=\"_blank\">Conference paper<\/a><\/em>, <em><a rel=\"noreferrer noopener\" href=\"https:\/\/wpd.ugr.es\/~sig.proc.audiology\/wp-content\/uploads\/2023\/04\/alvarez_ursi2010_presentation.pdf\" target=\"_blank\">Presentation<\/a><\/em>]<\/li>\n<\/ul>\n","protected":false},"excerpt":{"rendered":"<p>Title: Design, implementation and evaluation of an advanced system for recording auditory brainstem responses (ABR) based on coded signalling &lt;&lt;Dise\u00f1o, implementaci\u00f3n y evaluaci\u00f3n de un sistema avanzado de registro de potenciales evocados auditivos del tronco (PEAT) basado en se\u00f1alizaci\u00f3n codificada&gt;&gt;Acronym: PEAT-RSA-SystemReference: TEC2009-14245Funding source: Ministry of Science and Innovation, Government of SpainDuration: 01\/01\/2010 &#8211; 31\/12\/2013Amount funded:<a class=\"more-link\" href=\"https:\/\/wpd.ugr.es\/~sig.proc.audiology\/peat-rsa-system\/\">Continue reading <span class=\"screen-reader-text\">&#8220;PEAT-RSA-System&#8221;<\/span><\/a><\/p>\n","protected":false},"author":2,"featured_media":0,"parent":0,"menu_order":0,"comment_status":"closed","ping_status":"closed","template":"","meta":{"_acf_changed":false,"footnotes":""},"class_list":["post-555","page","type-page","status-publish","hentry","entry"],"acf":[],"_links":{"self":[{"href":"https:\/\/wpd.ugr.es\/~sig.proc.audiology\/wp-json\/wp\/v2\/pages\/555","targetHints":{"allow":["GET"]}}],"collection":[{"href":"https:\/\/wpd.ugr.es\/~sig.proc.audiology\/wp-json\/wp\/v2\/pages"}],"about":[{"href":"https:\/\/wpd.ugr.es\/~sig.proc.audiology\/wp-json\/wp\/v2\/types\/page"}],"author":[{"embeddable":true,"href":"https:\/\/wpd.ugr.es\/~sig.proc.audiology\/wp-json\/wp\/v2\/users\/2"}],"replies":[{"embeddable":true,"href":"https:\/\/wpd.ugr.es\/~sig.proc.audiology\/wp-json\/wp\/v2\/comments?post=555"}],"version-history":[{"count":7,"href":"https:\/\/wpd.ugr.es\/~sig.proc.audiology\/wp-json\/wp\/v2\/pages\/555\/revisions"}],"predecessor-version":[{"id":961,"href":"https:\/\/wpd.ugr.es\/~sig.proc.audiology\/wp-json\/wp\/v2\/pages\/555\/revisions\/961"}],"wp:attachment":[{"href":"https:\/\/wpd.ugr.es\/~sig.proc.audiology\/wp-json\/wp\/v2\/media?parent=555"}],"curies":[{"name":"wp","href":"https:\/\/api.w.org\/{rel}","templated":true}]}}