{"id":320,"date":"2024-09-29T03:41:56","date_gmt":"2024-09-29T01:41:56","guid":{"rendered":"https:\/\/wpd.ugr.es\/~suspicio\/?page_id=320"},"modified":"2026-03-18T15:12:05","modified_gmt":"2026-03-18T14:12:05","slug":"news-2","status":"publish","type":"page","link":"https:\/\/wpd.ugr.es\/~suspicio\/news-2\/","title":{"rendered":"News"},"content":{"rendered":"\n<div class=\"wp-block-uagb-container uagb-block-ecee15b5 alignfull uagb-is-root-container\"><div class=\"uagb-container-inner-blocks-wrap\">\n<div class=\"wp-block-uagb-container uagb-block-026f1230\">\n<div class=\"wp-block-uagb-image uagb-block-689da75d wp-block-uagb-image--layout-overlay wp-block-uagb-image--effect-static wp-block-uagb-image--align-none\"><figure class=\"wp-block-uagb-image__figure\"><img decoding=\"async\" srcset=\"https:\/\/wpd.ugr.es\/~suspicio\/wp-content\/uploads\/2024\/09\/Imagen-1-1024x474.jpg ,https:\/\/wpd.ugr.es\/~suspicio\/wp-content\/uploads\/2024\/09\/Imagen-1.jpg 780w, https:\/\/wpd.ugr.es\/~suspicio\/wp-content\/uploads\/2024\/09\/Imagen-1.jpg 360w\" sizes=\"auto, (max-width: 480px) 150px\" src=\"https:\/\/wpd.ugr.es\/~suspicio\/wp-content\/uploads\/2024\/09\/Imagen-1-1024x474.jpg\" alt=\"\" class=\"uag-image-303\" width=\"1250\" height=\"470\" title=\"Imagen 1\" loading=\"lazy\" role=\"img\"\/><div class=\"wp-block-uagb-image--layout-overlay__color-wrapper\"><\/div><div class=\"wp-block-uagb-image--layout-overlay__inner center-center\"><h2 class=\"uagb-image-heading\">N E W S<\/h2><\/div><\/figure><\/div>\n\n\n\n<div class=\"wp-block-uagb-container uagb-block-d6dbbc2e\">\n<div class=\"wp-block-uagb-container uagb-block-f1b13e31\">\n<p><\/p>\n<\/div>\n<\/div>\n<\/div>\n<\/div><\/div>\n\n\n\n<div class=\"wp-block-uagb-separator uagb-block-c0f47112\"><div class=\"wp-block-uagb-separator__inner\" style=\"--my-background-image:\"><\/div><\/div>\n\n\n\n<div style=\"height:37px\" aria-hidden=\"true\" class=\"wp-block-spacer\"><\/div>\n\n\n\n<div style=\"height:0px\" aria-hidden=\"true\" class=\"wp-block-spacer\"><\/div>\n\n\n\n<div style=\"height:37px\" aria-hidden=\"true\" class=\"wp-block-spacer\"><\/div>\n\n\n\n<div class=\"wp-block-media-text alignwide is-stacked-on-mobile has-ast-global-color-5-background-color has-background\" style=\"grid-template-columns:40% auto\"><figure class=\"wp-block-media-text__media\"><img loading=\"lazy\" decoding=\"async\" width=\"870\" height=\"945\" src=\"https:\/\/wpd.ugr.es\/~suspicio\/wp-content\/uploads\/2024\/07\/Imagen-3.png\" alt=\"\" class=\"wp-image-261 size-full\" srcset=\"https:\/\/wpd.ugr.es\/~suspicio\/wp-content\/uploads\/2024\/07\/Imagen-3.png 870w, https:\/\/wpd.ugr.es\/~suspicio\/wp-content\/uploads\/2024\/07\/Imagen-3-276x300.png 276w, https:\/\/wpd.ugr.es\/~suspicio\/wp-content\/uploads\/2024\/07\/Imagen-3-768x834.png 768w\" sizes=\"auto, (max-width: 870px) 100vw, 870px\" \/><\/figure><div class=\"wp-block-media-text__content\">\n<h4 class=\"wp-block-heading has-text-align-left has-ast-global-color-1-color has-text-color has-link-color wp-elements-caa6ad0ec68a088177fc955f8bc097e7\">NUEVO PUESTO PREDOCTORAL<\/h4>\n\n\n\n<p class=\"has-text-align-left\">En el marco de la l\u00ednea de investigaci\u00f3n Historia de Am\u00e9rica Colonial (LI\/16371) se convoca un contrato predoctoral a jornada completa para incorporarse al Proyecto SUSPICIO.<\/p>\n\n\n\n<p class=\"has-ast-global-color-1-color has-text-color has-link-color wp-elements-a61a6e3de13ee52312ce19eed7a54848\">M\u00e1s informaci\u00f3n:<\/p>\n\n\n\n<figure class=\"wp-block-embed is-type-wp-embed is-provider-suspicio wp-block-embed-suspicio\">\n<blockquote class=\"wp-embedded-content\" data-secret=\"cSscJRGtA6\"><a href=\"https:\/\/wpd.ugr.es\/~suspicio\/second-postdoctoral-position-erc-project-suspicio-university-of-granada\/\">CONTRATO PREDOTORAL ERC-Project SUSPICIO (Universidad de Granada)<\/a><\/blockquote><iframe loading=\"lazy\" class=\"wp-embedded-content\" sandbox=\"allow-scripts\" security=\"restricted\" style=\"position: absolute; visibility: hidden;\" title=\"\u00abCONTRATO PREDOTORAL ERC-Project SUSPICIO (Universidad de Granada)\u00bb \u2014 SUSPICIO\" src=\"https:\/\/wpd.ugr.es\/~suspicio\/second-postdoctoral-position-erc-project-suspicio-university-of-granada\/embed\/#?secret=2bQAOrlGDC#?secret=cSscJRGtA6\" data-secret=\"cSscJRGtA6\" width=\"500\" height=\"282\" frameborder=\"0\" marginwidth=\"0\" marginheight=\"0\" scrolling=\"no\"><\/iframe>\n<\/figure>\n<\/div><\/div>\n\n\n\n<div style=\"height:36px\" aria-hidden=\"true\" class=\"wp-block-spacer\"><\/div>\n\n\n\n<div class=\"wp-block-media-text alignwide has-media-on-the-right is-stacked-on-mobile is-vertically-aligned-center has-ast-global-color-5-background-color has-background\" style=\"grid-template-columns:auto 58%\"><div class=\"wp-block-media-text__content\">\n<h4 class=\"wp-block-heading has-text-align-center\">Workshop<\/h4>\n\n\n\n<p class=\"has-text-align-center has-ast-global-color-1-color has-text-color has-link-color wp-elements-23a9a646c945490125b98c201dd871f0\"><strong>The Culture of Suspicion: Creating Suspects in the Age of Revolutions<\/strong><\/p>\n\n\n\n<p class=\"has-text-align-center\"><strong>March 27 &#8211; 28, 2025<\/strong><br>Assembly Hall University Residence <br>Carmen de la Victoria<br>Universidad de Granada<\/p>\n\n\n\n<p class=\"has-text-align-center\"><a href=\"https:\/\/wpd.ugr.es\/~suspicio\/wp-content\/uploads\/2025\/03\/Programa-2.pdf\" data-type=\"attachment\" data-id=\"439\">Download the Programe<\/a><\/p>\n<\/div><figure class=\"wp-block-media-text__media\"><img loading=\"lazy\" decoding=\"async\" width=\"1024\" height=\"1022\" src=\"https:\/\/wpd.ugr.es\/~suspicio\/wp-content\/uploads\/2025\/03\/Captura-de-pantalla-2025-03-19-a-las-0.30.53-1024x1022.png\" alt=\"\" class=\"wp-image-437 size-full\" srcset=\"https:\/\/wpd.ugr.es\/~suspicio\/wp-content\/uploads\/2025\/03\/Captura-de-pantalla-2025-03-19-a-las-0.30.53-1024x1022.png 1024w, https:\/\/wpd.ugr.es\/~suspicio\/wp-content\/uploads\/2025\/03\/Captura-de-pantalla-2025-03-19-a-las-0.30.53-300x300.png 300w, https:\/\/wpd.ugr.es\/~suspicio\/wp-content\/uploads\/2025\/03\/Captura-de-pantalla-2025-03-19-a-las-0.30.53-150x150.png 150w, https:\/\/wpd.ugr.es\/~suspicio\/wp-content\/uploads\/2025\/03\/Captura-de-pantalla-2025-03-19-a-las-0.30.53-768x767.png 768w, https:\/\/wpd.ugr.es\/~suspicio\/wp-content\/uploads\/2025\/03\/Captura-de-pantalla-2025-03-19-a-las-0.30.53.png 1292w\" sizes=\"auto, (max-width: 1024px) 100vw, 1024px\" \/><\/figure><\/div>\n\n\n\n<div style=\"height:36px\" aria-hidden=\"true\" class=\"wp-block-spacer\"><\/div>\n\n\n\n<div class=\"wp-block-columns is-layout-flex wp-container-core-columns-is-layout-28f84493 wp-block-columns-is-layout-flex\">\n<div class=\"wp-block-column is-layout-flow wp-block-column-is-layout-flow\" style=\"flex-basis:100%\">\n<div data-wp-interactive=\"core\/file\" class=\"wp-block-file\"><object data-wp-bind--hidden=\"!state.hasPdfPreview\" hidden class=\"wp-block-file__embed\" data=\"https:\/\/wpd.ugr.es\/~suspicio\/wp-content\/uploads\/2024\/12\/workshop_suspicio_ugr2025.pdf\" type=\"application\/pdf\" style=\"width:100%;height:200px\" aria-label=\"Incrustado de workshop_suspicio_ugr2025.\"><\/object><a id=\"wp-block-file--media-d333bd42-ebdc-4c02-875e-e5195ec17bcd\" href=\"https:\/\/wpd.ugr.es\/~suspicio\/wp-content\/uploads\/2024\/12\/workshop_suspicio_ugr2025.pdf\">workshop_suspicio_ugr2025<\/a><a href=\"https:\/\/wpd.ugr.es\/~suspicio\/wp-content\/uploads\/2024\/12\/workshop_suspicio_ugr2025.pdf\" class=\"wp-block-file__button wp-element-button\" download aria-describedby=\"wp-block-file--media-d333bd42-ebdc-4c02-875e-e5195ec17bcd\">Descarga<\/a><\/div>\n<\/div>\n<\/div>\n\n\n\n<div style=\"height:36px\" aria-hidden=\"true\" class=\"wp-block-spacer\"><\/div>\n\n\n\n<div class=\"wp-block-columns has-ast-global-color-5-background-color has-background is-layout-flex wp-container-core-columns-is-layout-28f84493 wp-block-columns-is-layout-flex\">\n<div class=\"wp-block-column is-layout-flow wp-block-column-is-layout-flow\">\n<h5 class=\"wp-block-heading has-ast-global-color-0-color has-text-color has-link-color wp-elements-266ee0c18b88115831d52e58a542adba\">POSTDOC CALL<\/h5>\n\n\n\n<p class=\"has-text-align-left\">10\/11\/24<br>Postdoctoral call for the ERC Consolidator Grant &#8211; SUSPICIO project \u00abCreating Suspects. Security Policies and Colonial Rule in the Spanish Empire\u00bb.<\/p>\n\n\n\n<p><\/p>\n\n\n\n<p><a href=\"https:\/\/wpd.ugr.es\/~suspicio\/wp-content\/uploads\/2024\/11\/PhD-Position-ERC-Project-SUSPICIO.pdf\">More detaels<\/a><\/p>\n\n\n\n<p><\/p>\n<\/div>\n\n\n\n<div class=\"wp-block-column is-layout-flow wp-block-column-is-layout-flow\">\n<h5 class=\"wp-block-heading has-ast-global-color-1-color has-text-color has-link-color wp-elements-1a49993bd49568f1d4abb2a819dcd830\">TALK BY MARTIN BIERSACK<\/h5>\n\n\n\n<p>Talk by Martin Biersack: \u00abLogik des Verdachts. Spaniens Kolonialherrschaft und die<br>revolution\u00e4re Bedrohung (ca. 1780-1820)\u00bb at the \u00abForschungskolloquium Au\u00dfereurop\u00e4ische<br>Geschichte\u00bb, Universit\u00e4t Mu\u0308nster, 26\/06\/2024.<\/p>\n<\/div>\n\n\n\n<div class=\"wp-block-column is-layout-flow wp-block-column-is-layout-flow\">\n<h5 class=\"wp-block-heading has-ast-global-color-0-color has-text-color has-link-color wp-elements-ba1e746fd8ac53044de05649a57fbc8b\">TALK BY MARTIN BIERSACK<\/h5>\n\n\n\n<p>Talk by Martin Biersack: \u00abThe impact of Security on the Colonial Migration Regime in the<br>Age of the Atlantic Revolutions\u00bb at the Workshop \u00abAlienness, Belonging, and Mobility Control in a<br>Global Perspectve, c. 1750-1900&#8243;, University of T\u00fcbingen, 26\/04\/2024.<br>((Link))<br> <a href=\"https:\/\/uni-tuebingen.de\/fakultaeten\/philosophische-fakultaet\/fachbereiche\/geschichtswissenschaft\/seminareinstitute\/neuere-geschichte\/forschung\/erc-exiles\/\" target=\"_blank\" rel=\"noreferrer noopener\">https:\/\/uni-tuebingen.de\/fakultaeten\/philosophische-fakultaet\/fachbereiche\/geschichtswissenschaft\/seminareinstitute\/neuere-geschichte\/forschung\/erc-exiles\/<\/a><\/p>\n<\/div>\n<\/div>\n\n\n\n<p><\/p>\n\n\n\n<div class=\"wp-block-uagb-separator uagb-block-682b7f88\"><div class=\"wp-block-uagb-separator__inner\" style=\"--my-background-image:\"><\/div><\/div>\n","protected":false},"excerpt":{"rendered":"<p>Workshop The Culture of Suspicion: Creating Suspects in the Age of Revolutions March 27 &#8211; 28, 2025Assembly Hall University Residence [&hellip;]<\/p>\n","protected":false},"author":1,"featured_media":0,"parent":0,"menu_order":0,"comment_status":"closed","ping_status":"closed","template":"","meta":{"_uag_custom_page_level_css":"","site-sidebar-layout":"default","site-content-layout":"","ast-site-content-layout":"narrow-width-container","site-content-style":"default","site-sidebar-style":"default","ast-global-header-display":"","ast-banner-title-visibility":"","ast-main-header-display":"","ast-hfb-above-header-display":"","ast-hfb-below-header-display":"","ast-hfb-mobile-header-display":"","site-post-title":"disabled","ast-breadcrumbs-content":"","ast-featured-img":"","footer-sml-layout":"","theme-transparent-header-meta":"","adv-header-id-meta":"","stick-header-meta":"","header-above-stick-meta":"","header-main-stick-meta":"","header-below-stick-meta":"","astra-migrate-meta-layouts":"default","ast-page-background-enabled":"default","ast-page-background-meta":{"desktop":{"background-color":"var(--ast-global-color-4)","background-image":"","background-repeat":"repeat","background-position":"center center","background-size":"auto","background-attachment":"scroll","background-type":"","background-media":"","overlay-type":"","overlay-color":"","overlay-opacity":"","overlay-gradient":""},"tablet":{"background-color":"","background-image":"","background-repeat":"repeat","background-position":"center center","background-size":"auto","background-attachment":"scroll","background-type":"","background-media":"","overlay-type":"","overlay-color":"","overlay-opacity":"","overlay-gradient":""},"mobile":{"background-color":"","background-image":"","background-repeat":"repeat","background-position":"center center","background-size":"auto","background-attachment":"scroll","background-type":"","background-media":"","overlay-type":"","overlay-color":"","overlay-opacity":"","overlay-gradient":""}},"ast-content-background-meta":{"desktop":{"background-color":"var(--ast-global-color-5)","background-image":"","background-repeat":"repeat","background-position":"center center","background-size":"auto","background-attachment":"scroll","background-type":"","background-media":"","overlay-type":"","overlay-color":"","overlay-opacity":"","overlay-gradient":""},"tablet":{"background-color":"var(--ast-global-color-5)","background-image":"","background-repeat":"repeat","background-position":"center center","background-size":"auto","background-attachment":"scroll","background-type":"","background-media":"","overlay-type":"","overlay-color":"","overlay-opacity":"","overlay-gradient":""},"mobile":{"background-color":"var(--ast-global-color-5)","background-image":"","background-repeat":"repeat","background-position":"center center","background-size":"auto","background-attachment":"scroll","background-type":"","background-media":"","overlay-type":"","overlay-color":"","overlay-opacity":"","overlay-gradient":""}},"footnotes":""},"class_list":["post-320","page","type-page","status-publish","hentry"],"uagb_featured_image_src":{"full":false,"thumbnail":false,"medium":false,"medium_large":false,"large":false,"1536x1536":false,"2048x2048":false},"uagb_author_info":{"display_name":"suspicio","author_link":"https:\/\/wpd.ugr.es\/~suspicio\/author\/suspicio\/"},"uagb_comment_info":0,"uagb_excerpt":"Workshop The Culture of Suspicion: Creating Suspects in the Age of Revolutions March 27 &#8211; 28, 2025Assembly Hall University Residence [&hellip;]","_links":{"self":[{"href":"https:\/\/wpd.ugr.es\/~suspicio\/wp-json\/wp\/v2\/pages\/320","targetHints":{"allow":["GET"]}}],"collection":[{"href":"https:\/\/wpd.ugr.es\/~suspicio\/wp-json\/wp\/v2\/pages"}],"about":[{"href":"https:\/\/wpd.ugr.es\/~suspicio\/wp-json\/wp\/v2\/types\/page"}],"author":[{"embeddable":true,"href":"https:\/\/wpd.ugr.es\/~suspicio\/wp-json\/wp\/v2\/users\/1"}],"replies":[{"embeddable":true,"href":"https:\/\/wpd.ugr.es\/~suspicio\/wp-json\/wp\/v2\/comments?post=320"}],"version-history":[{"count":45,"href":"https:\/\/wpd.ugr.es\/~suspicio\/wp-json\/wp\/v2\/pages\/320\/revisions"}],"predecessor-version":[{"id":621,"href":"https:\/\/wpd.ugr.es\/~suspicio\/wp-json\/wp\/v2\/pages\/320\/revisions\/621"}],"wp:attachment":[{"href":"https:\/\/wpd.ugr.es\/~suspicio\/wp-json\/wp\/v2\/media?parent=320"}],"curies":[{"name":"wp","href":"https:\/\/api.w.org\/{rel}","templated":true}]}}