{"id":416,"date":"2025-02-01T11:50:40","date_gmt":"2025-02-01T10:50:40","guid":{"rendered":"https:\/\/wpd.ugr.es\/~suspicio\/?page_id=416"},"modified":"2026-02-19T12:48:43","modified_gmt":"2026-02-19T11:48:43","slug":"second-postdoctoral-position-erc-project-suspicio-university-of-granada","status":"publish","type":"page","link":"https:\/\/wpd.ugr.es\/~suspicio\/second-postdoctoral-position-erc-project-suspicio-university-of-granada\/","title":{"rendered":"CONTRATO PREDOTORAL ERC-Project SUSPICIO (Universidad de Granada)"},"content":{"rendered":"\n<div class=\"wp-block-uagb-container uagb-block-685b6a83 alignfull uagb-is-root-container\">\n<h1 class=\"wp-block-heading has-text-align-center\"><mark style=\"background-color:rgba(0, 0, 0, 0)\" class=\"has-inline-color has-ast-global-color-5-color\">CONTRATO PREDOCTORAL<\/mark><\/h1>\n\n\n\n<h2 class=\"wp-block-heading has-text-align-center\"><mark style=\"background-color:rgba(0, 0, 0, 0)\" class=\"has-inline-color has-ast-global-color-5-color\">ERC-Project SUSPICIO<\/mark><\/h2>\n\n\n\n<h3 class=\"wp-block-heading has-text-align-center\"><mark style=\"background-color:rgba(0, 0, 0, 0)\" class=\"has-inline-color has-ast-global-color-5-color\">(Universidad de Granada)<\/mark><\/h3>\n<\/div>\n\n\n\n<div style=\"height:16px\" aria-hidden=\"true\" class=\"wp-block-spacer\"><\/div>\n\n\n\n<div class=\"wp-block-uagb-separator uagb-block-a7be4cb4\"><div class=\"wp-block-uagb-separator__inner\" style=\"--my-background-image:\"><\/div><\/div>\n\n\n\n<div style=\"height:52px\" aria-hidden=\"true\" class=\"wp-block-spacer\"><\/div>\n\n\n\n<div class=\"wp-block-uagb-container uagb-block-4332d01b alignfull uagb-is-root-container\"><div class=\"uagb-container-inner-blocks-wrap\">\n<p><strong>El proyecto de investigaci\u00f3n SUSPICIO \u00abCreating Suspects. Security Politics and Colonial Rule in the Spanish Empire\u00bb, financiado por el Consejo Europeo de Investigaci\u00f3n (European Research Council), invita a presentar solicitudes para un puesto de investigador predoctoral desde el 13 de febrero hasta el 27 de febrero de 2026, en la Universidad de Granada. El puesto se ofrece por un per\u00edodo de tres a\u00f1os, con posibilidad de renovaci\u00f3n por un a\u00f1o adicional.<\/strong><\/p>\n\n\n\n<p>Cantidad bruta mensual a retribuir: 2000 Euros (incluida la parte proporcional de pagas extraordinarias)<\/p>\n\n\n\n<p><strong>El proyecto SUSPICIO<\/strong><\/p>\n\n\n\n<p class=\"has-text-align-left\">SUSPICIO parte de la hip\u00f3tesis de que la seguridad se convirti\u00f3 en un concepto clave de la gobernanza a finales del Imperio espa\u00f1ol (aprox. 1766-1820). La percepci\u00f3n de amenaza y la desconfianza del Gobierno espa\u00f1ol hacia su propia poblaci\u00f3n en Am\u00e9rica dieron lugar a amplias regulaciones y medidas de seguridad con el fin de identificar y juzgar a aquellas personas que se consideraban una amenaza para el orden, es decir, que eran clasificadas como \u00absospechosas\u00bb. El proyecto analiza en qu\u00e9 medida el trato dado a los \u00absospechosos\u00bb provoc\u00f3 un cambio fundamental en el sistema jur\u00eddico colonial y, por tanto, en el dominio colonial. Cronol\u00f3gicamente, el proyecto abarca el periodo comprendido entre 1770 y 1820, aproximadamente, y se refiere a toda la Am\u00e9rica espa\u00f1ola. El proyecto se desarrolla en el Departamento de Historia Moderna e Historia de Am\u00e9rica de la Universidad de Granada, en Espa\u00f1a.<\/p>\n\n\n\n<p><strong>Tareas y actividades:<\/strong><\/p>\n\n\n\n<p>En el marco de la l\u00ednea de investigaci\u00f3n al que se incorpora la persona contratada realizar\u00e1 las siguientes tareas:<\/p>\n\n\n\n<ul class=\"wp-block-list\">\n<li>Investigaci\u00f3n en archivos americanos y espa\u00f1oles.<\/li>\n\n\n\n<li>Llevar a cabo una propia agenda de investigaci\u00f3n.<\/li>\n\n\n\n<li>Tema: esclavizados y sospecha en Venezuela y el Caribe, c.a. 1770\u20101820.<\/li>\n\n\n\n<li>Colaborar con otros miembros del proyecto en relaci\u00f3n con los objetivos generales del proyecto.<\/li>\n\n\n\n<li>Publicar los resultados de la investigaci\u00f3n: libros, art\u00edculos y conferencias internacionales.<\/li>\n\n\n\n<li>Obligatoria es la disponibilidad de fijar la residencia en Granada.<\/li>\n<\/ul>\n\n\n\n<div style=\"height:36px\" aria-hidden=\"true\" class=\"wp-block-spacer\"><\/div>\n\n\n\n<p><strong>Requisitos:<\/strong><\/p>\n\n\n\n<ul class=\"wp-block-list\">\n<li>Grado en historia con una nota media de por lo menos 7,5\/10.<\/li>\n\n\n\n<li>Master (o equivalente) en historia con una nota media de por lo menos 8\/10.<\/li>\n\n\n\n<li>Demostrar muy alto nivel tanto del espa\u00f1ol como del ingl\u00e9s .<\/li>\n\n\n\n<li>Formaci\u00f3n en \u00abdigital history\u00bb.<\/li>\n<\/ul>\n\n\n\n<div style=\"height:36px\" aria-hidden=\"true\" class=\"wp-block-spacer\"><\/div>\n\n\n\n<p>Experiencia profesional: <\/p>\n\n\n\n<ul class=\"wp-block-list\">\n<li>Experiencia con el tema de la historia colonial hispanoamericana o con el tema de la esclavitud o con el tema de la seguridad.<\/li>\n\n\n\n<li>Experiencia en el extranjero.<\/li>\n\n\n\n<li>Experiencia con bases de datos.<\/li>\n<\/ul>\n\n\n\n<div style=\"height:36px\" aria-hidden=\"true\" class=\"wp-block-spacer\"><\/div>\n\n\n\n<p>Otros criterios:<\/p>\n\n\n\n<ul class=\"wp-block-list\">\n<li>Carta de motivaci\u00f3n que explica tambi\u00e9n el t\u00edtulo y contenido del trabajo de grado\/master (tesina)<\/li>\n\n\n\n<li>Breve resumen de un proyecto de investigaci\u00f3n que se quiere llevar a cabo (1\u20133 p\u00e1ginas)<\/li>\n<\/ul>\n\n\n\n<div style=\"height:36px\" aria-hidden=\"true\" class=\"wp-block-spacer\"><\/div>\n\n\n\n<p><strong>Ayudas y prestaciones:<\/strong><\/p>\n\n\n\n<p>Participar\u00e1s en la creaci\u00f3n de un grupo de investigaci\u00f3n internacional en el Departamento de Historia Moderna e Historia de Am\u00e9rica de la Universidad de Granada y contribuir\u00e1s activamente a dar forma a las actividades de investigaci\u00f3n de SUSPICIO. Tambi\u00e9n tendr\u00e1s la oportunidad de desarrollar tu propia agenda de investigaci\u00f3n dentro del proyecto y de realizar investigaciones de archivo en Espa\u00f1a y Am\u00e9rica Latina. El entorno de investigaci\u00f3n de la Universidad de Granada, la organizaci\u00f3n de talleres y la participaci\u00f3n en conferencias te permitir\u00e1n conectar tu investigaci\u00f3n a nivel internacional. Hay fondos disponibles para viajes a archivos y participaci\u00f3n en conferencias. El puesto no conlleva ninguna obligaci\u00f3n docente.<\/p>\n\n\n\n<p>Las solicitudes deben enviarse entre el 13 y el 27 de febrero de 2026 a trav\u00e9s del portal de solicitantes de la Universidad de Granada:<\/p>\n\n\n\n<div class=\"wp-block-buttons is-layout-flex wp-block-buttons-is-layout-flex\">\n<div class=\"wp-block-button\"><a class=\"wp-block-button__link wp-element-button\" href=\"https:\/\/investigacion.ugr.es\/recursos-humanos\/personal\/contratos\">PORTAL DE SOLICITUDES<\/a><\/div>\n<\/div>\n<\/div><\/div>\n\n\n\n<div style=\"height:48px\" aria-hidden=\"true\" class=\"wp-block-spacer\"><\/div>\n\n\n\n<div class=\"wp-block-uagb-separator uagb-block-c565b9ee\"><div class=\"wp-block-uagb-separator__inner\" style=\"--my-background-image:\"><\/div><\/div>\n\n\n\n<div class=\"wp-block-uagb-container uagb-block-7032b494 alignfull uagb-is-root-container\"><div class=\"uagb-container-inner-blocks-wrap\">\n<p><strong>Contacto<\/strong><\/p>\n\n\n\n<p>Martin Biersack<br>Departamento de Historia moderna y de Am\u00e9rica<br>Facultad de Filosof\u00eda y Letras, s\/n.<br>18071 Granada\/ Spain<br><a href=\"mailto:mbiersack@ugr.es\">mbiersack@ugr.es<\/a><\/p>\n<\/div><\/div>\n\n\n\n<p><\/p>\n","protected":false},"excerpt":{"rendered":"<p>CONTRATO PREDOCTORAL ERC-Project SUSPICIO (Universidad de Granada) El proyecto de investigaci\u00f3n SUSPICIO \u00abCreating Suspects. Security Politics and Colonial Rule in [&hellip;]<\/p>\n","protected":false},"author":1,"featured_media":0,"parent":0,"menu_order":0,"comment_status":"closed","ping_status":"closed","template":"","meta":{"_uag_custom_page_level_css":"","site-sidebar-layout":"default","site-content-layout":"","ast-site-content-layout":"","site-content-style":"default","site-sidebar-style":"default","ast-global-header-display":"","ast-banner-title-visibility":"","ast-main-header-display":"","ast-hfb-above-header-display":"","ast-hfb-below-header-display":"","ast-hfb-mobile-header-display":"","site-post-title":"disabled","ast-breadcrumbs-content":"","ast-featured-img":"","footer-sml-layout":"","theme-transparent-header-meta":"","adv-header-id-meta":"","stick-header-meta":"","header-above-stick-meta":"","header-main-stick-meta":"","header-below-stick-meta":"","astra-migrate-meta-layouts":"default","ast-page-background-enabled":"default","ast-page-background-meta":{"desktop":{"background-color":"var(--ast-global-color-4)","background-image":"","background-repeat":"repeat","background-position":"center center","background-size":"auto","background-attachment":"scroll","background-type":"","background-media":"","overlay-type":"","overlay-color":"","overlay-opacity":"","overlay-gradient":""},"tablet":{"background-color":"","background-image":"","background-repeat":"repeat","background-position":"center center","background-size":"auto","background-attachment":"scroll","background-type":"","background-media":"","overlay-type":"","overlay-color":"","overlay-opacity":"","overlay-gradient":""},"mobile":{"background-color":"","background-image":"","background-repeat":"repeat","background-position":"center center","background-size":"auto","background-attachment":"scroll","background-type":"","background-media":"","overlay-type":"","overlay-color":"","overlay-opacity":"","overlay-gradient":""}},"ast-content-background-meta":{"desktop":{"background-color":"var(--ast-global-color-5)","background-image":"","background-repeat":"repeat","background-position":"center center","background-size":"auto","background-attachment":"scroll","background-type":"","background-media":"","overlay-type":"","overlay-color":"","overlay-opacity":"","overlay-gradient":""},"tablet":{"background-color":"var(--ast-global-color-5)","background-image":"","background-repeat":"repeat","background-position":"center center","background-size":"auto","background-attachment":"scroll","background-type":"","background-media":"","overlay-type":"","overlay-color":"","overlay-opacity":"","overlay-gradient":""},"mobile":{"background-color":"var(--ast-global-color-5)","background-image":"","background-repeat":"repeat","background-position":"center center","background-size":"auto","background-attachment":"scroll","background-type":"","background-media":"","overlay-type":"","overlay-color":"","overlay-opacity":"","overlay-gradient":""}},"footnotes":""},"class_list":["post-416","page","type-page","status-publish","hentry"],"uagb_featured_image_src":{"full":false,"thumbnail":false,"medium":false,"medium_large":false,"large":false,"1536x1536":false,"2048x2048":false},"uagb_author_info":{"display_name":"suspicio","author_link":"https:\/\/wpd.ugr.es\/~suspicio\/author\/suspicio\/"},"uagb_comment_info":0,"uagb_excerpt":"CONTRATO PREDOCTORAL ERC-Project SUSPICIO (Universidad de Granada) El proyecto de investigaci\u00f3n SUSPICIO \u00abCreating Suspects. Security Politics and Colonial Rule in [&hellip;]","_links":{"self":[{"href":"https:\/\/wpd.ugr.es\/~suspicio\/wp-json\/wp\/v2\/pages\/416","targetHints":{"allow":["GET"]}}],"collection":[{"href":"https:\/\/wpd.ugr.es\/~suspicio\/wp-json\/wp\/v2\/pages"}],"about":[{"href":"https:\/\/wpd.ugr.es\/~suspicio\/wp-json\/wp\/v2\/types\/page"}],"author":[{"embeddable":true,"href":"https:\/\/wpd.ugr.es\/~suspicio\/wp-json\/wp\/v2\/users\/1"}],"replies":[{"embeddable":true,"href":"https:\/\/wpd.ugr.es\/~suspicio\/wp-json\/wp\/v2\/comments?post=416"}],"version-history":[{"count":16,"href":"https:\/\/wpd.ugr.es\/~suspicio\/wp-json\/wp\/v2\/pages\/416\/revisions"}],"predecessor-version":[{"id":606,"href":"https:\/\/wpd.ugr.es\/~suspicio\/wp-json\/wp\/v2\/pages\/416\/revisions\/606"}],"wp:attachment":[{"href":"https:\/\/wpd.ugr.es\/~suspicio\/wp-json\/wp\/v2\/media?parent=416"}],"curies":[{"name":"wp","href":"https:\/\/api.w.org\/{rel}","templated":true}]}}