{"id":636,"date":"2026-05-04T17:22:30","date_gmt":"2026-05-04T15:22:30","guid":{"rendered":"https:\/\/wpd.ugr.es\/~suspicio\/?page_id=636"},"modified":"2026-05-04T17:22:30","modified_gmt":"2026-05-04T15:22:30","slug":"projects","status":"publish","type":"page","link":"https:\/\/wpd.ugr.es\/~suspicio\/projects\/","title":{"rendered":"Projects"},"content":{"rendered":"\n<div class=\"wp-block-uagb-container uagb-block-c12ccc9b alignfull uagb-is-root-container\">\n<h1 class=\"wp-block-heading has-text-align-center\"><mark style=\"background-color:rgba(0, 0, 0, 0)\" class=\"has-inline-color has-ast-global-color-5-color\">PROJECTS<\/mark><\/h1>\n<\/div>\n\n\n\n<div class=\"wp-block-uagb-container uagb-block-e40412f9 alignfull uagb-is-root-container\"><div class=\"uagb-container-inner-blocks-wrap\">\n<div style=\"height:32px\" aria-hidden=\"true\" class=\"wp-block-spacer\"><\/div>\n\n\n\n<div class=\"wp-block-group is-layout-constrained wp-block-group-is-layout-constrained\">\n<h2 class=\"wp-block-heading\"><strong>Security Tribunals in the Spanish Monarchy (ca. 1808\u20131813)<\/strong><\/h2>\n\n\n\n<p class=\"has-black-color has-text-color has-link-color wp-elements-ca3d7de3eaed0b1c98b31b15953d2ed0\">Martin Biersack<\/p>\n\n\n\n<div class=\"wp-block-group is-layout-constrained wp-block-group-is-layout-constrained\">\n<p class=\"has-black-color has-text-color has-link-color wp-elements-f3e603b9fbb219af3e3724fd938995ee\">One of the central problems posed by conspiracy theories is that, although there may be indicators suggesting the existence of an alleged conspiracy, such indicators rarely amount to admissible evidence. This absence of proof creates a significant legal challenge, particularly in contexts where fears of political overthrow lead authorities to identify large numbers of suspects against whom no legally sufficient evidence exists to sustain convictions.<\/p>\n\n\n\n<p class=\"has-text-align-left has-black-color has-text-color has-link-color wp-elements-2c6da8ff508784570366ce5975aaf196\">In response to this epistemological dilemma during the Age of Revolutions, the Spanish monarchy established a series of Security Tribunals (Tribunales, Juzgados, or Juntas de Vigilancia\/Seguridad). These bodies were charged with adjudicating cases of political crime throughout the Spanish monarchy and constitute an institutional phenomenon that has, to date, received limited scholarly attention. Initially created in Spain in 1808, the Security Tribunals were designed to prosecute individuals suspected of collaborating with Joseph Bonaparte, who were labeled as \u201ctraitors.\u201d In Spanish America, their jurisdiction initially focused on foreigners\u2014particularly the French\u2014but they were subsequently repurposed as instruments for the persecution of so-called infidentes (infidels) and sediciosos (seditionists) suspected of supporting independence from Spain.<\/p>\n\n\n\n<p class=\"has-black-color has-text-color has-link-color wp-elements-1a0ea570d09c6849f47e97752953df2f\">This study aims to examine how these courts operated when confronted with suspicions of political crime in the absence of sufficient evidence to initiate formal proceedings before the Audiencia, the royal high court. When compelling proof of a conspiracy against the prevailing social and political order was lacking, substantial procedural adaptations were deemed necessary. According to my hypothesis, these adaptations brought the practices of the Security Tribunals closer to those of inquisitorial justice. Whether the Inquisition itself served as a direct institutional model, or merely as a source of inspiration, for the Security Tribunals remains an open question. Nevertheless, the struggle against revolutionary movements appears to have entailed the transposition of inquisitorial practices originally developed for the prosecution of heresy into secular courts tasked with the repression of political crime.<\/p>\n<\/div>\n<\/div>\n<\/div><\/div>\n\n\n\n<div class=\"wp-block-columns has-ast-global-color-3-background-color has-background is-layout-flex wp-container-core-columns-is-layout-28f84493 wp-block-columns-is-layout-flex\">\n<div class=\"wp-block-column is-layout-flow wp-block-column-is-layout-flow\" style=\"flex-basis:100%\">\n<div class=\"wp-block-uagb-container uagb-block-a5ddd97f alignfull uagb-is-root-container\"><div class=\"uagb-container-inner-blocks-wrap\">\n<div class=\"wp-block-group is-layout-constrained wp-block-group-is-layout-constrained\">\n<h2 class=\"wp-block-heading has-ast-global-color-5-color has-text-color has-link-color wp-elements-cea9a59db6f5480336aac147c510a43b\"><strong>The Purification Courts in New Granada: institutionalizing suspicion in the early 19th century<\/strong><\/h2>\n\n\n\n<p class=\"has-ast-global-color-5-color has-text-color has-link-color wp-elements-52cae0cbb60cdd2a0bc430b6ef5ee1d3\">Beatriz Garc\u00eda-Torres Robles<\/p>\n\n\n\n<div class=\"wp-block-group is-layout-constrained wp-block-group-is-layout-constrained\">\n<p class=\"has-ast-global-color-5-color has-text-color has-link-color wp-elements-6d0aa52e50260546a671a8ecf85c96aa\">In the context of the Atlantic Revolutions, the arrival of General Pablo Morillo in New Granada in 1815 marked a decisive turning point regarding the management of political loyalty. As occurred with the <em>afrancesados<\/em> in the Iberian Peninsula, the restored monarchy sought to establish mechanisms to distinguish loyal subjects from insurgents who had renounced the Spanish government. It was within this broader framework of monarchical restoration and regime change that the <em>Tribunales de Purificaci\u00f3n<\/em> (Purification Tribunals) of New Granada were created in 1816.<\/p>\n\n\n\n<p class=\"has-ast-global-color-5-color has-text-color has-link-color wp-elements-956a742204923c71321147c6ee9a8ce0\">This institution functioned not merely as a judicial body but also as an instrument of social control at a moment when suspicion of disloyalty to the Crown had become a central political concern. While the Sequestration Board addressed the material dimension of repression and the War Council imposed harsher punitive measures, the Tribunals of Purification were tasked with managing and certifying civic loyalty. Their rulings ranged from rehabilitation\u2014through the issuance of certificates of purification, and thus of loyalty\u2014to penalties including fines, forced labor, and compulsory military service.<\/p>\n\n\n\n<p class=\"has-ast-global-color-5-color has-text-color has-link-color wp-elements-874144e4716c72239df411d245282dd1\">Under this system, what may be described as an institutionalization of suspicion took shape: civilians were effectively presumed disloyal until proven otherwise. The certificate of purification consequently evolved from a procedural formality into an essential prerequisite for activities as varied as claiming a widow\u2019s pension or practicing law. This study seeks to reconstruct the functioning of the Tribunal and to assess the profound impact of its actions on Neogranadine society. It positions the institution as a pivotal mechanism of political regulation whose legacy resonates beyond its immediate historical context, revealing parallels with later processes of political vetting, such as the Francoist purification tribunals in Spain, the Spruchkammern in postwar Germany, and anti-communist investigations associated with Joseph McCarthy in the United States.<\/p>\n<\/div>\n<\/div>\n<\/div><\/div>\n<\/div>\n<\/div>\n\n\n\n<div class=\"wp-block-uagb-container uagb-block-e13f91ef alignfull uagb-is-root-container\"><div class=\"uagb-container-inner-blocks-wrap\">\n<div style=\"height:32px\" aria-hidden=\"true\" class=\"wp-block-spacer\"><\/div>\n\n\n\n<div class=\"wp-block-group is-layout-constrained wp-block-group-is-layout-constrained\">\n<h2 class=\"wp-block-heading\"><strong><strong>Caribbean suspicion: Conspiracies and Freemasonry in the Captaincy General of Cuba During the Age of Revolutions<\/strong><\/strong><\/h2>\n\n\n\n<p class=\"has-black-color has-text-color has-link-color wp-elements-2fd189d9fd8d6972b89b926e4e229fa2\">Iv\u00e1n Antonio Haro Palma<\/p>\n\n\n\n<div class=\"wp-block-group is-layout-constrained wp-block-group-is-layout-constrained\">\n<p class=\"has-black-color has-text-color has-link-color wp-elements-acb44c11e7c08dcaae67bc2f102fb9ee\">During a turbulent period for Spanish imperial sovereignty in the Americas, marked by the onset of the Atlantic Revolutions,  significant anxieties were generated within the institutions responsible for maintaining colonial order. Such fears, combined with the chaotic situation in the Spanish metropolis\u2014then immersed in foreign invasion\u2014forced the colony into a permanent state of suspicion in order to preserve the privileges it had gained over the previous fifty years in comparison with other colonies.<\/p>\n\n\n\n<p class=\"has-text-align-left has-black-color has-text-color has-link-color wp-elements-56e2e60efac6764a3a8ebc47e095815a\">This study focuses in examine how mechanisms of suspicion were implemented within the jurisdiction of the \u201cCapitan\u00eda General de Cuba\u201d and Puerto Rico\u2019s. Additionally, the study highlights the evolution of these tools of control, the premises behind their implementation, and the specific courts used for prosecution. Once detected, these movements were systematically punished and suppressed. However, repression was not uniform; rather, it varied significantly depending on factors such as the number of conspirators involved, their social status and positions, the ways in which conspiracies were organized and carried out, and the material, human, and legal resources available to each colonial government at a given time.<\/p>\n\n\n\n<p class=\"has-black-color has-text-color has-link-color wp-elements-4402478f93cfdc6f6b2cf9d7aba42a46\">It spans from the emergence of one of the island\u2019s primary anxieties\u2014the fear of a slave uprising following the Haitian Revolution\u2014to the end of the <strong>\u201c<\/strong>Trienio Liberal<strong>\u201d<\/strong> and the second restoration of absolutism, evolving the colonial authorities\u2019 approach over time. Ultimately, a lack of consistency and effectiveness led to the establishment of a permanent military court on the island to address these threats more directly.<\/p>\n<\/div>\n<\/div>\n<\/div><\/div>\n\n\n\n<div class=\"wp-block-columns has-ast-global-color-3-background-color has-background is-layout-flex wp-container-core-columns-is-layout-28f84493 wp-block-columns-is-layout-flex\">\n<div class=\"wp-block-column is-layout-flow wp-block-column-is-layout-flow\" style=\"flex-basis:100%\">\n<div class=\"wp-block-uagb-container uagb-block-17b3786a alignfull uagb-is-root-container\"><div class=\"uagb-container-inner-blocks-wrap\">\n<div class=\"wp-block-group is-layout-constrained wp-block-group-is-layout-constrained\">\n<h2 class=\"wp-block-heading has-ast-global-color-5-color has-text-color has-link-color wp-elements-cea9a59db6f5480336aac147c510a43b\"><strong>The Purification Courts in New Granada: institutionalizing suspicion in the early 19th century<\/strong><\/h2>\n\n\n\n<p class=\"has-ast-global-color-5-color has-text-color has-link-color wp-elements-1178cc614277e59e46c3df492836c364\">Richard Herzog<\/p>\n\n\n\n<div class=\"wp-block-group is-layout-constrained wp-block-group-is-layout-constrained\">\n<p class=\"has-ast-global-color-5-color has-text-color has-link-color wp-elements-15b9d05217ee5e09b16ed9a6b5e399e0\">The project examines the roles women assumed in the wars of independence in Spanish America, both in the period preceding open conflict and during the revolutionary struggles themselves. Women of diverse ethnic and social backgrounds participated actively in the rebellions against Spanish rule in the late eighteenth century as well as in the subsequent wars of independence. They acted as organizers, secured and distributed provisions, transmitted sensitive information, bore arms, and, in some cases, exercised formal and informal leadership. Their visibility and influence, particularly in moments of political crisis, drew the suspicion of colonial authorities. Spanish officials increasingly regarded politically engaged women\u2014especially those occupying positions of authority\u2014as potential agents of subversion and, at times, subjected them to surveillance, prosecution, or punishment.<\/p>\n\n\n\n<p class=\"has-ast-global-color-5-color has-text-color has-link-color wp-elements-8d2c2fb0eb86ce05c7b10df0bf463137\">The study adopts a regional focus on the Andes, with particular attention to colonial Peru. In the region surrounding the former Inca capital of Cuzco, numerous noble Indigenous women played central roles in organizing and mobilizing support for the major rebellion led by T\u00fapac Amaru II (1780\u20131783). Their prominence in this uprising was striking in comparative perspective and challenges conventional assumptions about gendered political participation in the late eighteenth-century Atlantic world. Many of these women faced severe reprisals for their involvement. Only a few years later, colonial authorities proceeded against the influential creole prioress of the Monastery of Santa Catalina in Cuzco, suspecting her of sympathies with insurgent networks. Such anxieties about conspiracy and dissent in and around Cuzco were not unfounded: they were followed by a creole-led plot in 1805 and, subsequently, by the extensive Pumacahua rebellion of 1814\u20131815.<\/p>\n\n\n\n<p class=\"has-ast-global-color-5-color has-text-color has-link-color wp-elements-6b71322d11ed33f2c4a3f4d6e57af639\">In the colonial capital of Lima, viceregal authorities likewise developed growing suspicions toward sectors of the creole elite in the late colonial period. The Bourbon reforms progressively curtailed the influence of Lima\u2019s merchant elite, provoking resentment and resistance among creole traders. At the same time, members of the clergy came under scrutiny, and religious colleges were restructured amid concerns that they fostered liberal and revolutionary ideas. During the occupation of Lima by General Jos\u00e9 de San Mart\u00edn, mechanisms of political vetting were institutionalized through the establishment of a Purification Junta (<em>Junta Eclesi\u00e1stica de Purificaci\u00f3n<\/em>), designed to evaluate clerical loyalty. Women participated in this process as informants and intermediaries. In 1822, San Mart\u00edn formally recognized a number of women for their contributions to the independence cause by awarding them a military distinction within the Order of the Sun.<\/p>\n\n\n\n<p class=\"has-ast-global-color-5-color has-text-color has-link-color wp-elements-b8ef3798e5d8e92ba209ba775089b2bd\">By situating the Peruvian case within a broader comparative framework, the project seeks to identify overarching patterns in the relationship between women\u2019s political engagement and regimes of suspicion during the age of Spanish American independence. Through this lens, it aims to contribute to a more nuanced understanding of gender, authority, and political legitimacy in colonial and revolutionary contexts.<\/p>\n<\/div>\n<\/div>\n<\/div><\/div>\n<\/div>\n<\/div>\n\n\n\n<div class=\"wp-block-uagb-container uagb-block-f519fd99 alignfull uagb-is-root-container\"><div class=\"uagb-container-inner-blocks-wrap\">\n<div style=\"height:32px\" aria-hidden=\"true\" class=\"wp-block-spacer\"><\/div>\n\n\n\n<div class=\"wp-block-group is-layout-constrained wp-block-group-is-layout-constrained\">\n<h2 class=\"wp-block-heading\"><strong>Suspicion in the Viceroyalty of New Spain, 1766\u20131820<\/strong><\/h2>\n\n\n\n<p class=\"has-black-color has-text-color has-link-color wp-elements-5329f00cd564f2e83d023b39f15a1cd0\">Vicente Pajuelo Moreno<\/p>\n\n\n\n<div class=\"wp-block-group is-layout-constrained wp-block-group-is-layout-constrained\">\n<p class=\"has-text-align-left has-black-color has-text-color has-link-color wp-elements-9fb384e00d8530660f65d0b6a07702ad\">The research to be conducted in the coming years will examine how suspicion was constructed and managed as an operative category of colonial governance in New Spain between 1766 and 1820. During this period\u2014marked by imperial crises, Bourbon reforms, and the impact of the Atlantic Revolutions\u2014the preemptive identification of individuals deemed potentially dangerous became increasingly embedded in the practices of the viceregal government, the Holy Office, and port and military authorities. Within this context, the New Spanish Inquisition assumed a pivotal role in monitoring foreigners, inspecting ships, regulating the circulation of books, and processing neighborhood denunciations, thereby establishing mechanisms of control that extended beyond the strictly religious sphere.<\/p>\n\n\n\n<p class=\"has-black-color has-text-color has-link-color wp-elements-d1ac9e600a195b575d3944b15519b045\">The project\u2019s overarching objective is to assess the impact of this security policy on the Viceroyalty of New Spain by analyzing how procedures of surveillance, control, and denunciation contributed to redefining the relationships among authority, territory, and population. It proceeds from the premise that suspicion was not merely a response to specific threats, but rather a governmental mechanism that shaped preventive forms of intervention, generated new social categories (such as \u201csuspect,\u201d \u201cforeigner,\u201d and \u201cunlicensed passenger\u201d), and reconfigured the balance of power between civil and ecclesiastical jurisdictions.<\/p>\n\n\n\n<p class=\"has-black-color has-text-color has-link-color wp-elements-6f55c742376e09af6822783753ea3b50\">The study is primarily based on direct research in primary sources preserved in the Inquisition section of the Archivo General de la Naci\u00f3n (Mexico) and in the Consejo de Inquisici\u00f3n holdings of the Archivo Hist\u00f3rico Nacional (Madrid). Methodologically, the project adopts an inductive approach, analyzing cases initiated by the New Spanish Inquisition between 1766 and 1820 against individuals considered potentially dangerous to the viceregal administration and the Spanish Crown. It also examines ship inspections conducted to identify suspicious individuals at ports of entry.<\/p>\n\n\n\n<p class=\"has-black-color has-text-color has-link-color wp-elements-56c724a38f7ebaaa0a76d92d2d09f5a0\">Drawing on specific cases\u2014including accusations of blasphemy, surveillance of French nationals and other foreigners, and the regulation of mobility and the circulation of printed materials\u2014the project engages broader questions concerning imperial governance. In particular, it explores the transformation of the concept of security in the late colonial imperial world; the development of documentary and port control systems; the interplay between rumor, denunciation, and formal legal procedure; and the gradual institutionalization of policing practices.<\/p>\n\n\n\n<p class=\"has-black-color has-text-color has-link-color wp-elements-5014c8fc2166b0c9f88ac2e75ab1fb3a\">A detailed analysis of denunciations, interrogations, judicial orders, correspondence, and inspection records will make it possible to examine both procedural practices and the legal and social languages that legitimized institutional intervention. More specifically, this approach will illuminate the mechanisms through which suspicion was generated, circulated, and formalized within the administrative sphere. In this way, the project brings together institutional, social, and political history to demonstrate how suspicion functioned as an instrument of government in a context of mounting imperial uncertainty.<\/p>\n<\/div>\n<\/div>\n<\/div><\/div>\n\n\n\n<p><\/p>\n","protected":false},"excerpt":{"rendered":"<p>PROJECTS Security Tribunals in the Spanish Monarchy (ca. 1808\u20131813) Martin Biersack One of the central problems posed by conspiracy theories [&hellip;]<\/p>\n","protected":false},"author":1,"featured_media":0,"parent":0,"menu_order":0,"comment_status":"closed","ping_status":"closed","template":"","meta":{"_uag_custom_page_level_css":"","site-sidebar-layout":"default","site-content-layout":"","ast-site-content-layout":"","site-content-style":"default","site-sidebar-style":"default","ast-global-header-display":"","ast-banner-title-visibility":"","ast-main-header-display":"","ast-hfb-above-header-display":"","ast-hfb-below-header-display":"","ast-hfb-mobile-header-display":"","site-post-title":"disabled","ast-breadcrumbs-content":"","ast-featured-img":"","footer-sml-layout":"","theme-transparent-header-meta":"","adv-header-id-meta":"","stick-header-meta":"","header-above-stick-meta":"","header-main-stick-meta":"","header-below-stick-meta":"","astra-migrate-meta-layouts":"default","ast-page-background-enabled":"default","ast-page-background-meta":{"desktop":{"background-color":"var(--ast-global-color-4)","background-image":"","background-repeat":"repeat","background-position":"center center","background-size":"auto","background-attachment":"scroll","background-type":"","background-media":"","overlay-type":"","overlay-color":"","overlay-opacity":"","overlay-gradient":""},"tablet":{"background-color":"","background-image":"","background-repeat":"repeat","background-position":"center center","background-size":"auto","background-attachment":"scroll","background-type":"","background-media":"","overlay-type":"","overlay-color":"","overlay-opacity":"","overlay-gradient":""},"mobile":{"background-color":"","background-image":"","background-repeat":"repeat","background-position":"center center","background-size":"auto","background-attachment":"scroll","background-type":"","background-media":"","overlay-type":"","overlay-color":"","overlay-opacity":"","overlay-gradient":""}},"ast-content-background-meta":{"desktop":{"background-color":"var(--ast-global-color-5)","background-image":"","background-repeat":"repeat","background-position":"center center","background-size":"auto","background-attachment":"scroll","background-type":"","background-media":"","overlay-type":"","overlay-color":"","overlay-opacity":"","overlay-gradient":""},"tablet":{"background-color":"var(--ast-global-color-5)","background-image":"","background-repeat":"repeat","background-position":"center center","background-size":"auto","background-attachment":"scroll","background-type":"","background-media":"","overlay-type":"","overlay-color":"","overlay-opacity":"","overlay-gradient":""},"mobile":{"background-color":"var(--ast-global-color-5)","background-image":"","background-repeat":"repeat","background-position":"center center","background-size":"auto","background-attachment":"scroll","background-type":"","background-media":"","overlay-type":"","overlay-color":"","overlay-opacity":"","overlay-gradient":""}},"footnotes":""},"class_list":["post-636","page","type-page","status-publish","hentry"],"uagb_featured_image_src":{"full":false,"thumbnail":false,"medium":false,"medium_large":false,"large":false,"1536x1536":false,"2048x2048":false},"uagb_author_info":{"display_name":"suspicio","author_link":"https:\/\/wpd.ugr.es\/~suspicio\/author\/suspicio\/"},"uagb_comment_info":0,"uagb_excerpt":"PROJECTS Security Tribunals in the Spanish Monarchy (ca. 1808\u20131813) Martin Biersack One of the central problems posed by conspiracy theories [&hellip;]","_links":{"self":[{"href":"https:\/\/wpd.ugr.es\/~suspicio\/wp-json\/wp\/v2\/pages\/636","targetHints":{"allow":["GET"]}}],"collection":[{"href":"https:\/\/wpd.ugr.es\/~suspicio\/wp-json\/wp\/v2\/pages"}],"about":[{"href":"https:\/\/wpd.ugr.es\/~suspicio\/wp-json\/wp\/v2\/types\/page"}],"author":[{"embeddable":true,"href":"https:\/\/wpd.ugr.es\/~suspicio\/wp-json\/wp\/v2\/users\/1"}],"replies":[{"embeddable":true,"href":"https:\/\/wpd.ugr.es\/~suspicio\/wp-json\/wp\/v2\/comments?post=636"}],"version-history":[{"count":3,"href":"https:\/\/wpd.ugr.es\/~suspicio\/wp-json\/wp\/v2\/pages\/636\/revisions"}],"predecessor-version":[{"id":645,"href":"https:\/\/wpd.ugr.es\/~suspicio\/wp-json\/wp\/v2\/pages\/636\/revisions\/645"}],"wp:attachment":[{"href":"https:\/\/wpd.ugr.es\/~suspicio\/wp-json\/wp\/v2\/media?parent=636"}],"curies":[{"name":"wp","href":"https:\/\/api.w.org\/{rel}","templated":true}]}}